{"id":10580,"date":"2025-12-05T22:08:14","date_gmt":"2025-12-05T22:08:14","guid":{"rendered":"https:\/\/senzorika.ajvonidol.si\/?post_type=product&#038;p=10580"},"modified":"2025-12-27T19:42:41","modified_gmt":"2025-12-27T19:42:41","slug":"4-zogice-z-zvoncki","status":"publish","type":"product","link":"https:\/\/senzorika-varga.si\/en\/product\/4-zogice-z-zvoncki\/","title":{"rendered":"4 \u017eogice z zvon\u010dki"},"content":{"rendered":"<p>\u017eoga z zvon\u010dkom 9,3 cm; \u017eoga z zvon\u010dkom 7,3 cm; perforirana \u017eoga 9,3 cm; perforirana \u017eoga 7,3 cm<\/p>","protected":false},"excerpt":{"rendered":"<p>\u017eoga z zvon\u010dkom 9,3 cm; \u017eoga z zvon\u010dkom 7,3 cm; perforirana \u017eoga 9,3 cm; perforirana \u017eoga 7,3 cm<\/p>","protected":false},"featured_media":12334,"menu_order":0,"comment_status":"open","ping_status":"closed","template":"","meta":[],"product_brand":[],"product_cat":[84],"product_tag":[],"class_list":{"0":"post-10580","1":"product","2":"type-product","3":"status-publish","4":"has-post-thumbnail","6":"product_cat-taktilno-razlikovanje","8":"first","9":"instock","10":"taxable","11":"shipping-taxable","12":"purchasable","13":"product-type-simple"},"jetpack_sharing_enabled":true,"_links":{"self":[{"href":"https:\/\/senzorika-varga.si\/en\/wp-json\/wp\/v2\/product\/10580","targetHints":{"allow":["GET"]}}],"collection":[{"href":"https:\/\/senzorika-varga.si\/en\/wp-json\/wp\/v2\/product"}],"about":[{"href":"https:\/\/senzorika-varga.si\/en\/wp-json\/wp\/v2\/types\/product"}],"replies":[{"embeddable":true,"href":"https:\/\/senzorika-varga.si\/en\/wp-json\/wp\/v2\/comments?post=10580"}],"version-history":[{"count":1,"href":"https:\/\/senzorika-varga.si\/en\/wp-json\/wp\/v2\/product\/10580\/revisions"}],"predecessor-version":[{"id":10581,"href":"https:\/\/senzorika-varga.si\/en\/wp-json\/wp\/v2\/product\/10580\/revisions\/10581"}],"wp:featuredmedia":[{"embeddable":true,"href":"https:\/\/senzorika-varga.si\/en\/wp-json\/wp\/v2\/media\/12334"}],"wp:attachment":[{"href":"https:\/\/senzorika-varga.si\/en\/wp-json\/wp\/v2\/media?parent=10580"}],"wp:term":[{"taxonomy":"product_brand","embeddable":true,"href":"https:\/\/senzorika-varga.si\/en\/wp-json\/wp\/v2\/product_brand?post=10580"},{"taxonomy":"product_cat","embeddable":true,"href":"https:\/\/senzorika-varga.si\/en\/wp-json\/wp\/v2\/product_cat?post=10580"},{"taxonomy":"product_tag","embeddable":true,"href":"https:\/\/senzorika-varga.si\/en\/wp-json\/wp\/v2\/product_tag?post=10580"}],"curies":[{"name":"wp","href":"https:\/\/api.w.org\/{rel}","templated":true}]}}