{"id":10546,"date":"2025-12-05T22:08:10","date_gmt":"2025-12-05T22:08:10","guid":{"rendered":"https:\/\/senzorika.ajvonidol.si\/?post_type=product&#038;p=10546"},"modified":"2025-12-27T19:42:37","modified_gmt":"2025-12-27T19:42:37","slug":"veliki-senzoricni-komplet","status":"publish","type":"product","link":"https:\/\/senzorika-varga.si\/en\/product\/veliki-senzoricni-komplet\/","title":{"rendered":"Veliki senzori\u010dni komplet"},"content":{"rendered":"<p>Komplet razli\u010dnih elementov zanimivih oblik in tekstur. Odli\u010dni za korekcijo stopal, masa\u017eo ali terapijo senzori\u010dne integracije. Pomagajo izbolj\u0161ati motori\u010dne sposobnosti in koordinacijo rok in o\u010di.<\/p>\n<p>19 elementov:<br \/>\n1 senzori\u010dna \u017eoga s piramidastimi konicami (\u0160 16 cm);<br \/>\n1 koni\u010dasta \u017eoga v obliki ragbija (\u0160 24 cm);<br \/>\n1 koni\u010dasta \u017eoga z perlicami (\u0160 10 cm);<br \/>\n1 senzori\u010dna kovinska \u017eoga (\u0160 17,5 cm);<br \/>\n1 koni\u010dast obro\u010d (\u0160 17 cm);<br \/>\n1 koni\u010dasta \u017eoga (\u0160 20 cm), nenapihnjena;<br \/>\n4 majhne \u017eoge (vklju\u010dno z 2 z zvon\u010dki), \u0160 9,3 in 7,3 cm;<br \/>\n6 senzori\u010dnih vre\u010dk razli\u010dnih oblik: trikotnik, pravokotnik, kocka, romb;<br \/>\n&#8211; polnilo: plasti\u010dne kroglice;<br \/>\ntemno modra vezena vre\u010dka z vrvico 21 x 25,5 cm;<br \/>\n2 \u017eonglerski \u017eogici (napolnjeni z gor\u010di\u010dnimi semeni, \u0160 5 cm);<br \/>\n1 senzori\u010dni labirint &#8211; pol\u017e z \u017eogicami, \u0160 24 cm;<br \/>\n1 senzori\u010dno gusarsko kolo \u0160 27 cm<br \/>\n2 tanka masa\u017ena valja (D 11 cm, V 3,5 cm)<br \/>\n1 masa\u017eni valj D 6 cm, D 15 cm<br \/>\n4 majhne senzori\u010dne poloble D 9 cm (zelena, rumena, modra, oran\u017ena);<br \/>\n4 masa\u017ene \u017eogice (2 rde\u010di \u017eogici D 8 in 10 cm + 2 rumeni \u017eogici D 8 in 10 cm);<br \/>\n1 masa\u017ena \u017eogica z bodicami D 8 cm, nenapihnjena;<br \/>\n1 kljukica z biseri D 18 cm;<br \/>\n1 mini medicinka D 18 cm;<br \/>\n1 vre\u010dka za shranjevanje D 37 cm, D 55 cm;<\/p>","protected":false},"excerpt":{"rendered":"<p>Komplet razli\u010dnih elementov zanimivih oblik in tekstur. Odli\u010dni za korekcijo stopal, masa\u017eo ali terapijo senzori\u010dne integracije. Pomagajo izbolj\u0161ati motori\u010dne sposobnosti in koordinacijo rok in o\u010di.<\/p>\n<p>19 elementov:<br \/>\n1 senzori\u010dna \u017eoga s piramidastimi konicami (\u0160 16 cm);<br \/>\n1 koni\u010dasta \u017eoga v obliki ragbija (\u0160 24 cm);<br \/>\n1 koni\u010dasta \u017eoga z perlicami (\u0160 10 cm);<br \/>\n1 senzori\u010dna kovinska \u017eoga (\u0160 17,5 cm);<br \/>\n1 koni\u010dast obro\u010d (\u0160 17 cm);<br \/>\n1 koni\u010dasta \u017eoga (\u0160 20 cm), nenapihnjena;<br \/>\n4 majhne \u017eoge (vklju\u010dno z 2 z zvon\u010dki), \u0160 9,3 in 7,3 cm;<br \/>\n6 senzori\u010dnih vre\u010dk razli\u010dnih oblik: trikotnik, pravokotnik, kocka, romb;<br \/>\n&#8211; polnilo: plasti\u010dne kroglice;<br \/>\ntemno modra vezena vre\u010dka z vrvico 21 x 25,5 cm;<br \/>\n2 \u017eonglerski \u017eogici (napolnjeni z gor\u010di\u010dnimi semeni, \u0160 5 cm);<br \/>\n1 senzori\u010dni labirint &#8211; pol\u017e z \u017eogicami, \u0160 24 cm;<br \/>\n1 senzori\u010dno gusarsko kolo \u0160 27 cm<br \/>\n2 tanka masa\u017ena valja (D 11 cm, V 3,5 cm)<br \/>\n1 masa\u017eni valj D 6 cm, D 15 cm<br \/>\n4 majhne senzori\u010dne poloble D 9 cm (zelena, rumena, modra, oran\u017ena);<br \/>\n4 masa\u017ene \u017eogice (2 rde\u010di \u017eogici D 8 in 10 cm + 2 rumeni \u017eogici D 8 in 10 cm);<br \/>\n1 masa\u017ena \u017eogica z bodicami D 8 cm, nenapihnjena;<br \/>\n1 kljukica z biseri D 18 cm;<br \/>\n1 mini medicinka D 18 cm;<br \/>\n1 vre\u010dka za shranjevanje D 37 cm, D 55 cm;<\/p>","protected":false},"featured_media":12315,"menu_order":0,"comment_status":"open","ping_status":"closed","template":"","meta":[],"product_brand":[],"product_cat":[84],"product_tag":[],"class_list":{"0":"post-10546","1":"product","2":"type-product","3":"status-publish","4":"has-post-thumbnail","6":"product_cat-taktilno-razlikovanje","8":"first","9":"instock","10":"taxable","11":"shipping-taxable","12":"purchasable","13":"product-type-simple"},"jetpack_sharing_enabled":true,"_links":{"self":[{"href":"https:\/\/senzorika-varga.si\/en\/wp-json\/wp\/v2\/product\/10546","targetHints":{"allow":["GET"]}}],"collection":[{"href":"https:\/\/senzorika-varga.si\/en\/wp-json\/wp\/v2\/product"}],"about":[{"href":"https:\/\/senzorika-varga.si\/en\/wp-json\/wp\/v2\/types\/product"}],"replies":[{"embeddable":true,"href":"https:\/\/senzorika-varga.si\/en\/wp-json\/wp\/v2\/comments?post=10546"}],"version-history":[{"count":1,"href":"https:\/\/senzorika-varga.si\/en\/wp-json\/wp\/v2\/product\/10546\/revisions"}],"predecessor-version":[{"id":10547,"href":"https:\/\/senzorika-varga.si\/en\/wp-json\/wp\/v2\/product\/10546\/revisions\/10547"}],"wp:featuredmedia":[{"embeddable":true,"href":"https:\/\/senzorika-varga.si\/en\/wp-json\/wp\/v2\/media\/12315"}],"wp:attachment":[{"href":"https:\/\/senzorika-varga.si\/en\/wp-json\/wp\/v2\/media?parent=10546"}],"wp:term":[{"taxonomy":"product_brand","embeddable":true,"href":"https:\/\/senzorika-varga.si\/en\/wp-json\/wp\/v2\/product_brand?post=10546"},{"taxonomy":"product_cat","embeddable":true,"href":"https:\/\/senzorika-varga.si\/en\/wp-json\/wp\/v2\/product_cat?post=10546"},{"taxonomy":"product_tag","embeddable":true,"href":"https:\/\/senzorika-varga.si\/en\/wp-json\/wp\/v2\/product_tag?post=10546"}],"curies":[{"name":"wp","href":"https:\/\/api.w.org\/{rel}","templated":true}]}}