{"id":10544,"date":"2025-12-05T22:08:10","date_gmt":"2025-12-05T22:08:10","guid":{"rendered":"https:\/\/senzorika.ajvonidol.si\/?post_type=product&#038;p=10544"},"modified":"2025-12-27T19:42:33","modified_gmt":"2025-12-27T19:42:33","slug":"komplet-senzoricnih-zogic","status":"publish","type":"product","link":"https:\/\/senzorika-varga.si\/en\/product\/komplet-senzoricnih-zogic\/","title":{"rendered":"Komplet senzori\u010dnih \u017eogic"},"content":{"rendered":"<p>Komplet 10 senzori\u010dnih kroglic: kroglica iz kroglic, penaste kroglice, robustne kroglice, kocke, cirku\u0161ka krogla, pajkove kroglice, vre\u010dka iz materiala<\/p>","protected":false},"excerpt":{"rendered":"<p>Komplet 10 senzori\u010dnih kroglic: kroglica iz kroglic, penaste kroglice, robustne kroglice, kocke, cirku\u0161ka krogla, pajkove kroglice, vre\u010dka iz materiala<\/p>","protected":false},"featured_media":12314,"menu_order":0,"comment_status":"open","ping_status":"closed","template":"","meta":[],"product_brand":[],"product_cat":[84],"product_tag":[],"class_list":{"0":"post-10544","1":"product","2":"type-product","3":"status-publish","4":"has-post-thumbnail","6":"product_cat-taktilno-razlikovanje","8":"first","9":"instock","10":"taxable","11":"shipping-taxable","12":"purchasable","13":"product-type-simple"},"jetpack_sharing_enabled":true,"_links":{"self":[{"href":"https:\/\/senzorika-varga.si\/en\/wp-json\/wp\/v2\/product\/10544","targetHints":{"allow":["GET"]}}],"collection":[{"href":"https:\/\/senzorika-varga.si\/en\/wp-json\/wp\/v2\/product"}],"about":[{"href":"https:\/\/senzorika-varga.si\/en\/wp-json\/wp\/v2\/types\/product"}],"replies":[{"embeddable":true,"href":"https:\/\/senzorika-varga.si\/en\/wp-json\/wp\/v2\/comments?post=10544"}],"version-history":[{"count":1,"href":"https:\/\/senzorika-varga.si\/en\/wp-json\/wp\/v2\/product\/10544\/revisions"}],"predecessor-version":[{"id":10545,"href":"https:\/\/senzorika-varga.si\/en\/wp-json\/wp\/v2\/product\/10544\/revisions\/10545"}],"wp:featuredmedia":[{"embeddable":true,"href":"https:\/\/senzorika-varga.si\/en\/wp-json\/wp\/v2\/media\/12314"}],"wp:attachment":[{"href":"https:\/\/senzorika-varga.si\/en\/wp-json\/wp\/v2\/media?parent=10544"}],"wp:term":[{"taxonomy":"product_brand","embeddable":true,"href":"https:\/\/senzorika-varga.si\/en\/wp-json\/wp\/v2\/product_brand?post=10544"},{"taxonomy":"product_cat","embeddable":true,"href":"https:\/\/senzorika-varga.si\/en\/wp-json\/wp\/v2\/product_cat?post=10544"},{"taxonomy":"product_tag","embeddable":true,"href":"https:\/\/senzorika-varga.si\/en\/wp-json\/wp\/v2\/product_tag?post=10544"}],"curies":[{"name":"wp","href":"https:\/\/api.w.org\/{rel}","templated":true}]}}