{"id":10542,"date":"2025-12-05T22:08:09","date_gmt":"2025-12-05T22:08:09","guid":{"rendered":"https:\/\/senzorika.ajvonidol.si\/?post_type=product&#038;p=10542"},"modified":"2025-12-27T19:42:33","modified_gmt":"2025-12-27T19:42:33","slug":"senzoricne-oblike-v-vreci","status":"publish","type":"product","link":"https:\/\/senzorika-varga.si\/en\/product\/senzoricne-oblike-v-vreci\/","title":{"rendered":"Senzori\u010dne oblike v vre\u010di"},"content":{"rendered":"<p>Komplet senzori\u010dnih pripomo\u010dkov razli\u010dnih oblik in tekstur, ki zagotavljajo razli\u010dne taktilne ob\u010dutke; 12 oblik v najlonski vre\u010dki; starost 3+<\/p>","protected":false},"excerpt":{"rendered":"<p>Komplet senzori\u010dnih pripomo\u010dkov razli\u010dnih oblik in tekstur, ki zagotavljajo razli\u010dne taktilne ob\u010dutke; 12 oblik v najlonski vre\u010dki; starost 3+<\/p>","protected":false},"featured_media":12313,"menu_order":0,"comment_status":"open","ping_status":"closed","template":"","meta":[],"product_brand":[],"product_cat":[84],"product_tag":[],"class_list":{"0":"post-10542","1":"product","2":"type-product","3":"status-publish","4":"has-post-thumbnail","6":"product_cat-taktilno-razlikovanje","8":"first","9":"instock","10":"taxable","11":"shipping-taxable","12":"purchasable","13":"product-type-simple"},"jetpack_sharing_enabled":true,"_links":{"self":[{"href":"https:\/\/senzorika-varga.si\/en\/wp-json\/wp\/v2\/product\/10542","targetHints":{"allow":["GET"]}}],"collection":[{"href":"https:\/\/senzorika-varga.si\/en\/wp-json\/wp\/v2\/product"}],"about":[{"href":"https:\/\/senzorika-varga.si\/en\/wp-json\/wp\/v2\/types\/product"}],"replies":[{"embeddable":true,"href":"https:\/\/senzorika-varga.si\/en\/wp-json\/wp\/v2\/comments?post=10542"}],"version-history":[{"count":1,"href":"https:\/\/senzorika-varga.si\/en\/wp-json\/wp\/v2\/product\/10542\/revisions"}],"predecessor-version":[{"id":10543,"href":"https:\/\/senzorika-varga.si\/en\/wp-json\/wp\/v2\/product\/10542\/revisions\/10543"}],"wp:featuredmedia":[{"embeddable":true,"href":"https:\/\/senzorika-varga.si\/en\/wp-json\/wp\/v2\/media\/12313"}],"wp:attachment":[{"href":"https:\/\/senzorika-varga.si\/en\/wp-json\/wp\/v2\/media?parent=10542"}],"wp:term":[{"taxonomy":"product_brand","embeddable":true,"href":"https:\/\/senzorika-varga.si\/en\/wp-json\/wp\/v2\/product_brand?post=10542"},{"taxonomy":"product_cat","embeddable":true,"href":"https:\/\/senzorika-varga.si\/en\/wp-json\/wp\/v2\/product_cat?post=10542"},{"taxonomy":"product_tag","embeddable":true,"href":"https:\/\/senzorika-varga.si\/en\/wp-json\/wp\/v2\/product_tag?post=10542"}],"curies":[{"name":"wp","href":"https:\/\/api.w.org\/{rel}","templated":true}]}}