{"id":10532,"date":"2025-12-05T22:08:09","date_gmt":"2025-12-05T22:08:09","guid":{"rendered":"https:\/\/senzorika.ajvonidol.si\/?post_type=product&#038;p=10532"},"modified":"2025-12-27T19:42:32","modified_gmt":"2025-12-27T19:42:32","slug":"blazina-z-varno-prevleko-za-igrisce-metro","status":"publish","type":"product","link":"https:\/\/senzorika-varga.si\/en\/product\/blazina-z-varno-prevleko-za-igrisce-metro\/","title":{"rendered":"Blazina z varno prevleko za igri\u0161\u010de Metro"},"content":{"rendered":"<p>Vzmetnica s prevleko za igri\u0161\u010de Metro je trpe\u017een za\u0161\u010ditni element, izdelan iz visoko elasti\u010dne poliuretanske pene. Prevleka iz PVC tkanine brez ftalatov, odporne proti obrabi, zagotavlja dolgotrajno uporabo, teksturirana nedrse\u010da podlaga pa zagotavlja stabilnost na povr\u0161ini igri\u0161\u010da. Ta vzmetnica je odli\u010dna na mestih, kjer je potrebna dodatna za\u0161\u010dita pred padci in izolacija pred hladnimi tlemi, kar pove\u010duje varnost med telesnimi aktivnostmi.<\/p>\n<p>Dimenzije: 115 x 115 x 2 cm<\/p>","protected":false},"excerpt":{"rendered":"<p>Vzmetnica s prevleko za igri\u0161\u010de Metro je trpe\u017een za\u0161\u010ditni element, izdelan iz visoko elasti\u010dne poliuretanske pene. Prevleka iz PVC tkanine brez ftalatov, odporne proti obrabi, zagotavlja dolgotrajno uporabo, teksturirana nedrse\u010da podlaga pa zagotavlja stabilnost na povr\u0161ini igri\u0161\u010da. Ta vzmetnica je odli\u010dna na mestih, kjer je potrebna dodatna za\u0161\u010dita pred padci in izolacija pred hladnimi tlemi, kar pove\u010duje varnost med telesnimi aktivnostmi.<\/p>\n<p>Dimenzije: 115 x 115 x 2 cm<\/p>","protected":false},"featured_media":12306,"menu_order":0,"comment_status":"open","ping_status":"closed","template":"","meta":[],"product_brand":[],"product_cat":[130],"product_tag":[],"class_list":{"0":"post-10532","1":"product","2":"type-product","3":"status-publish","4":"has-post-thumbnail","6":"product_cat-mehki-predmeti","8":"first","9":"instock","10":"taxable","11":"shipping-taxable","12":"purchasable","13":"product-type-simple"},"jetpack_sharing_enabled":true,"_links":{"self":[{"href":"https:\/\/senzorika-varga.si\/en\/wp-json\/wp\/v2\/product\/10532","targetHints":{"allow":["GET"]}}],"collection":[{"href":"https:\/\/senzorika-varga.si\/en\/wp-json\/wp\/v2\/product"}],"about":[{"href":"https:\/\/senzorika-varga.si\/en\/wp-json\/wp\/v2\/types\/product"}],"replies":[{"embeddable":true,"href":"https:\/\/senzorika-varga.si\/en\/wp-json\/wp\/v2\/comments?post=10532"}],"version-history":[{"count":1,"href":"https:\/\/senzorika-varga.si\/en\/wp-json\/wp\/v2\/product\/10532\/revisions"}],"predecessor-version":[{"id":10533,"href":"https:\/\/senzorika-varga.si\/en\/wp-json\/wp\/v2\/product\/10532\/revisions\/10533"}],"wp:featuredmedia":[{"embeddable":true,"href":"https:\/\/senzorika-varga.si\/en\/wp-json\/wp\/v2\/media\/12306"}],"wp:attachment":[{"href":"https:\/\/senzorika-varga.si\/en\/wp-json\/wp\/v2\/media?parent=10532"}],"wp:term":[{"taxonomy":"product_brand","embeddable":true,"href":"https:\/\/senzorika-varga.si\/en\/wp-json\/wp\/v2\/product_brand?post=10532"},{"taxonomy":"product_cat","embeddable":true,"href":"https:\/\/senzorika-varga.si\/en\/wp-json\/wp\/v2\/product_cat?post=10532"},{"taxonomy":"product_tag","embeddable":true,"href":"https:\/\/senzorika-varga.si\/en\/wp-json\/wp\/v2\/product_tag?post=10532"}],"curies":[{"name":"wp","href":"https:\/\/api.w.org\/{rel}","templated":true}]}}