{"id":10528,"date":"2025-12-05T22:08:08","date_gmt":"2025-12-05T22:08:08","guid":{"rendered":"https:\/\/senzorika.ajvonidol.si\/?post_type=product&#038;p=10528"},"modified":"2025-12-27T19:42:32","modified_gmt":"2025-12-27T19:42:32","slug":"pastelna-ograja-z-igralnimi-elementi","status":"publish","type":"product","link":"https:\/\/senzorika-varga.si\/en\/product\/pastelna-ograja-z-igralnimi-elementi\/","title":{"rendered":"Pastelna ograja z igralnimi elementi"},"content":{"rendered":"<p>Funkcionalna igralnica. Njena oblika se lahko prilagodi enemu otroku ali skupini otrok. Zasnova omogo\u010da zabavo med opazovanjem okolice v varnem okolju. Eden od dveh ve\u010djih delov ima obliko vrat z zunanjo klju\u010davnico, drugi pa je opremljen s \u0161estimi manipulativnimi elementi. Komplet vklju\u010duje konstrukcijske stabilizatorje, prekrite s plastjo nedrse\u010dega materiala, ki zagotavljajo stabilnost igralnice.<\/p>\n<p>\u2022 10 elementov: 2 kosa, dimenzije 74 x 65 cm (okrogla vrata, plo\u0161\u010da z manipulativnimi elementi); 8 kosov, dimenzije 43 x 65 cm, 10 konstrukcijskih stabilizatorjev; barva: be\u017e, siva, rumena; material: plastika.<\/p>","protected":false},"excerpt":{"rendered":"<p>Funkcionalna igralnica. Njena oblika se lahko prilagodi enemu otroku ali skupini otrok. Zasnova omogo\u010da zabavo med opazovanjem okolice v varnem okolju. Eden od dveh ve\u010djih delov ima obliko vrat z zunanjo klju\u010davnico, drugi pa je opremljen s \u0161estimi manipulativnimi elementi. Komplet vklju\u010duje konstrukcijske stabilizatorje, prekrite s plastjo nedrse\u010dega materiala, ki zagotavljajo stabilnost igralnice.<\/p>\n<p>\u2022 10 elementov: 2 kosa, dimenzije 74 x 65 cm (okrogla vrata, plo\u0161\u010da z manipulativnimi elementi); 8 kosov, dimenzije 43 x 65 cm, 10 konstrukcijskih stabilizatorjev; barva: be\u017e, siva, rumena; material: plastika.<\/p>","protected":false},"featured_media":12301,"menu_order":0,"comment_status":"open","ping_status":"closed","template":"","meta":[],"product_brand":[],"product_cat":[130],"product_tag":[],"class_list":{"0":"post-10528","1":"product","2":"type-product","3":"status-publish","4":"has-post-thumbnail","6":"product_cat-mehki-predmeti","8":"first","9":"instock","10":"taxable","11":"shipping-taxable","12":"purchasable","13":"product-type-simple"},"jetpack_sharing_enabled":true,"_links":{"self":[{"href":"https:\/\/senzorika-varga.si\/en\/wp-json\/wp\/v2\/product\/10528","targetHints":{"allow":["GET"]}}],"collection":[{"href":"https:\/\/senzorika-varga.si\/en\/wp-json\/wp\/v2\/product"}],"about":[{"href":"https:\/\/senzorika-varga.si\/en\/wp-json\/wp\/v2\/types\/product"}],"replies":[{"embeddable":true,"href":"https:\/\/senzorika-varga.si\/en\/wp-json\/wp\/v2\/comments?post=10528"}],"version-history":[{"count":1,"href":"https:\/\/senzorika-varga.si\/en\/wp-json\/wp\/v2\/product\/10528\/revisions"}],"predecessor-version":[{"id":10529,"href":"https:\/\/senzorika-varga.si\/en\/wp-json\/wp\/v2\/product\/10528\/revisions\/10529"}],"wp:featuredmedia":[{"embeddable":true,"href":"https:\/\/senzorika-varga.si\/en\/wp-json\/wp\/v2\/media\/12301"}],"wp:attachment":[{"href":"https:\/\/senzorika-varga.si\/en\/wp-json\/wp\/v2\/media?parent=10528"}],"wp:term":[{"taxonomy":"product_brand","embeddable":true,"href":"https:\/\/senzorika-varga.si\/en\/wp-json\/wp\/v2\/product_brand?post=10528"},{"taxonomy":"product_cat","embeddable":true,"href":"https:\/\/senzorika-varga.si\/en\/wp-json\/wp\/v2\/product_cat?post=10528"},{"taxonomy":"product_tag","embeddable":true,"href":"https:\/\/senzorika-varga.si\/en\/wp-json\/wp\/v2\/product_tag?post=10528"}],"curies":[{"name":"wp","href":"https:\/\/api.w.org\/{rel}","templated":true}]}}