{"id":10526,"date":"2025-12-05T22:08:08","date_gmt":"2025-12-05T22:08:08","guid":{"rendered":"https:\/\/senzorika.ajvonidol.si\/?post_type=product&#038;p=10526"},"modified":"2025-12-27T19:42:32","modified_gmt":"2025-12-27T19:42:32","slug":"penasti-koticek","status":"publish","type":"product","link":"https:\/\/senzorika-varga.si\/en\/product\/penasti-koticek\/","title":{"rendered":"Penasti koti\u010dek"},"content":{"rendered":"<p>Velik kvadratni modro-zelen kotni komplet iz pene je sestavljen iz osmih elementov, vklju\u010dno z dvema ravnima sede\u017eema in dvema kotnima sede\u017eema, ki spodbujajo razli\u010dne oblike igre in sprostitve. Njegova zasnova omogo\u010da prilagodljivo razporeditev prostora. Prekrit je s PVC tkanino brez ftalatov, odporno proti obrabi, in napolnjen z visoko elasti\u010dno poliuretansko peno, zato ponuja udobje in varnost med uporabo. Elementi so povezani z mo\u010dnim je\u017ekom, kar omogo\u010da stabilne konfiguracije. Poleg tega protizdrsno dno iz teksturirane PVC tkanine pove\u010duje varnost med uporabo.<\/p>\n<p>Skupne dimenzije: 200 x 200 cm;<\/p>\n<p>Vi\u0161ina sede\u017ea: 25 cm;<\/p>\n<p>Dimenzije vzmetnice: 100 x 100 cm.<\/p>","protected":false},"excerpt":{"rendered":"<p>Velik kvadratni modro-zelen kotni komplet iz pene je sestavljen iz osmih elementov, vklju\u010dno z dvema ravnima sede\u017eema in dvema kotnima sede\u017eema, ki spodbujajo razli\u010dne oblike igre in sprostitve. Njegova zasnova omogo\u010da prilagodljivo razporeditev prostora. Prekrit je s PVC tkanino brez ftalatov, odporno proti obrabi, in napolnjen z visoko elasti\u010dno poliuretansko peno, zato ponuja udobje in varnost med uporabo. Elementi so povezani z mo\u010dnim je\u017ekom, kar omogo\u010da stabilne konfiguracije. Poleg tega protizdrsno dno iz teksturirane PVC tkanine pove\u010duje varnost med uporabo.<\/p>\n<p>Skupne dimenzije: 200 x 200 cm;<\/p>\n<p>Vi\u0161ina sede\u017ea: 25 cm;<\/p>\n<p>Dimenzije vzmetnice: 100 x 100 cm.<\/p>","protected":false},"featured_media":12300,"menu_order":0,"comment_status":"open","ping_status":"closed","template":"","meta":[],"product_brand":[],"product_cat":[130],"product_tag":[],"class_list":{"0":"post-10526","1":"product","2":"type-product","3":"status-publish","4":"has-post-thumbnail","6":"product_cat-mehki-predmeti","8":"first","9":"instock","10":"taxable","11":"shipping-taxable","12":"purchasable","13":"product-type-simple"},"jetpack_sharing_enabled":true,"_links":{"self":[{"href":"https:\/\/senzorika-varga.si\/en\/wp-json\/wp\/v2\/product\/10526","targetHints":{"allow":["GET"]}}],"collection":[{"href":"https:\/\/senzorika-varga.si\/en\/wp-json\/wp\/v2\/product"}],"about":[{"href":"https:\/\/senzorika-varga.si\/en\/wp-json\/wp\/v2\/types\/product"}],"replies":[{"embeddable":true,"href":"https:\/\/senzorika-varga.si\/en\/wp-json\/wp\/v2\/comments?post=10526"}],"version-history":[{"count":1,"href":"https:\/\/senzorika-varga.si\/en\/wp-json\/wp\/v2\/product\/10526\/revisions"}],"predecessor-version":[{"id":10527,"href":"https:\/\/senzorika-varga.si\/en\/wp-json\/wp\/v2\/product\/10526\/revisions\/10527"}],"wp:featuredmedia":[{"embeddable":true,"href":"https:\/\/senzorika-varga.si\/en\/wp-json\/wp\/v2\/media\/12300"}],"wp:attachment":[{"href":"https:\/\/senzorika-varga.si\/en\/wp-json\/wp\/v2\/media?parent=10526"}],"wp:term":[{"taxonomy":"product_brand","embeddable":true,"href":"https:\/\/senzorika-varga.si\/en\/wp-json\/wp\/v2\/product_brand?post=10526"},{"taxonomy":"product_cat","embeddable":true,"href":"https:\/\/senzorika-varga.si\/en\/wp-json\/wp\/v2\/product_cat?post=10526"},{"taxonomy":"product_tag","embeddable":true,"href":"https:\/\/senzorika-varga.si\/en\/wp-json\/wp\/v2\/product_tag?post=10526"}],"curies":[{"name":"wp","href":"https:\/\/api.w.org\/{rel}","templated":true}]}}