{"id":10518,"date":"2025-12-05T22:08:07","date_gmt":"2025-12-05T22:08:07","guid":{"rendered":"https:\/\/senzorika.ajvonidol.si\/?post_type=product&#038;p=10518"},"modified":"2025-12-27T19:42:29","modified_gmt":"2025-12-27T19:42:29","slug":"most-oblak","status":"publish","type":"product","link":"https:\/\/senzorika-varga.si\/en\/product\/most-oblak\/","title":{"rendered":"Most Oblak"},"content":{"rendered":"<p>Obla\u010dni most je ovirna steza, katere prevleka je izdelana iz PVC tkanine brez ftalatov, kar zagotavlja vzdr\u017eljivost in odpornost proti obrabi, medtem ko protizdrsna teksturirana spodnja stran pove\u010duje varnost. Notranjost je napolnjena z visoko elasti\u010dno poliuretansko peno, ki zagotavlja udobje med igro.<\/p>\n<p>Ovirna steza podpira razvoj motori\u010dnih sposobnosti in koordinacije, kar otrokom omogo\u010da, da v varnem okolju izbolj\u0161ajo ravnote\u017eje in gib\u010dnost. Svetle barve spodbujajo aktivnost in igro.<\/p>\n<p>Dimenzije: 180 x 92 x 74 cm.<\/p>","protected":false},"excerpt":{"rendered":"<p>Obla\u010dni most je ovirna steza, katere prevleka je izdelana iz PVC tkanine brez ftalatov, kar zagotavlja vzdr\u017eljivost in odpornost proti obrabi, medtem ko protizdrsna teksturirana spodnja stran pove\u010duje varnost. Notranjost je napolnjena z visoko elasti\u010dno poliuretansko peno, ki zagotavlja udobje med igro.<\/p>\n<p>Ovirna steza podpira razvoj motori\u010dnih sposobnosti in koordinacije, kar otrokom omogo\u010da, da v varnem okolju izbolj\u0161ajo ravnote\u017eje in gib\u010dnost. Svetle barve spodbujajo aktivnost in igro.<\/p>\n<p>Dimenzije: 180 x 92 x 74 cm.<\/p>","protected":false},"featured_media":12294,"menu_order":0,"comment_status":"open","ping_status":"closed","template":"","meta":[],"product_brand":[],"product_cat":[130],"product_tag":[],"class_list":{"0":"post-10518","1":"product","2":"type-product","3":"status-publish","4":"has-post-thumbnail","6":"product_cat-mehki-predmeti","8":"first","9":"instock","10":"taxable","11":"shipping-taxable","12":"purchasable","13":"product-type-simple"},"jetpack_sharing_enabled":true,"_links":{"self":[{"href":"https:\/\/senzorika-varga.si\/en\/wp-json\/wp\/v2\/product\/10518","targetHints":{"allow":["GET"]}}],"collection":[{"href":"https:\/\/senzorika-varga.si\/en\/wp-json\/wp\/v2\/product"}],"about":[{"href":"https:\/\/senzorika-varga.si\/en\/wp-json\/wp\/v2\/types\/product"}],"replies":[{"embeddable":true,"href":"https:\/\/senzorika-varga.si\/en\/wp-json\/wp\/v2\/comments?post=10518"}],"version-history":[{"count":1,"href":"https:\/\/senzorika-varga.si\/en\/wp-json\/wp\/v2\/product\/10518\/revisions"}],"predecessor-version":[{"id":10519,"href":"https:\/\/senzorika-varga.si\/en\/wp-json\/wp\/v2\/product\/10518\/revisions\/10519"}],"wp:featuredmedia":[{"embeddable":true,"href":"https:\/\/senzorika-varga.si\/en\/wp-json\/wp\/v2\/media\/12294"}],"wp:attachment":[{"href":"https:\/\/senzorika-varga.si\/en\/wp-json\/wp\/v2\/media?parent=10518"}],"wp:term":[{"taxonomy":"product_brand","embeddable":true,"href":"https:\/\/senzorika-varga.si\/en\/wp-json\/wp\/v2\/product_brand?post=10518"},{"taxonomy":"product_cat","embeddable":true,"href":"https:\/\/senzorika-varga.si\/en\/wp-json\/wp\/v2\/product_cat?post=10518"},{"taxonomy":"product_tag","embeddable":true,"href":"https:\/\/senzorika-varga.si\/en\/wp-json\/wp\/v2\/product_tag?post=10518"}],"curies":[{"name":"wp","href":"https:\/\/api.w.org\/{rel}","templated":true}]}}