{"id":10514,"date":"2025-12-05T22:08:07","date_gmt":"2025-12-05T22:08:07","guid":{"rendered":"https:\/\/senzorika.ajvonidol.si\/?post_type=product&#038;p=10514"},"modified":"2025-12-27T19:42:28","modified_gmt":"2025-12-27T19:42:28","slug":"penasti-tobogan-avto","status":"publish","type":"product","link":"https:\/\/senzorika-varga.si\/en\/product\/penasti-tobogan-avto\/","title":{"rendered":"Penasti tobogan \u2013 avto"},"content":{"rendered":"<p>Zeleni grbavec je penasta ovirna steza s toboganom, ki se pona\u0161a z privla\u010dnimi aplikacijami in razli\u010dnimi mo\u017enostmi igre. Steza je prekrita s PVC tkanino brez ftalatov, odporno proti obrabi, in zasnovana za varnost in udobje med uporabo. Mo\u010dan je\u017eek omogo\u010da enostavno povezovanje posameznih elementov, nedrse\u010de dno iz teksturirane PVC tkanine pa zagotavlja stabilnost med igro. Polnilo iz visoko elasti\u010dne poliuretanske pene zagotavlja udobje in bla\u017eenje med drsenjem.<\/p>\n<p>Skupne dimenzije: 140 x 70 x 76 cm.<\/p>","protected":false},"excerpt":{"rendered":"<p>Zeleni grbavec je penasta ovirna steza s toboganom, ki se pona\u0161a z privla\u010dnimi aplikacijami in razli\u010dnimi mo\u017enostmi igre. Steza je prekrita s PVC tkanino brez ftalatov, odporno proti obrabi, in zasnovana za varnost in udobje med uporabo. Mo\u010dan je\u017eek omogo\u010da enostavno povezovanje posameznih elementov, nedrse\u010de dno iz teksturirane PVC tkanine pa zagotavlja stabilnost med igro. Polnilo iz visoko elasti\u010dne poliuretanske pene zagotavlja udobje in bla\u017eenje med drsenjem.<\/p>\n<p>Skupne dimenzije: 140 x 70 x 76 cm.<\/p>","protected":false},"featured_media":12288,"menu_order":0,"comment_status":"open","ping_status":"closed","template":"","meta":[],"product_brand":[],"product_cat":[130],"product_tag":[],"class_list":{"0":"post-10514","1":"product","2":"type-product","3":"status-publish","4":"has-post-thumbnail","6":"product_cat-mehki-predmeti","8":"first","9":"instock","10":"taxable","11":"shipping-taxable","12":"purchasable","13":"product-type-simple"},"jetpack_sharing_enabled":true,"_links":{"self":[{"href":"https:\/\/senzorika-varga.si\/en\/wp-json\/wp\/v2\/product\/10514","targetHints":{"allow":["GET"]}}],"collection":[{"href":"https:\/\/senzorika-varga.si\/en\/wp-json\/wp\/v2\/product"}],"about":[{"href":"https:\/\/senzorika-varga.si\/en\/wp-json\/wp\/v2\/types\/product"}],"replies":[{"embeddable":true,"href":"https:\/\/senzorika-varga.si\/en\/wp-json\/wp\/v2\/comments?post=10514"}],"version-history":[{"count":1,"href":"https:\/\/senzorika-varga.si\/en\/wp-json\/wp\/v2\/product\/10514\/revisions"}],"predecessor-version":[{"id":10515,"href":"https:\/\/senzorika-varga.si\/en\/wp-json\/wp\/v2\/product\/10514\/revisions\/10515"}],"wp:featuredmedia":[{"embeddable":true,"href":"https:\/\/senzorika-varga.si\/en\/wp-json\/wp\/v2\/media\/12288"}],"wp:attachment":[{"href":"https:\/\/senzorika-varga.si\/en\/wp-json\/wp\/v2\/media?parent=10514"}],"wp:term":[{"taxonomy":"product_brand","embeddable":true,"href":"https:\/\/senzorika-varga.si\/en\/wp-json\/wp\/v2\/product_brand?post=10514"},{"taxonomy":"product_cat","embeddable":true,"href":"https:\/\/senzorika-varga.si\/en\/wp-json\/wp\/v2\/product_cat?post=10514"},{"taxonomy":"product_tag","embeddable":true,"href":"https:\/\/senzorika-varga.si\/en\/wp-json\/wp\/v2\/product_tag?post=10514"}],"curies":[{"name":"wp","href":"https:\/\/api.w.org\/{rel}","templated":true}]}}