{"id":10510,"date":"2025-12-05T22:08:05","date_gmt":"2025-12-05T22:08:05","guid":{"rendered":"https:\/\/senzorika.ajvonidol.si\/?post_type=product&#038;p=10510"},"modified":"2025-12-27T19:42:28","modified_gmt":"2025-12-27T19:42:28","slug":"penasti-igralni-tunel-z-ogledali-in-zaveso","status":"publish","type":"product","link":"https:\/\/senzorika-varga.si\/en\/product\/penasti-igralni-tunel-z-ogledali-in-zaveso\/","title":{"rendered":"Penasti igralni tunel z ogledali in zaveso"},"content":{"rendered":"<p>Penasti tunel z ogledali in zaveso je komplet, ki zdru\u017euje razli\u010dne senzori\u010dne elemente, zasnovane za podporo motori\u010dnemu razvoju in senzori\u010dni integraciji. Prekrit je s PVC tkanino brez ftalatov, odporno proti odrgninam, in opremljen z nedrse\u010dim dnom iz teksturirane PVC tkanine, kar zagotavlja vzdr\u017eljivost in stabilnost med uporabo. Visoko pro\u017eno polnilo iz poliuretanske pene zagotavlja udobje in ustrezno oporo med igro in vajami.<\/p>\n<p>Komplet je sestavljen iz \u0161estih delov, vklju\u010dno s hi\u0161o z zaveso, modro hi\u0161o, dvema senzori\u010dnima vzmetnicama, klan\u010dino in stopnicami, kar omogo\u010da ustvarjanje razli\u010dnih kombinacij, prilagojenih potrebam uporabnikov. Vsak element je obogaten s senzori\u010dnimi teksturami, kot so rumeno krzno, nedrse\u010da PVC tkanina in aplikacije z je\u017eki, ki spodbujajo ob\u010dutek dotika in podpirajo razvoj fine motorike.<\/p>\n<p>Penasti tunel je idealen za vaje za sprostitev in uravnavanje mi\u0161i\u010dne napetosti, pa tudi za dejavnosti, ki izbolj\u0161ujejo koordinacijo in zavedanje telesa. Elemente je mogo\u010de konfigurirati na poljuben na\u010din, kar ponuja prilagodljivo prilagajanje terapevtskemu prostoru in privla\u010dno igro.<\/p>\n<p>Komplet vklju\u010duje: 1 x Hi\u0161a z zaveso (NS2238), 1 x Modra hi\u0161a (NS2239), 2 x Senzori\u010dna vzmetnica. (NS2240), 1 x klan\u010dina 1 x stopni\u0161\u010de&#8221;<\/p>","protected":false},"excerpt":{"rendered":"<p>Penasti tunel z ogledali in zaveso je komplet, ki zdru\u017euje razli\u010dne senzori\u010dne elemente, zasnovane za podporo motori\u010dnemu razvoju in senzori\u010dni integraciji. Prekrit je s PVC tkanino brez ftalatov, odporno proti odrgninam, in opremljen z nedrse\u010dim dnom iz teksturirane PVC tkanine, kar zagotavlja vzdr\u017eljivost in stabilnost med uporabo. Visoko pro\u017eno polnilo iz poliuretanske pene zagotavlja udobje in ustrezno oporo med igro in vajami.<\/p>\n<p>Komplet je sestavljen iz \u0161estih delov, vklju\u010dno s hi\u0161o z zaveso, modro hi\u0161o, dvema senzori\u010dnima vzmetnicama, klan\u010dino in stopnicami, kar omogo\u010da ustvarjanje razli\u010dnih kombinacij, prilagojenih potrebam uporabnikov. Vsak element je obogaten s senzori\u010dnimi teksturami, kot so rumeno krzno, nedrse\u010da PVC tkanina in aplikacije z je\u017eki, ki spodbujajo ob\u010dutek dotika in podpirajo razvoj fine motorike.<\/p>\n<p>Penasti tunel je idealen za vaje za sprostitev in uravnavanje mi\u0161i\u010dne napetosti, pa tudi za dejavnosti, ki izbolj\u0161ujejo koordinacijo in zavedanje telesa. Elemente je mogo\u010de konfigurirati na poljuben na\u010din, kar ponuja prilagodljivo prilagajanje terapevtskemu prostoru in privla\u010dno igro.<\/p>\n<p>Komplet vklju\u010duje: 1 x Hi\u0161a z zaveso (NS2238), 1 x Modra hi\u0161a (NS2239), 2 x Senzori\u010dna vzmetnica. (NS2240), 1 x klan\u010dina 1 x stopni\u0161\u010de&#8221;<\/p>","protected":false},"featured_media":12283,"menu_order":0,"comment_status":"open","ping_status":"closed","template":"","meta":[],"product_brand":[],"product_cat":[69,68],"product_tag":[],"class_list":{"0":"post-10510","1":"product","2":"type-product","3":"status-publish","4":"has-post-thumbnail","6":"product_cat-ogledala","7":"product_cat-vizualni-pripomocki","9":"first","10":"instock","11":"taxable","12":"shipping-taxable","13":"purchasable","14":"product-type-simple"},"jetpack_sharing_enabled":true,"_links":{"self":[{"href":"https:\/\/senzorika-varga.si\/en\/wp-json\/wp\/v2\/product\/10510","targetHints":{"allow":["GET"]}}],"collection":[{"href":"https:\/\/senzorika-varga.si\/en\/wp-json\/wp\/v2\/product"}],"about":[{"href":"https:\/\/senzorika-varga.si\/en\/wp-json\/wp\/v2\/types\/product"}],"replies":[{"embeddable":true,"href":"https:\/\/senzorika-varga.si\/en\/wp-json\/wp\/v2\/comments?post=10510"}],"version-history":[{"count":1,"href":"https:\/\/senzorika-varga.si\/en\/wp-json\/wp\/v2\/product\/10510\/revisions"}],"predecessor-version":[{"id":10511,"href":"https:\/\/senzorika-varga.si\/en\/wp-json\/wp\/v2\/product\/10510\/revisions\/10511"}],"wp:featuredmedia":[{"embeddable":true,"href":"https:\/\/senzorika-varga.si\/en\/wp-json\/wp\/v2\/media\/12283"}],"wp:attachment":[{"href":"https:\/\/senzorika-varga.si\/en\/wp-json\/wp\/v2\/media?parent=10510"}],"wp:term":[{"taxonomy":"product_brand","embeddable":true,"href":"https:\/\/senzorika-varga.si\/en\/wp-json\/wp\/v2\/product_brand?post=10510"},{"taxonomy":"product_cat","embeddable":true,"href":"https:\/\/senzorika-varga.si\/en\/wp-json\/wp\/v2\/product_cat?post=10510"},{"taxonomy":"product_tag","embeddable":true,"href":"https:\/\/senzorika-varga.si\/en\/wp-json\/wp\/v2\/product_tag?post=10510"}],"curies":[{"name":"wp","href":"https:\/\/api.w.org\/{rel}","templated":true}]}}