{"id":10508,"date":"2025-12-05T22:08:04","date_gmt":"2025-12-05T22:08:04","guid":{"rendered":"https:\/\/senzorika.ajvonidol.si\/?post_type=product&#038;p=10508"},"modified":"2025-12-27T19:42:28","modified_gmt":"2025-12-27T19:42:28","slug":"igralna-hisica-z-zaveso","status":"publish","type":"product","link":"https:\/\/senzorika-varga.si\/en\/product\/igralna-hisica-z-zaveso\/","title":{"rendered":"Igralna hi\u0161ica z zaveso"},"content":{"rendered":"<p>Igralnica z zaveso je privla\u010den igralni element, ki spodbuja otrokov razvoj. Izdelana je iz visokokakovostnih materialov, prevle\u010dena s PVC tkanino brez ftalatov, odporno proti obrabi, kar zagotavlja vzdr\u017eljivost in enostavno vzdr\u017eevanje. Prozorna PVC zavesa omogo\u010da opazovanje notranjosti, puhasta aplikacija pa ima senzori\u010dno funkcijo, spodbuja dotik in razvija taktilne sposobnosti. Protizdrsno dno iz teksturirane PVC tkanine pove\u010duje varnost, notranjost tunela pa je napolnjena z visoko elasti\u010dno poliuretansko peno, kar zagotavlja udobje in priro\u010dnost.<\/p>\n<p>Dimenzije: 92 x 60 x 74 cm.<\/p>","protected":false},"excerpt":{"rendered":"<p>Igralnica z zaveso je privla\u010den igralni element, ki spodbuja otrokov razvoj. Izdelana je iz visokokakovostnih materialov, prevle\u010dena s PVC tkanino brez ftalatov, odporno proti obrabi, kar zagotavlja vzdr\u017eljivost in enostavno vzdr\u017eevanje. Prozorna PVC zavesa omogo\u010da opazovanje notranjosti, puhasta aplikacija pa ima senzori\u010dno funkcijo, spodbuja dotik in razvija taktilne sposobnosti. Protizdrsno dno iz teksturirane PVC tkanine pove\u010duje varnost, notranjost tunela pa je napolnjena z visoko elasti\u010dno poliuretansko peno, kar zagotavlja udobje in priro\u010dnost.<\/p>\n<p>Dimenzije: 92 x 60 x 74 cm.<\/p>","protected":false},"featured_media":12281,"menu_order":0,"comment_status":"open","ping_status":"closed","template":"","meta":[],"product_brand":[],"product_cat":[69,68],"product_tag":[],"class_list":{"0":"post-10508","1":"product","2":"type-product","3":"status-publish","4":"has-post-thumbnail","6":"product_cat-ogledala","7":"product_cat-vizualni-pripomocki","9":"first","10":"instock","11":"taxable","12":"shipping-taxable","13":"purchasable","14":"product-type-simple"},"jetpack_sharing_enabled":true,"_links":{"self":[{"href":"https:\/\/senzorika-varga.si\/en\/wp-json\/wp\/v2\/product\/10508","targetHints":{"allow":["GET"]}}],"collection":[{"href":"https:\/\/senzorika-varga.si\/en\/wp-json\/wp\/v2\/product"}],"about":[{"href":"https:\/\/senzorika-varga.si\/en\/wp-json\/wp\/v2\/types\/product"}],"replies":[{"embeddable":true,"href":"https:\/\/senzorika-varga.si\/en\/wp-json\/wp\/v2\/comments?post=10508"}],"version-history":[{"count":1,"href":"https:\/\/senzorika-varga.si\/en\/wp-json\/wp\/v2\/product\/10508\/revisions"}],"predecessor-version":[{"id":10509,"href":"https:\/\/senzorika-varga.si\/en\/wp-json\/wp\/v2\/product\/10508\/revisions\/10509"}],"wp:featuredmedia":[{"embeddable":true,"href":"https:\/\/senzorika-varga.si\/en\/wp-json\/wp\/v2\/media\/12281"}],"wp:attachment":[{"href":"https:\/\/senzorika-varga.si\/en\/wp-json\/wp\/v2\/media?parent=10508"}],"wp:term":[{"taxonomy":"product_brand","embeddable":true,"href":"https:\/\/senzorika-varga.si\/en\/wp-json\/wp\/v2\/product_brand?post=10508"},{"taxonomy":"product_cat","embeddable":true,"href":"https:\/\/senzorika-varga.si\/en\/wp-json\/wp\/v2\/product_cat?post=10508"},{"taxonomy":"product_tag","embeddable":true,"href":"https:\/\/senzorika-varga.si\/en\/wp-json\/wp\/v2\/product_tag?post=10508"}],"curies":[{"name":"wp","href":"https:\/\/api.w.org\/{rel}","templated":true}]}}