{"id":10504,"date":"2025-12-05T22:08:04","date_gmt":"2025-12-05T22:08:04","guid":{"rendered":"https:\/\/senzorika.ajvonidol.si\/?post_type=product&#038;p=10504"},"modified":"2025-12-27T19:42:26","modified_gmt":"2025-12-27T19:42:26","slug":"zrcalni-trikotniki","status":"publish","type":"product","link":"https:\/\/senzorika-varga.si\/en\/product\/zrcalni-trikotniki\/","title":{"rendered":"Zrcalni trikotniki"},"content":{"rendered":"<p>Zrcalni polmeseci, prevle\u010deni z odporno PVC tkanino brez ftalatov in napolnjeni z visoko elasti\u010dno poliuretansko peno, ustvarjajo varno in trpe\u017eno progo z ovirami. Povr\u0161ina iz zrcalne folije s premerom 28 cm zagotavlja dodatno vizualno stimulacijo, ki podpira razvoj \u010dutov, ravnote\u017eja in motori\u010dne koordinacije. Elementi so povezani z je\u017eki in trakovi, kar zagotavlja stabilno pozicioniranje in omogo\u010da razli\u010dne konfiguracije, s \u010dimer se proga prilagodi potrebam terapevtskih in telesnih dejavnosti.<\/p>\n<p>Dimenzije posameznega elementa: 20 x 42 x 40 cm, skupne dimenzije: 42 x 264 x 20 cm.<\/p>","protected":false},"excerpt":{"rendered":"<p>Zrcalni polmeseci, prevle\u010deni z odporno PVC tkanino brez ftalatov in napolnjeni z visoko elasti\u010dno poliuretansko peno, ustvarjajo varno in trpe\u017eno progo z ovirami. Povr\u0161ina iz zrcalne folije s premerom 28 cm zagotavlja dodatno vizualno stimulacijo, ki podpira razvoj \u010dutov, ravnote\u017eja in motori\u010dne koordinacije. Elementi so povezani z je\u017eki in trakovi, kar zagotavlja stabilno pozicioniranje in omogo\u010da razli\u010dne konfiguracije, s \u010dimer se proga prilagodi potrebam terapevtskih in telesnih dejavnosti.<\/p>\n<p>Dimenzije posameznega elementa: 20 x 42 x 40 cm, skupne dimenzije: 42 x 264 x 20 cm.<\/p>","protected":false},"featured_media":12275,"menu_order":0,"comment_status":"open","ping_status":"closed","template":"","meta":[],"product_brand":[],"product_cat":[69,68],"product_tag":[],"class_list":{"0":"post-10504","1":"product","2":"type-product","3":"status-publish","4":"has-post-thumbnail","6":"product_cat-ogledala","7":"product_cat-vizualni-pripomocki","9":"first","10":"instock","11":"taxable","12":"shipping-taxable","13":"purchasable","14":"product-type-simple"},"jetpack_sharing_enabled":true,"_links":{"self":[{"href":"https:\/\/senzorika-varga.si\/en\/wp-json\/wp\/v2\/product\/10504","targetHints":{"allow":["GET"]}}],"collection":[{"href":"https:\/\/senzorika-varga.si\/en\/wp-json\/wp\/v2\/product"}],"about":[{"href":"https:\/\/senzorika-varga.si\/en\/wp-json\/wp\/v2\/types\/product"}],"replies":[{"embeddable":true,"href":"https:\/\/senzorika-varga.si\/en\/wp-json\/wp\/v2\/comments?post=10504"}],"version-history":[{"count":1,"href":"https:\/\/senzorika-varga.si\/en\/wp-json\/wp\/v2\/product\/10504\/revisions"}],"predecessor-version":[{"id":10505,"href":"https:\/\/senzorika-varga.si\/en\/wp-json\/wp\/v2\/product\/10504\/revisions\/10505"}],"wp:featuredmedia":[{"embeddable":true,"href":"https:\/\/senzorika-varga.si\/en\/wp-json\/wp\/v2\/media\/12275"}],"wp:attachment":[{"href":"https:\/\/senzorika-varga.si\/en\/wp-json\/wp\/v2\/media?parent=10504"}],"wp:term":[{"taxonomy":"product_brand","embeddable":true,"href":"https:\/\/senzorika-varga.si\/en\/wp-json\/wp\/v2\/product_brand?post=10504"},{"taxonomy":"product_cat","embeddable":true,"href":"https:\/\/senzorika-varga.si\/en\/wp-json\/wp\/v2\/product_cat?post=10504"},{"taxonomy":"product_tag","embeddable":true,"href":"https:\/\/senzorika-varga.si\/en\/wp-json\/wp\/v2\/product_tag?post=10504"}],"curies":[{"name":"wp","href":"https:\/\/api.w.org\/{rel}","templated":true}]}}