{"id":10500,"date":"2025-12-05T22:08:03","date_gmt":"2025-12-05T22:08:03","guid":{"rendered":"https:\/\/senzorika.ajvonidol.si\/?post_type=product&#038;p=10500"},"modified":"2025-12-27T19:42:22","modified_gmt":"2025-12-27T19:42:22","slug":"papiga","status":"publish","type":"product","link":"https:\/\/senzorika-varga.si\/en\/product\/papiga\/","title":{"rendered":"Papiga iz pene"},"content":{"rendered":"<p>Senzori\u010dni igralni koti\u010dek z motivom papige, sestavljen iz sedmih elementov, prevle\u010denih s PVC tkanino brez ftalatov, odporno proti obrabi, bomba\u017eno ra\u010djo tkanino in umetnim krznom, ustvarja izjemen prostor za igro in raziskovanje. Kot je napolnjen z visoko elasti\u010dno poliuretansko peno, zagotavlja udobje in varnost med igro. Razli\u010dne teksture in barve spodbujajo dotikanje in odkrivanje ter podpirajo senzori\u010dni razvoj in motori\u010dno koordinacijo. Protizdrsno dno iz teksturirane PVC tkanine zagotavlja stabilnost, zaradi \u010desar je ta komplet odli\u010den sestavni del za raznolike dejavnosti.<\/p>","protected":false},"excerpt":{"rendered":"<p>Senzori\u010dni igralni koti\u010dek z motivom papige, sestavljen iz sedmih elementov, prevle\u010denih s PVC tkanino brez ftalatov, odporno proti obrabi, bomba\u017eno ra\u010djo tkanino in umetnim krznom, ustvarja izjemen prostor za igro in raziskovanje. Kot je napolnjen z visoko elasti\u010dno poliuretansko peno, zagotavlja udobje in varnost med igro. Razli\u010dne teksture in barve spodbujajo dotikanje in odkrivanje ter podpirajo senzori\u010dni razvoj in motori\u010dno koordinacijo. Protizdrsno dno iz teksturirane PVC tkanine zagotavlja stabilnost, zaradi \u010desar je ta komplet odli\u010den sestavni del za raznolike dejavnosti.<\/p>","protected":false},"featured_media":12274,"menu_order":0,"comment_status":"open","ping_status":"closed","template":"","meta":[],"product_brand":[],"product_cat":[69,68],"product_tag":[],"class_list":{"0":"post-10500","1":"product","2":"type-product","3":"status-publish","4":"has-post-thumbnail","6":"product_cat-ogledala","7":"product_cat-vizualni-pripomocki","9":"first","10":"instock","11":"taxable","12":"shipping-taxable","13":"purchasable","14":"product-type-simple"},"jetpack_sharing_enabled":true,"_links":{"self":[{"href":"https:\/\/senzorika-varga.si\/en\/wp-json\/wp\/v2\/product\/10500","targetHints":{"allow":["GET"]}}],"collection":[{"href":"https:\/\/senzorika-varga.si\/en\/wp-json\/wp\/v2\/product"}],"about":[{"href":"https:\/\/senzorika-varga.si\/en\/wp-json\/wp\/v2\/types\/product"}],"replies":[{"embeddable":true,"href":"https:\/\/senzorika-varga.si\/en\/wp-json\/wp\/v2\/comments?post=10500"}],"version-history":[{"count":2,"href":"https:\/\/senzorika-varga.si\/en\/wp-json\/wp\/v2\/product\/10500\/revisions"}],"predecessor-version":[{"id":13052,"href":"https:\/\/senzorika-varga.si\/en\/wp-json\/wp\/v2\/product\/10500\/revisions\/13052"}],"wp:featuredmedia":[{"embeddable":true,"href":"https:\/\/senzorika-varga.si\/en\/wp-json\/wp\/v2\/media\/12274"}],"wp:attachment":[{"href":"https:\/\/senzorika-varga.si\/en\/wp-json\/wp\/v2\/media?parent=10500"}],"wp:term":[{"taxonomy":"product_brand","embeddable":true,"href":"https:\/\/senzorika-varga.si\/en\/wp-json\/wp\/v2\/product_brand?post=10500"},{"taxonomy":"product_cat","embeddable":true,"href":"https:\/\/senzorika-varga.si\/en\/wp-json\/wp\/v2\/product_cat?post=10500"},{"taxonomy":"product_tag","embeddable":true,"href":"https:\/\/senzorika-varga.si\/en\/wp-json\/wp\/v2\/product_tag?post=10500"}],"curies":[{"name":"wp","href":"https:\/\/api.w.org\/{rel}","templated":true}]}}