{"id":10498,"date":"2025-12-05T22:08:03","date_gmt":"2025-12-05T22:08:03","guid":{"rendered":"https:\/\/senzorika.ajvonidol.si\/?post_type=product&#038;p=10498"},"modified":"2025-12-27T19:42:22","modified_gmt":"2025-12-27T19:42:22","slug":"komplet-akrilnih-zrcalnih-plosc","status":"publish","type":"product","link":"https:\/\/senzorika-varga.si\/en\/product\/komplet-akrilnih-zrcalnih-plosc\/","title":{"rendered":"Komplet akrilnih zrcalnih plo\u0161\u010d"},"content":{"rendered":"<p>Akrilne zrcalne plo\u0161\u010de so komplet varnih in proti praskam odpornih plo\u0161\u010d, vsaka s \u0161tirimi konveksnimi povr\u0161inami, ki ustvarjajo u\u010dinek ribjega o\u010desa. To otrokom omogo\u010da opazovanje sebe in svoje okolice, popa\u010deni odsevi pa ponujajo zabaven in zanimiv na\u010din gledanja na svet. Komplet, ki vklju\u010duje 4 plo\u0161\u010de, podpira razvoj vizualnega zaznavanja, spodbuja interakcijo z okoljem ter spodbuja radovednost in domi\u0161ljijo.<\/p>\n<p>Material: akril<\/p>\n<p>Dimenzije: 33 x 33 cm<\/p>","protected":false},"excerpt":{"rendered":"<p>Akrilne zrcalne plo\u0161\u010de so komplet varnih in proti praskam odpornih plo\u0161\u010d, vsaka s \u0161tirimi konveksnimi povr\u0161inami, ki ustvarjajo u\u010dinek ribjega o\u010desa. To otrokom omogo\u010da opazovanje sebe in svoje okolice, popa\u010deni odsevi pa ponujajo zabaven in zanimiv na\u010din gledanja na svet. Komplet, ki vklju\u010duje 4 plo\u0161\u010de, podpira razvoj vizualnega zaznavanja, spodbuja interakcijo z okoljem ter spodbuja radovednost in domi\u0161ljijo.<\/p>\n<p>Material: akril<\/p>\n<p>Dimenzije: 33 x 33 cm<\/p>","protected":false},"featured_media":12271,"menu_order":0,"comment_status":"open","ping_status":"closed","template":"","meta":[],"product_brand":[],"product_cat":[69,68],"product_tag":[],"class_list":{"0":"post-10498","1":"product","2":"type-product","3":"status-publish","4":"has-post-thumbnail","6":"product_cat-ogledala","7":"product_cat-vizualni-pripomocki","9":"first","10":"instock","11":"taxable","12":"shipping-taxable","13":"purchasable","14":"product-type-simple"},"jetpack_sharing_enabled":true,"_links":{"self":[{"href":"https:\/\/senzorika-varga.si\/en\/wp-json\/wp\/v2\/product\/10498","targetHints":{"allow":["GET"]}}],"collection":[{"href":"https:\/\/senzorika-varga.si\/en\/wp-json\/wp\/v2\/product"}],"about":[{"href":"https:\/\/senzorika-varga.si\/en\/wp-json\/wp\/v2\/types\/product"}],"replies":[{"embeddable":true,"href":"https:\/\/senzorika-varga.si\/en\/wp-json\/wp\/v2\/comments?post=10498"}],"version-history":[{"count":1,"href":"https:\/\/senzorika-varga.si\/en\/wp-json\/wp\/v2\/product\/10498\/revisions"}],"predecessor-version":[{"id":10499,"href":"https:\/\/senzorika-varga.si\/en\/wp-json\/wp\/v2\/product\/10498\/revisions\/10499"}],"wp:featuredmedia":[{"embeddable":true,"href":"https:\/\/senzorika-varga.si\/en\/wp-json\/wp\/v2\/media\/12271"}],"wp:attachment":[{"href":"https:\/\/senzorika-varga.si\/en\/wp-json\/wp\/v2\/media?parent=10498"}],"wp:term":[{"taxonomy":"product_brand","embeddable":true,"href":"https:\/\/senzorika-varga.si\/en\/wp-json\/wp\/v2\/product_brand?post=10498"},{"taxonomy":"product_cat","embeddable":true,"href":"https:\/\/senzorika-varga.si\/en\/wp-json\/wp\/v2\/product_cat?post=10498"},{"taxonomy":"product_tag","embeddable":true,"href":"https:\/\/senzorika-varga.si\/en\/wp-json\/wp\/v2\/product_tag?post=10498"}],"curies":[{"name":"wp","href":"https:\/\/api.w.org\/{rel}","templated":true}]}}