{"id":10496,"date":"2025-12-05T22:08:03","date_gmt":"2025-12-05T22:08:03","guid":{"rendered":"https:\/\/senzorika.ajvonidol.si\/?post_type=product&#038;p=10496"},"modified":"2025-12-27T19:42:22","modified_gmt":"2025-12-27T19:42:22","slug":"logopedska-zrcala","status":"publish","type":"product","link":"https:\/\/senzorika-varga.si\/en\/product\/logopedska-zrcala\/","title":{"rendered":"Logopedska zrcala"},"content":{"rendered":"<p>Komplet 5 ogledal na skupni povr\u0161ini. Ogledala so izdelana iz varne, trdne in proti praskam odporne plastike. Je odli\u010den pripomo\u010dek za mal\u010dke, saj omogo\u010da refleksivno izku\u0161njo lastnega telesa ali razli\u010dnih predmetov pri terapiji motenj senzori\u010dne integracije. Uporaben je lahko tudi med logopedskimi vajami. Komplet vsebuje pritrdilni material za obe\u0161anje na steno. Specifikacije izdelka: 1 x ogledalo s kavlji; 2 x vijaka KW 6 x 6 cm (z zidnimi vlo\u017eki); dimenzije kompleta: 100 x 30 cm; premer ogledal: 1 x 23 cm, 2 x 22 cm, 2 x 15 cm; material: MDF plo\u0161\u010da, debeline 12 mm, v zeleni barvi, 2 mm debelo zrcalno pleksi steklo<\/p>","protected":false},"excerpt":{"rendered":"<p>Komplet 5 ogledal na skupni povr\u0161ini. Ogledala so izdelana iz varne, trdne in proti praskam odporne plastike. Je odli\u010den pripomo\u010dek za mal\u010dke, saj omogo\u010da refleksivno izku\u0161njo lastnega telesa ali razli\u010dnih predmetov pri terapiji motenj senzori\u010dne integracije. Uporaben je lahko tudi med logopedskimi vajami. Komplet vsebuje pritrdilni material za obe\u0161anje na steno. Specifikacije izdelka: 1 x ogledalo s kavlji; 2 x vijaka KW 6 x 6 cm (z zidnimi vlo\u017eki); dimenzije kompleta: 100 x 30 cm; premer ogledal: 1 x 23 cm, 2 x 22 cm, 2 x 15 cm; material: MDF plo\u0161\u010da, debeline 12 mm, v zeleni barvi, 2 mm debelo zrcalno pleksi steklo<\/p>","protected":false},"featured_media":12270,"menu_order":0,"comment_status":"open","ping_status":"closed","template":"","meta":[],"product_brand":[],"product_cat":[69,68],"product_tag":[],"class_list":{"0":"post-10496","1":"product","2":"type-product","3":"status-publish","4":"has-post-thumbnail","6":"product_cat-ogledala","7":"product_cat-vizualni-pripomocki","9":"first","10":"instock","11":"taxable","12":"shipping-taxable","13":"purchasable","14":"product-type-simple"},"jetpack_sharing_enabled":true,"_links":{"self":[{"href":"https:\/\/senzorika-varga.si\/en\/wp-json\/wp\/v2\/product\/10496","targetHints":{"allow":["GET"]}}],"collection":[{"href":"https:\/\/senzorika-varga.si\/en\/wp-json\/wp\/v2\/product"}],"about":[{"href":"https:\/\/senzorika-varga.si\/en\/wp-json\/wp\/v2\/types\/product"}],"replies":[{"embeddable":true,"href":"https:\/\/senzorika-varga.si\/en\/wp-json\/wp\/v2\/comments?post=10496"}],"version-history":[{"count":1,"href":"https:\/\/senzorika-varga.si\/en\/wp-json\/wp\/v2\/product\/10496\/revisions"}],"predecessor-version":[{"id":10497,"href":"https:\/\/senzorika-varga.si\/en\/wp-json\/wp\/v2\/product\/10496\/revisions\/10497"}],"wp:featuredmedia":[{"embeddable":true,"href":"https:\/\/senzorika-varga.si\/en\/wp-json\/wp\/v2\/media\/12270"}],"wp:attachment":[{"href":"https:\/\/senzorika-varga.si\/en\/wp-json\/wp\/v2\/media?parent=10496"}],"wp:term":[{"taxonomy":"product_brand","embeddable":true,"href":"https:\/\/senzorika-varga.si\/en\/wp-json\/wp\/v2\/product_brand?post=10496"},{"taxonomy":"product_cat","embeddable":true,"href":"https:\/\/senzorika-varga.si\/en\/wp-json\/wp\/v2\/product_cat?post=10496"},{"taxonomy":"product_tag","embeddable":true,"href":"https:\/\/senzorika-varga.si\/en\/wp-json\/wp\/v2\/product_tag?post=10496"}],"curies":[{"name":"wp","href":"https:\/\/api.w.org\/{rel}","templated":true}]}}