{"id":10494,"date":"2025-12-05T22:08:03","date_gmt":"2025-12-05T22:08:03","guid":{"rendered":"https:\/\/senzorika.ajvonidol.si\/?post_type=product&#038;p=10494"},"modified":"2025-12-27T19:42:21","modified_gmt":"2025-12-27T19:42:21","slug":"odsevna-skatla","status":"publish","type":"product","link":"https:\/\/senzorika-varga.si\/en\/product\/odsevna-skatla\/","title":{"rendered":"Odsevna \u0161katla"},"content":{"rendered":"<p>\u0161katla, oblo\u017eena z dvema ogledaloma iz pleksi stekla + 1 ogledalo<\/p>","protected":false},"excerpt":{"rendered":"<p>\u0161katla, oblo\u017eena z dvema ogledaloma iz pleksi stekla + 1 ogledalo<\/p>","protected":false},"featured_media":12269,"menu_order":0,"comment_status":"open","ping_status":"closed","template":"","meta":[],"product_brand":[],"product_cat":[69,68],"product_tag":[],"class_list":{"0":"post-10494","1":"product","2":"type-product","3":"status-publish","4":"has-post-thumbnail","6":"product_cat-ogledala","7":"product_cat-vizualni-pripomocki","9":"first","10":"instock","11":"taxable","12":"shipping-taxable","13":"purchasable","14":"product-type-simple"},"jetpack_sharing_enabled":true,"_links":{"self":[{"href":"https:\/\/senzorika-varga.si\/en\/wp-json\/wp\/v2\/product\/10494","targetHints":{"allow":["GET"]}}],"collection":[{"href":"https:\/\/senzorika-varga.si\/en\/wp-json\/wp\/v2\/product"}],"about":[{"href":"https:\/\/senzorika-varga.si\/en\/wp-json\/wp\/v2\/types\/product"}],"replies":[{"embeddable":true,"href":"https:\/\/senzorika-varga.si\/en\/wp-json\/wp\/v2\/comments?post=10494"}],"version-history":[{"count":1,"href":"https:\/\/senzorika-varga.si\/en\/wp-json\/wp\/v2\/product\/10494\/revisions"}],"predecessor-version":[{"id":10495,"href":"https:\/\/senzorika-varga.si\/en\/wp-json\/wp\/v2\/product\/10494\/revisions\/10495"}],"wp:featuredmedia":[{"embeddable":true,"href":"https:\/\/senzorika-varga.si\/en\/wp-json\/wp\/v2\/media\/12269"}],"wp:attachment":[{"href":"https:\/\/senzorika-varga.si\/en\/wp-json\/wp\/v2\/media?parent=10494"}],"wp:term":[{"taxonomy":"product_brand","embeddable":true,"href":"https:\/\/senzorika-varga.si\/en\/wp-json\/wp\/v2\/product_brand?post=10494"},{"taxonomy":"product_cat","embeddable":true,"href":"https:\/\/senzorika-varga.si\/en\/wp-json\/wp\/v2\/product_cat?post=10494"},{"taxonomy":"product_tag","embeddable":true,"href":"https:\/\/senzorika-varga.si\/en\/wp-json\/wp\/v2\/product_tag?post=10494"}],"curies":[{"name":"wp","href":"https:\/\/api.w.org\/{rel}","templated":true}]}}