{"id":10486,"date":"2025-12-05T22:08:02","date_gmt":"2025-12-05T22:08:02","guid":{"rendered":"https:\/\/senzorika.ajvonidol.si\/?post_type=product&#038;p=10486"},"modified":"2025-12-27T19:42:21","modified_gmt":"2025-12-27T19:42:21","slug":"leseni-zrcalni-pladnji","status":"publish","type":"product","link":"https:\/\/senzorika-varga.si\/en\/product\/leseni-zrcalni-pladnji\/","title":{"rendered":"Leseni zrcalni pladnji"},"content":{"rendered":"<p>Leseni pladnji z ogledali so elegantni in funkcionalni dodatki, ki zdru\u017eujejo vizualno privla\u010dnost s prakti\u010dnostjo. Izdelani so iz visokokakovostnega lesa in imajo zrcalno povr\u0161ino, ki odra\u017ea okolico, zato dodajo globino in privla\u010dnost. Idealni so za u\u010denje prepoznavanja oblik in barv ter za razvoj ro\u010dnih spretnosti z razporejanjem predmetov na pladnju. Te pladnje je mogo\u010de uporabljati tudi pri vajah za izbolj\u0161anje koordinacije rok in o\u010di ter kot orodje za razvr\u0161\u010danje in organiziranje dejavnosti.<\/p>\n<p>Komplet vsebuje: 3 ogledala<\/p>\n<p>Material: Les, ogledalo<\/p>\n<p>Dimenzije:<\/p>\n<p>Pravokotnik: 40 x 30 x 6 cm<\/p>\n<p>\u0160estkotnik: 27 x 30 x 6 cm<\/p>\n<p>Trikotnik: 23,5 x 21 x 6 cm<\/p>","protected":false},"excerpt":{"rendered":"<p>Leseni pladnji z ogledali so elegantni in funkcionalni dodatki, ki zdru\u017eujejo vizualno privla\u010dnost s prakti\u010dnostjo. Izdelani so iz visokokakovostnega lesa in imajo zrcalno povr\u0161ino, ki odra\u017ea okolico, zato dodajo globino in privla\u010dnost. Idealni so za u\u010denje prepoznavanja oblik in barv ter za razvoj ro\u010dnih spretnosti z razporejanjem predmetov na pladnju. Te pladnje je mogo\u010de uporabljati tudi pri vajah za izbolj\u0161anje koordinacije rok in o\u010di ter kot orodje za razvr\u0161\u010danje in organiziranje dejavnosti.<\/p>\n<p>Komplet vsebuje: 3 ogledala<\/p>\n<p>Material: Les, ogledalo<\/p>\n<p>Dimenzije:<\/p>\n<p>Pravokotnik: 40 x 30 x 6 cm<\/p>\n<p>\u0160estkotnik: 27 x 30 x 6 cm<\/p>\n<p>Trikotnik: 23,5 x 21 x 6 cm<\/p>","protected":false},"featured_media":12263,"menu_order":0,"comment_status":"open","ping_status":"closed","template":"","meta":[],"product_brand":[],"product_cat":[69,68],"product_tag":[],"class_list":{"0":"post-10486","1":"product","2":"type-product","3":"status-publish","4":"has-post-thumbnail","6":"product_cat-ogledala","7":"product_cat-vizualni-pripomocki","9":"first","10":"instock","11":"taxable","12":"shipping-taxable","13":"purchasable","14":"product-type-simple"},"jetpack_sharing_enabled":true,"_links":{"self":[{"href":"https:\/\/senzorika-varga.si\/en\/wp-json\/wp\/v2\/product\/10486","targetHints":{"allow":["GET"]}}],"collection":[{"href":"https:\/\/senzorika-varga.si\/en\/wp-json\/wp\/v2\/product"}],"about":[{"href":"https:\/\/senzorika-varga.si\/en\/wp-json\/wp\/v2\/types\/product"}],"replies":[{"embeddable":true,"href":"https:\/\/senzorika-varga.si\/en\/wp-json\/wp\/v2\/comments?post=10486"}],"version-history":[{"count":1,"href":"https:\/\/senzorika-varga.si\/en\/wp-json\/wp\/v2\/product\/10486\/revisions"}],"predecessor-version":[{"id":10487,"href":"https:\/\/senzorika-varga.si\/en\/wp-json\/wp\/v2\/product\/10486\/revisions\/10487"}],"wp:featuredmedia":[{"embeddable":true,"href":"https:\/\/senzorika-varga.si\/en\/wp-json\/wp\/v2\/media\/12263"}],"wp:attachment":[{"href":"https:\/\/senzorika-varga.si\/en\/wp-json\/wp\/v2\/media?parent=10486"}],"wp:term":[{"taxonomy":"product_brand","embeddable":true,"href":"https:\/\/senzorika-varga.si\/en\/wp-json\/wp\/v2\/product_brand?post=10486"},{"taxonomy":"product_cat","embeddable":true,"href":"https:\/\/senzorika-varga.si\/en\/wp-json\/wp\/v2\/product_cat?post=10486"},{"taxonomy":"product_tag","embeddable":true,"href":"https:\/\/senzorika-varga.si\/en\/wp-json\/wp\/v2\/product_tag?post=10486"}],"curies":[{"name":"wp","href":"https:\/\/api.w.org\/{rel}","templated":true}]}}