{"id":10478,"date":"2025-12-05T22:08:00","date_gmt":"2025-12-05T22:08:00","guid":{"rendered":"https:\/\/senzorika.ajvonidol.si\/?post_type=product&#038;p=10478"},"modified":"2025-12-27T19:42:17","modified_gmt":"2025-12-27T19:42:17","slug":"barvne-zrcalne-plosce","status":"publish","type":"product","link":"https:\/\/senzorika-varga.si\/en\/product\/barvne-zrcalne-plosce\/","title":{"rendered":"Barvne zrcalne plo\u0161\u010de"},"content":{"rendered":"<p>Komplet Barvitih zrcalnih plo\u0161\u010d je sestavljen iz \u0161esterokotnih ogledal z \u017eivahnimi, barvitimi povr\u0161inami. Vsaka plo\u0161\u010da ima odsevno zrcalno prevleko, ki odbija okolico, v kombinaciji z privla\u010dnimi barvami, ki pritegnejo pozornost in spodbujajo interakcijo. Raznolikost odtenkov spodbuja vid in podpira razvoj vidne zaznave. Te plo\u0161\u010de so odli\u010dno orodje za senzori\u010dne vaje, ki otroke vklju\u010dujejo v dejavnosti, ki spodbujajo koncentracijo, koordinacijo rok in o\u010di ter razvoj motori\u010dnih sposobnosti.<\/p>\n<p>Komplet vsebuje: 6 plo\u0161\u010d<\/p>\n<p>Material: Akrilna plastika<\/p>\n<p>Dimenzije: 35 x 40 cm<\/p>","protected":false},"excerpt":{"rendered":"<p>Komplet Barvitih zrcalnih plo\u0161\u010d je sestavljen iz \u0161esterokotnih ogledal z \u017eivahnimi, barvitimi povr\u0161inami. Vsaka plo\u0161\u010da ima odsevno zrcalno prevleko, ki odbija okolico, v kombinaciji z privla\u010dnimi barvami, ki pritegnejo pozornost in spodbujajo interakcijo. Raznolikost odtenkov spodbuja vid in podpira razvoj vidne zaznave. Te plo\u0161\u010de so odli\u010dno orodje za senzori\u010dne vaje, ki otroke vklju\u010dujejo v dejavnosti, ki spodbujajo koncentracijo, koordinacijo rok in o\u010di ter razvoj motori\u010dnih sposobnosti.<\/p>\n<p>Komplet vsebuje: 6 plo\u0161\u010d<\/p>\n<p>Material: Akrilna plastika<\/p>\n<p>Dimenzije: 35 x 40 cm<\/p>","protected":false},"featured_media":12256,"menu_order":0,"comment_status":"open","ping_status":"closed","template":"","meta":[],"product_brand":[],"product_cat":[69,68],"product_tag":[],"class_list":{"0":"post-10478","1":"product","2":"type-product","3":"status-publish","4":"has-post-thumbnail","6":"product_cat-ogledala","7":"product_cat-vizualni-pripomocki","9":"first","10":"instock","11":"taxable","12":"shipping-taxable","13":"purchasable","14":"product-type-simple"},"jetpack_sharing_enabled":true,"_links":{"self":[{"href":"https:\/\/senzorika-varga.si\/en\/wp-json\/wp\/v2\/product\/10478","targetHints":{"allow":["GET"]}}],"collection":[{"href":"https:\/\/senzorika-varga.si\/en\/wp-json\/wp\/v2\/product"}],"about":[{"href":"https:\/\/senzorika-varga.si\/en\/wp-json\/wp\/v2\/types\/product"}],"replies":[{"embeddable":true,"href":"https:\/\/senzorika-varga.si\/en\/wp-json\/wp\/v2\/comments?post=10478"}],"version-history":[{"count":1,"href":"https:\/\/senzorika-varga.si\/en\/wp-json\/wp\/v2\/product\/10478\/revisions"}],"predecessor-version":[{"id":10479,"href":"https:\/\/senzorika-varga.si\/en\/wp-json\/wp\/v2\/product\/10478\/revisions\/10479"}],"wp:featuredmedia":[{"embeddable":true,"href":"https:\/\/senzorika-varga.si\/en\/wp-json\/wp\/v2\/media\/12256"}],"wp:attachment":[{"href":"https:\/\/senzorika-varga.si\/en\/wp-json\/wp\/v2\/media?parent=10478"}],"wp:term":[{"taxonomy":"product_brand","embeddable":true,"href":"https:\/\/senzorika-varga.si\/en\/wp-json\/wp\/v2\/product_brand?post=10478"},{"taxonomy":"product_cat","embeddable":true,"href":"https:\/\/senzorika-varga.si\/en\/wp-json\/wp\/v2\/product_cat?post=10478"},{"taxonomy":"product_tag","embeddable":true,"href":"https:\/\/senzorika-varga.si\/en\/wp-json\/wp\/v2\/product_tag?post=10478"}],"curies":[{"name":"wp","href":"https:\/\/api.w.org\/{rel}","templated":true}]}}