{"id":10476,"date":"2025-12-05T22:08:00","date_gmt":"2025-12-05T22:08:00","guid":{"rendered":"https:\/\/senzorika.ajvonidol.si\/?post_type=product&#038;p=10476"},"modified":"2025-12-27T19:42:17","modified_gmt":"2025-12-27T19:42:17","slug":"oblike-iz-ogledal-komplet","status":"publish","type":"product","link":"https:\/\/senzorika-varga.si\/en\/product\/oblike-iz-ogledal-komplet\/","title":{"rendered":"Oblike iz ogledal &#8211; Komplet"},"content":{"rendered":"<p>Komplet ogledal v \u0161tirih razli\u010dnih oblikah. Idealna so za logopedske vaje, igre, ki razvijajo samozavedanje in opazovalni \u010dut pri otroku. Akrilno zrcalno steklo, trajno name\u0161\u010deno v okvirju z zaobljenimi robovi, je varno za majhne roke. 4 kosi; dimenzije 15 x 15 x 1,2 cm; oblika: trikotnik, krog, kvadrat, \u0161esterokotnik; vsako v drugi barvi, material: MDF plo\u0161\u010da, debeline 12 mm, akrilno zrcalno steklo.<\/p>","protected":false},"excerpt":{"rendered":"<p>Komplet ogledal v \u0161tirih razli\u010dnih oblikah. Idealna so za logopedske vaje, igre, ki razvijajo samozavedanje in opazovalni \u010dut pri otroku. Akrilno zrcalno steklo, trajno name\u0161\u010deno v okvirju z zaobljenimi robovi, je varno za majhne roke. 4 kosi; dimenzije 15 x 15 x 1,2 cm; oblika: trikotnik, krog, kvadrat, \u0161esterokotnik; vsako v drugi barvi, material: MDF plo\u0161\u010da, debeline 12 mm, akrilno zrcalno steklo.<\/p>","protected":false},"featured_media":12251,"menu_order":0,"comment_status":"open","ping_status":"closed","template":"","meta":[],"product_brand":[],"product_cat":[69,68],"product_tag":[],"class_list":{"0":"post-10476","1":"product","2":"type-product","3":"status-publish","4":"has-post-thumbnail","6":"product_cat-ogledala","7":"product_cat-vizualni-pripomocki","9":"first","10":"instock","11":"taxable","12":"shipping-taxable","13":"purchasable","14":"product-type-simple"},"jetpack_sharing_enabled":true,"_links":{"self":[{"href":"https:\/\/senzorika-varga.si\/en\/wp-json\/wp\/v2\/product\/10476","targetHints":{"allow":["GET"]}}],"collection":[{"href":"https:\/\/senzorika-varga.si\/en\/wp-json\/wp\/v2\/product"}],"about":[{"href":"https:\/\/senzorika-varga.si\/en\/wp-json\/wp\/v2\/types\/product"}],"replies":[{"embeddable":true,"href":"https:\/\/senzorika-varga.si\/en\/wp-json\/wp\/v2\/comments?post=10476"}],"version-history":[{"count":1,"href":"https:\/\/senzorika-varga.si\/en\/wp-json\/wp\/v2\/product\/10476\/revisions"}],"predecessor-version":[{"id":10477,"href":"https:\/\/senzorika-varga.si\/en\/wp-json\/wp\/v2\/product\/10476\/revisions\/10477"}],"wp:featuredmedia":[{"embeddable":true,"href":"https:\/\/senzorika-varga.si\/en\/wp-json\/wp\/v2\/media\/12251"}],"wp:attachment":[{"href":"https:\/\/senzorika-varga.si\/en\/wp-json\/wp\/v2\/media?parent=10476"}],"wp:term":[{"taxonomy":"product_brand","embeddable":true,"href":"https:\/\/senzorika-varga.si\/en\/wp-json\/wp\/v2\/product_brand?post=10476"},{"taxonomy":"product_cat","embeddable":true,"href":"https:\/\/senzorika-varga.si\/en\/wp-json\/wp\/v2\/product_cat?post=10476"},{"taxonomy":"product_tag","embeddable":true,"href":"https:\/\/senzorika-varga.si\/en\/wp-json\/wp\/v2\/product_tag?post=10476"}],"curies":[{"name":"wp","href":"https:\/\/api.w.org\/{rel}","templated":true}]}}