{"id":10472,"date":"2025-12-05T22:08:00","date_gmt":"2025-12-05T22:08:00","guid":{"rendered":"https:\/\/senzorika.ajvonidol.si\/?post_type=product&#038;p=10472"},"modified":"2025-12-27T19:42:17","modified_gmt":"2025-12-27T19:42:17","slug":"mehki-senzoricni-avtomobilcek","status":"publish","type":"product","link":"https:\/\/senzorika-varga.si\/en\/product\/mehki-senzoricni-avtomobilcek\/","title":{"rendered":"Mehki senzori\u010dni avtomobil\u010dek"},"content":{"rendered":"<p>Mehak in \u017eameten avtomobil\u010dek z ro\u010dajem. Zlahka ga je mogo\u010de prijeti in upravljati. Avto\u010dek in pnevmatike so izdelani iz pene, zaradi \u010desar so med igro varni in tihi.<\/p>\n<p>4 vozila v barvah: rde\u010da, zelena, turkizna in roza<br \/>\nDimenzije: 12 x 8 x 12 cm; Starost: 1+<\/p>","protected":false},"excerpt":{"rendered":"<p>Mehak in \u017eameten avtomobil\u010dek z ro\u010dajem. Zlahka ga je mogo\u010de prijeti in upravljati. Avto\u010dek in pnevmatike so izdelani iz pene, zaradi \u010desar so med igro varni in tihi.<\/p>\n<p>4 vozila v barvah: rde\u010da, zelena, turkizna in roza<br \/>\nDimenzije: 12 x 8 x 12 cm; Starost: 1+<\/p>","protected":false},"featured_media":12248,"menu_order":0,"comment_status":"open","ping_status":"closed","template":"","meta":[],"product_brand":[],"product_cat":[105],"product_tag":[],"class_list":{"0":"post-10472","1":"product","2":"type-product","3":"status-publish","4":"has-post-thumbnail","6":"product_cat-terapija","8":"first","9":"instock","10":"taxable","11":"shipping-taxable","12":"purchasable","13":"product-type-simple"},"jetpack_sharing_enabled":true,"_links":{"self":[{"href":"https:\/\/senzorika-varga.si\/en\/wp-json\/wp\/v2\/product\/10472","targetHints":{"allow":["GET"]}}],"collection":[{"href":"https:\/\/senzorika-varga.si\/en\/wp-json\/wp\/v2\/product"}],"about":[{"href":"https:\/\/senzorika-varga.si\/en\/wp-json\/wp\/v2\/types\/product"}],"replies":[{"embeddable":true,"href":"https:\/\/senzorika-varga.si\/en\/wp-json\/wp\/v2\/comments?post=10472"}],"version-history":[{"count":1,"href":"https:\/\/senzorika-varga.si\/en\/wp-json\/wp\/v2\/product\/10472\/revisions"}],"predecessor-version":[{"id":10473,"href":"https:\/\/senzorika-varga.si\/en\/wp-json\/wp\/v2\/product\/10472\/revisions\/10473"}],"wp:featuredmedia":[{"embeddable":true,"href":"https:\/\/senzorika-varga.si\/en\/wp-json\/wp\/v2\/media\/12248"}],"wp:attachment":[{"href":"https:\/\/senzorika-varga.si\/en\/wp-json\/wp\/v2\/media?parent=10472"}],"wp:term":[{"taxonomy":"product_brand","embeddable":true,"href":"https:\/\/senzorika-varga.si\/en\/wp-json\/wp\/v2\/product_brand?post=10472"},{"taxonomy":"product_cat","embeddable":true,"href":"https:\/\/senzorika-varga.si\/en\/wp-json\/wp\/v2\/product_cat?post=10472"},{"taxonomy":"product_tag","embeddable":true,"href":"https:\/\/senzorika-varga.si\/en\/wp-json\/wp\/v2\/product_tag?post=10472"}],"curies":[{"name":"wp","href":"https:\/\/api.w.org\/{rel}","templated":true}]}}