{"id":10462,"date":"2025-12-05T22:07:58","date_gmt":"2025-12-05T22:07:58","guid":{"rendered":"https:\/\/senzorika.ajvonidol.si\/?post_type=product&#038;p=10462"},"modified":"2025-12-27T19:42:14","modified_gmt":"2025-12-27T19:42:14","slug":"mehki-senzoricni-slon-na-kolesih","status":"publish","type":"product","link":"https:\/\/senzorika-varga.si\/en\/product\/mehki-senzoricni-slon-na-kolesih\/","title":{"rendered":"Mehki senzori\u010dni slon na kolesih"},"content":{"rendered":"<p>Mehki slon na kolesih ni le senzori\u010dna igra\u010da, ampak pomaga tudi pri razvoju koordinacije. V celoti je izdelan iz gumijaste pene, slon pa je prekrit z \u017eametnimi najlonskimi \u0161\u010detinami.<\/p>\n<p>Dimenzije: 20 x 12 x 13 cm;<\/p>\n<p>Starost: 1+<\/p>","protected":false},"excerpt":{"rendered":"<p>Mehki slon na kolesih ni le senzori\u010dna igra\u010da, ampak pomaga tudi pri razvoju koordinacije. V celoti je izdelan iz gumijaste pene, slon pa je prekrit z \u017eametnimi najlonskimi \u0161\u010detinami.<\/p>\n<p>Dimenzije: 20 x 12 x 13 cm;<\/p>\n<p>Starost: 1+<\/p>","protected":false},"featured_media":12237,"menu_order":0,"comment_status":"open","ping_status":"closed","template":"","meta":[],"product_brand":[],"product_cat":[105],"product_tag":[],"class_list":{"0":"post-10462","1":"product","2":"type-product","3":"status-publish","4":"has-post-thumbnail","6":"product_cat-terapija","8":"first","9":"instock","10":"taxable","11":"shipping-taxable","12":"purchasable","13":"product-type-simple"},"jetpack_sharing_enabled":true,"_links":{"self":[{"href":"https:\/\/senzorika-varga.si\/en\/wp-json\/wp\/v2\/product\/10462","targetHints":{"allow":["GET"]}}],"collection":[{"href":"https:\/\/senzorika-varga.si\/en\/wp-json\/wp\/v2\/product"}],"about":[{"href":"https:\/\/senzorika-varga.si\/en\/wp-json\/wp\/v2\/types\/product"}],"replies":[{"embeddable":true,"href":"https:\/\/senzorika-varga.si\/en\/wp-json\/wp\/v2\/comments?post=10462"}],"version-history":[{"count":1,"href":"https:\/\/senzorika-varga.si\/en\/wp-json\/wp\/v2\/product\/10462\/revisions"}],"predecessor-version":[{"id":10463,"href":"https:\/\/senzorika-varga.si\/en\/wp-json\/wp\/v2\/product\/10462\/revisions\/10463"}],"wp:featuredmedia":[{"embeddable":true,"href":"https:\/\/senzorika-varga.si\/en\/wp-json\/wp\/v2\/media\/12237"}],"wp:attachment":[{"href":"https:\/\/senzorika-varga.si\/en\/wp-json\/wp\/v2\/media?parent=10462"}],"wp:term":[{"taxonomy":"product_brand","embeddable":true,"href":"https:\/\/senzorika-varga.si\/en\/wp-json\/wp\/v2\/product_brand?post=10462"},{"taxonomy":"product_cat","embeddable":true,"href":"https:\/\/senzorika-varga.si\/en\/wp-json\/wp\/v2\/product_cat?post=10462"},{"taxonomy":"product_tag","embeddable":true,"href":"https:\/\/senzorika-varga.si\/en\/wp-json\/wp\/v2\/product_tag?post=10462"}],"curies":[{"name":"wp","href":"https:\/\/api.w.org\/{rel}","templated":true}]}}