{"id":10458,"date":"2025-12-05T22:07:57","date_gmt":"2025-12-05T22:07:57","guid":{"rendered":"https:\/\/senzorika.ajvonidol.si\/?post_type=product&#038;p=10458"},"modified":"2025-12-27T19:42:13","modified_gmt":"2025-12-27T19:42:13","slug":"senzoricne-kocke","status":"publish","type":"product","link":"https:\/\/senzorika-varga.si\/en\/product\/senzoricne-kocke\/","title":{"rendered":"Senzori\u010dne kocke"},"content":{"rendered":"<p>Konstrukcijski elementi za gradnjo razli\u010dnih struktur. Senzori\u010dne kocke se lahko prosto zlagajo eno na drugo. Igranje z kockami pomaga razvijati drobne motori\u010dne sposobnosti in prostorsko domi\u0161ljijo. Razli\u010dne teksture elementov dodatno spodbujajo ob\u010dutek dotika. Specifikacija izdelka: 32 kosov, 4 oblike in 4 barve;<\/p>\n<p>kvadratni blok 8,5 cm x 8,5 cm x 5 cm, most 17 cm x 8,5 cm x 5 cm,<\/p>\n<p>pravokotni blok 17 cm x 8,5 cm x 5 cm,<\/p>\n<p>trikotni blok 17 cm x 17 cm x 5 cm;<\/p>\n<p>material: plastika<\/p>\n<p>starost: 3+<\/p>","protected":false},"excerpt":{"rendered":"<p>Konstrukcijski elementi za gradnjo razli\u010dnih struktur. Senzori\u010dne kocke se lahko prosto zlagajo eno na drugo. Igranje z kockami pomaga razvijati drobne motori\u010dne sposobnosti in prostorsko domi\u0161ljijo. Razli\u010dne teksture elementov dodatno spodbujajo ob\u010dutek dotika. Specifikacija izdelka: 32 kosov, 4 oblike in 4 barve;<\/p>\n<p>kvadratni blok 8,5 cm x 8,5 cm x 5 cm, most 17 cm x 8,5 cm x 5 cm,<\/p>\n<p>pravokotni blok 17 cm x 8,5 cm x 5 cm,<\/p>\n<p>trikotni blok 17 cm x 17 cm x 5 cm;<\/p>\n<p>material: plastika<\/p>\n<p>starost: 3+<\/p>","protected":false},"featured_media":12233,"menu_order":0,"comment_status":"open","ping_status":"closed","template":"","meta":[],"product_brand":[],"product_cat":[105],"product_tag":[],"class_list":{"0":"post-10458","1":"product","2":"type-product","3":"status-publish","4":"has-post-thumbnail","6":"product_cat-terapija","8":"first","9":"instock","10":"taxable","11":"shipping-taxable","12":"purchasable","13":"product-type-simple"},"jetpack_sharing_enabled":true,"_links":{"self":[{"href":"https:\/\/senzorika-varga.si\/en\/wp-json\/wp\/v2\/product\/10458","targetHints":{"allow":["GET"]}}],"collection":[{"href":"https:\/\/senzorika-varga.si\/en\/wp-json\/wp\/v2\/product"}],"about":[{"href":"https:\/\/senzorika-varga.si\/en\/wp-json\/wp\/v2\/types\/product"}],"replies":[{"embeddable":true,"href":"https:\/\/senzorika-varga.si\/en\/wp-json\/wp\/v2\/comments?post=10458"}],"version-history":[{"count":1,"href":"https:\/\/senzorika-varga.si\/en\/wp-json\/wp\/v2\/product\/10458\/revisions"}],"predecessor-version":[{"id":10459,"href":"https:\/\/senzorika-varga.si\/en\/wp-json\/wp\/v2\/product\/10458\/revisions\/10459"}],"wp:featuredmedia":[{"embeddable":true,"href":"https:\/\/senzorika-varga.si\/en\/wp-json\/wp\/v2\/media\/12233"}],"wp:attachment":[{"href":"https:\/\/senzorika-varga.si\/en\/wp-json\/wp\/v2\/media?parent=10458"}],"wp:term":[{"taxonomy":"product_brand","embeddable":true,"href":"https:\/\/senzorika-varga.si\/en\/wp-json\/wp\/v2\/product_brand?post=10458"},{"taxonomy":"product_cat","embeddable":true,"href":"https:\/\/senzorika-varga.si\/en\/wp-json\/wp\/v2\/product_cat?post=10458"},{"taxonomy":"product_tag","embeddable":true,"href":"https:\/\/senzorika-varga.si\/en\/wp-json\/wp\/v2\/product_tag?post=10458"}],"curies":[{"name":"wp","href":"https:\/\/api.w.org\/{rel}","templated":true}]}}