{"id":10450,"date":"2025-12-05T22:07:57","date_gmt":"2025-12-05T22:07:57","guid":{"rendered":"https:\/\/senzorika.ajvonidol.si\/?post_type=product&#038;p=10450"},"modified":"2025-12-27T19:42:13","modified_gmt":"2025-12-27T19:42:13","slug":"geometrijske-ropotuljice","status":"publish","type":"product","link":"https:\/\/senzorika-varga.si\/en\/product\/geometrijske-ropotuljice\/","title":{"rendered":"Geometrijske ropotuljice"},"content":{"rendered":"<p>Komplet ropotuljic, ki spodbujajo sluh. Vsi instrumenti v razli\u010dnih barvah in oblikah proizvajajo razli\u010dne zvoke. Popolni za igranje in odkrivanje sveta s \u010dutili dotika, sluha in vida. Specifikacije izdelka: 3 kosi: oblike: kvadrat, trikotnik, valj; dimenzije: 5 x 2,5 x 5 cm; material: plastika; starost: 12 mesecev +<\/p>","protected":false},"excerpt":{"rendered":"<p>Komplet ropotuljic, ki spodbujajo sluh. Vsi instrumenti v razli\u010dnih barvah in oblikah proizvajajo razli\u010dne zvoke. Popolni za igranje in odkrivanje sveta s \u010dutili dotika, sluha in vida. Specifikacije izdelka: 3 kosi: oblike: kvadrat, trikotnik, valj; dimenzije: 5 x 2,5 x 5 cm; material: plastika; starost: 12 mesecev +<\/p>","protected":false},"featured_media":12226,"menu_order":0,"comment_status":"open","ping_status":"closed","template":"","meta":[],"product_brand":[],"product_cat":[105],"product_tag":[],"class_list":{"0":"post-10450","1":"product","2":"type-product","3":"status-publish","4":"has-post-thumbnail","6":"product_cat-terapija","8":"first","9":"instock","10":"taxable","11":"shipping-taxable","12":"purchasable","13":"product-type-simple"},"jetpack_sharing_enabled":true,"_links":{"self":[{"href":"https:\/\/senzorika-varga.si\/en\/wp-json\/wp\/v2\/product\/10450","targetHints":{"allow":["GET"]}}],"collection":[{"href":"https:\/\/senzorika-varga.si\/en\/wp-json\/wp\/v2\/product"}],"about":[{"href":"https:\/\/senzorika-varga.si\/en\/wp-json\/wp\/v2\/types\/product"}],"replies":[{"embeddable":true,"href":"https:\/\/senzorika-varga.si\/en\/wp-json\/wp\/v2\/comments?post=10450"}],"version-history":[{"count":1,"href":"https:\/\/senzorika-varga.si\/en\/wp-json\/wp\/v2\/product\/10450\/revisions"}],"predecessor-version":[{"id":10451,"href":"https:\/\/senzorika-varga.si\/en\/wp-json\/wp\/v2\/product\/10450\/revisions\/10451"}],"wp:featuredmedia":[{"embeddable":true,"href":"https:\/\/senzorika-varga.si\/en\/wp-json\/wp\/v2\/media\/12226"}],"wp:attachment":[{"href":"https:\/\/senzorika-varga.si\/en\/wp-json\/wp\/v2\/media?parent=10450"}],"wp:term":[{"taxonomy":"product_brand","embeddable":true,"href":"https:\/\/senzorika-varga.si\/en\/wp-json\/wp\/v2\/product_brand?post=10450"},{"taxonomy":"product_cat","embeddable":true,"href":"https:\/\/senzorika-varga.si\/en\/wp-json\/wp\/v2\/product_cat?post=10450"},{"taxonomy":"product_tag","embeddable":true,"href":"https:\/\/senzorika-varga.si\/en\/wp-json\/wp\/v2\/product_tag?post=10450"}],"curies":[{"name":"wp","href":"https:\/\/api.w.org\/{rel}","templated":true}]}}