{"id":10446,"date":"2025-12-05T22:07:57","date_gmt":"2025-12-05T22:07:57","guid":{"rendered":"https:\/\/senzorika.ajvonidol.si\/?post_type=product&#038;p=10446"},"modified":"2025-12-27T19:42:13","modified_gmt":"2025-12-27T19:42:13","slug":"gel-stevilke","status":"publish","type":"product","link":"https:\/\/senzorika-varga.si\/en\/product\/gel-stevilke\/","title":{"rendered":"Gel \u0161tevilke"},"content":{"rendered":"<p>Barvit komplet teksturiranih \u0161tevilk. Odli\u010dne so za spodbujanje \u010dutov ali za senzori\u010dno igro z osvetljeno plo\u0161\u010do. Vse \u0161tevilke so prijetne na dotik in mehke. Poleg tega spodbujajo aktivnost, vzbujajo radovednost in izbolj\u0161ujejo koncentracijo. Specifikacija izdelka: 26 kosov; \u0161tevilke: 0-9; vi\u0161ina: 10,5 cm; material: plastika, starost: 1+<\/p>","protected":false},"excerpt":{"rendered":"<p>Barvit komplet teksturiranih \u0161tevilk. Odli\u010dne so za spodbujanje \u010dutov ali za senzori\u010dno igro z osvetljeno plo\u0161\u010do. Vse \u0161tevilke so prijetne na dotik in mehke. Poleg tega spodbujajo aktivnost, vzbujajo radovednost in izbolj\u0161ujejo koncentracijo. Specifikacija izdelka: 26 kosov; \u0161tevilke: 0-9; vi\u0161ina: 10,5 cm; material: plastika, starost: 1+<\/p>","protected":false},"featured_media":12223,"menu_order":0,"comment_status":"open","ping_status":"closed","template":"","meta":[],"product_brand":[],"product_cat":[105],"product_tag":[],"class_list":{"0":"post-10446","1":"product","2":"type-product","3":"status-publish","4":"has-post-thumbnail","6":"product_cat-terapija","8":"first","9":"instock","10":"taxable","11":"shipping-taxable","12":"purchasable","13":"product-type-simple"},"jetpack_sharing_enabled":true,"_links":{"self":[{"href":"https:\/\/senzorika-varga.si\/en\/wp-json\/wp\/v2\/product\/10446","targetHints":{"allow":["GET"]}}],"collection":[{"href":"https:\/\/senzorika-varga.si\/en\/wp-json\/wp\/v2\/product"}],"about":[{"href":"https:\/\/senzorika-varga.si\/en\/wp-json\/wp\/v2\/types\/product"}],"replies":[{"embeddable":true,"href":"https:\/\/senzorika-varga.si\/en\/wp-json\/wp\/v2\/comments?post=10446"}],"version-history":[{"count":1,"href":"https:\/\/senzorika-varga.si\/en\/wp-json\/wp\/v2\/product\/10446\/revisions"}],"predecessor-version":[{"id":10447,"href":"https:\/\/senzorika-varga.si\/en\/wp-json\/wp\/v2\/product\/10446\/revisions\/10447"}],"wp:featuredmedia":[{"embeddable":true,"href":"https:\/\/senzorika-varga.si\/en\/wp-json\/wp\/v2\/media\/12223"}],"wp:attachment":[{"href":"https:\/\/senzorika-varga.si\/en\/wp-json\/wp\/v2\/media?parent=10446"}],"wp:term":[{"taxonomy":"product_brand","embeddable":true,"href":"https:\/\/senzorika-varga.si\/en\/wp-json\/wp\/v2\/product_brand?post=10446"},{"taxonomy":"product_cat","embeddable":true,"href":"https:\/\/senzorika-varga.si\/en\/wp-json\/wp\/v2\/product_cat?post=10446"},{"taxonomy":"product_tag","embeddable":true,"href":"https:\/\/senzorika-varga.si\/en\/wp-json\/wp\/v2\/product_tag?post=10446"}],"curies":[{"name":"wp","href":"https:\/\/api.w.org\/{rel}","templated":true}]}}