{"id":10444,"date":"2025-12-05T22:07:55","date_gmt":"2025-12-05T22:07:55","guid":{"rendered":"https:\/\/senzorika.ajvonidol.si\/?post_type=product&#038;p=10444"},"modified":"2025-12-27T19:42:10","modified_gmt":"2025-12-27T19:42:10","slug":"gel-oblike","status":"publish","type":"product","link":"https:\/\/senzorika-varga.si\/en\/product\/gel-oblike\/","title":{"rendered":"Gel oblike"},"content":{"rendered":"<p>Oblike, napolnjene z gel kroglicami, so odli\u010dne za senzori\u010dno igro. Z manipulativno igro, stiskanjem in pritiskanjem otroci spodbujajo ob\u010dutek dotika. V kombinaciji z osvetljeno plo\u0161\u010do izdelek zagotavlja neverjetne vizualne ob\u010dutke. Specifikacije izdelka: 6 kosov: krog, kvadrat, trikotnik, pravokotnik, petkotnik, \u0161estkotnik; material: plastika; starost: 1+<\/p>","protected":false},"excerpt":{"rendered":"<p>Oblike, napolnjene z gel kroglicami, so odli\u010dne za senzori\u010dno igro. Z manipulativno igro, stiskanjem in pritiskanjem otroci spodbujajo ob\u010dutek dotika. V kombinaciji z osvetljeno plo\u0161\u010do izdelek zagotavlja neverjetne vizualne ob\u010dutke. Specifikacije izdelka: 6 kosov: krog, kvadrat, trikotnik, pravokotnik, petkotnik, \u0161estkotnik; material: plastika; starost: 1+<\/p>","protected":false},"featured_media":12220,"menu_order":0,"comment_status":"open","ping_status":"closed","template":"","meta":[],"product_brand":[],"product_cat":[105],"product_tag":[],"class_list":{"0":"post-10444","1":"product","2":"type-product","3":"status-publish","4":"has-post-thumbnail","6":"product_cat-terapija","8":"first","9":"instock","10":"taxable","11":"shipping-taxable","12":"purchasable","13":"product-type-simple"},"jetpack_sharing_enabled":true,"_links":{"self":[{"href":"https:\/\/senzorika-varga.si\/en\/wp-json\/wp\/v2\/product\/10444","targetHints":{"allow":["GET"]}}],"collection":[{"href":"https:\/\/senzorika-varga.si\/en\/wp-json\/wp\/v2\/product"}],"about":[{"href":"https:\/\/senzorika-varga.si\/en\/wp-json\/wp\/v2\/types\/product"}],"replies":[{"embeddable":true,"href":"https:\/\/senzorika-varga.si\/en\/wp-json\/wp\/v2\/comments?post=10444"}],"version-history":[{"count":1,"href":"https:\/\/senzorika-varga.si\/en\/wp-json\/wp\/v2\/product\/10444\/revisions"}],"predecessor-version":[{"id":10445,"href":"https:\/\/senzorika-varga.si\/en\/wp-json\/wp\/v2\/product\/10444\/revisions\/10445"}],"wp:featuredmedia":[{"embeddable":true,"href":"https:\/\/senzorika-varga.si\/en\/wp-json\/wp\/v2\/media\/12220"}],"wp:attachment":[{"href":"https:\/\/senzorika-varga.si\/en\/wp-json\/wp\/v2\/media?parent=10444"}],"wp:term":[{"taxonomy":"product_brand","embeddable":true,"href":"https:\/\/senzorika-varga.si\/en\/wp-json\/wp\/v2\/product_brand?post=10444"},{"taxonomy":"product_cat","embeddable":true,"href":"https:\/\/senzorika-varga.si\/en\/wp-json\/wp\/v2\/product_cat?post=10444"},{"taxonomy":"product_tag","embeddable":true,"href":"https:\/\/senzorika-varga.si\/en\/wp-json\/wp\/v2\/product_tag?post=10444"}],"curies":[{"name":"wp","href":"https:\/\/api.w.org\/{rel}","templated":true}]}}