{"id":10442,"date":"2025-12-05T22:07:55","date_gmt":"2025-12-05T22:07:55","guid":{"rendered":"https:\/\/senzorika.ajvonidol.si\/?post_type=product&#038;p=10442"},"modified":"2025-12-27T19:42:09","modified_gmt":"2025-12-27T19:42:09","slug":"gelske-geometrijske-oblike","status":"publish","type":"product","link":"https:\/\/senzorika-varga.si\/en\/product\/gelske-geometrijske-oblike\/","title":{"rendered":"Gelske geometrijske oblike"},"content":{"rendered":"<p>Geometrijske oblike iz gela so komplet mehkih, pro\u017enih figur, napolnjenih z barvitim gelom, zasnovanih za spodbujanje senzori\u010dnega raziskovanja. Komplet vklju\u010duje razli\u010dne oblike, kot so kvadrati, trikotniki in krogi, v \u017eivahnih barvah, ki pritegnejo pozornost in podpirajo razvoj vizualnega zaznavanja.<\/p>\n<p>Te oblike so odli\u010dne za izobra\u017eevalne dejavnosti, saj pomagajo pri u\u010denju prepoznavanja in poimenovanja geometrijskih figur, pa tudi pri vajah, povezanih z razvr\u0161\u010danjem in sortiranjem. Njihova prijetna tekstura spodbuja stimulacijo dotika, sposobnost opazovanja gibanja gela znotraj oblik pa pomaga pri koncentraciji in ima pomirjujo\u010d u\u010dinek.<\/p>\n<p>Elementi: 6<\/p>\n<p>Material: plastika<\/p>\n<p>Dimenzije: 17 x 17 cm<\/p>","protected":false},"excerpt":{"rendered":"<p>Geometrijske oblike iz gela so komplet mehkih, pro\u017enih figur, napolnjenih z barvitim gelom, zasnovanih za spodbujanje senzori\u010dnega raziskovanja. Komplet vklju\u010duje razli\u010dne oblike, kot so kvadrati, trikotniki in krogi, v \u017eivahnih barvah, ki pritegnejo pozornost in podpirajo razvoj vizualnega zaznavanja.<\/p>\n<p>Te oblike so odli\u010dne za izobra\u017eevalne dejavnosti, saj pomagajo pri u\u010denju prepoznavanja in poimenovanja geometrijskih figur, pa tudi pri vajah, povezanih z razvr\u0161\u010danjem in sortiranjem. Njihova prijetna tekstura spodbuja stimulacijo dotika, sposobnost opazovanja gibanja gela znotraj oblik pa pomaga pri koncentraciji in ima pomirjujo\u010d u\u010dinek.<\/p>\n<p>Elementi: 6<\/p>\n<p>Material: plastika<\/p>\n<p>Dimenzije: 17 x 17 cm<\/p>","protected":false},"featured_media":12218,"menu_order":0,"comment_status":"open","ping_status":"closed","template":"","meta":[],"product_brand":[],"product_cat":[105],"product_tag":[],"class_list":{"0":"post-10442","1":"product","2":"type-product","3":"status-publish","4":"has-post-thumbnail","6":"product_cat-terapija","8":"first","9":"instock","10":"taxable","11":"shipping-taxable","12":"purchasable","13":"product-type-simple"},"jetpack_sharing_enabled":true,"_links":{"self":[{"href":"https:\/\/senzorika-varga.si\/en\/wp-json\/wp\/v2\/product\/10442","targetHints":{"allow":["GET"]}}],"collection":[{"href":"https:\/\/senzorika-varga.si\/en\/wp-json\/wp\/v2\/product"}],"about":[{"href":"https:\/\/senzorika-varga.si\/en\/wp-json\/wp\/v2\/types\/product"}],"replies":[{"embeddable":true,"href":"https:\/\/senzorika-varga.si\/en\/wp-json\/wp\/v2\/comments?post=10442"}],"version-history":[{"count":1,"href":"https:\/\/senzorika-varga.si\/en\/wp-json\/wp\/v2\/product\/10442\/revisions"}],"predecessor-version":[{"id":10443,"href":"https:\/\/senzorika-varga.si\/en\/wp-json\/wp\/v2\/product\/10442\/revisions\/10443"}],"wp:featuredmedia":[{"embeddable":true,"href":"https:\/\/senzorika-varga.si\/en\/wp-json\/wp\/v2\/media\/12218"}],"wp:attachment":[{"href":"https:\/\/senzorika-varga.si\/en\/wp-json\/wp\/v2\/media?parent=10442"}],"wp:term":[{"taxonomy":"product_brand","embeddable":true,"href":"https:\/\/senzorika-varga.si\/en\/wp-json\/wp\/v2\/product_brand?post=10442"},{"taxonomy":"product_cat","embeddable":true,"href":"https:\/\/senzorika-varga.si\/en\/wp-json\/wp\/v2\/product_cat?post=10442"},{"taxonomy":"product_tag","embeddable":true,"href":"https:\/\/senzorika-varga.si\/en\/wp-json\/wp\/v2\/product_tag?post=10442"}],"curies":[{"name":"wp","href":"https:\/\/api.w.org\/{rel}","templated":true}]}}