{"id":10438,"date":"2025-12-05T22:07:55","date_gmt":"2025-12-05T22:07:55","guid":{"rendered":"https:\/\/senzorika.ajvonidol.si\/?post_type=product&#038;p=10438"},"modified":"2025-12-27T19:42:09","modified_gmt":"2025-12-27T19:42:09","slug":"masazne-zogice-fizol","status":"publish","type":"product","link":"https:\/\/senzorika-varga.si\/en\/product\/masazne-zogice-fizol\/","title":{"rendered":"Masa\u017ene \u017eogice &#8211; Fi\u017eol"},"content":{"rendered":"<p>Komplet masa\u017enih kroglic v obliki fi\u017eola podpira senzori\u010dni in motori\u010dni razvoj z ne\u017eno taktilno stimulacijo. Vsaka kroglica ima ergonomsko obliko fi\u017eola in teksturirano povr\u0161ino, zaradi \u010desar so idealne za masa\u017eo, sprostitvene vaje in spodbujanje krvnega obtoka. Razli\u010dne velikosti in barve spodbujajo aktivnost, hkrati pa podpirajo taktilno zaznavanje in motori\u010dno koordinacijo.<\/p>\n<p>Material: plastika<\/p>\n<p>Dimenzije: 15 x 7 x 7 cm<\/p>\n<p>Starost: 3+<\/p>\n<p>5 kosov<\/p>\n<p>Barva izbrana naklju\u010dno<\/p>","protected":false},"excerpt":{"rendered":"<p>Komplet masa\u017enih kroglic v obliki fi\u017eola podpira senzori\u010dni in motori\u010dni razvoj z ne\u017eno taktilno stimulacijo. Vsaka kroglica ima ergonomsko obliko fi\u017eola in teksturirano povr\u0161ino, zaradi \u010desar so idealne za masa\u017eo, sprostitvene vaje in spodbujanje krvnega obtoka. Razli\u010dne velikosti in barve spodbujajo aktivnost, hkrati pa podpirajo taktilno zaznavanje in motori\u010dno koordinacijo.<\/p>\n<p>Material: plastika<\/p>\n<p>Dimenzije: 15 x 7 x 7 cm<\/p>\n<p>Starost: 3+<\/p>\n<p>5 kosov<\/p>\n<p>Barva izbrana naklju\u010dno<\/p>","protected":false},"featured_media":12214,"menu_order":0,"comment_status":"open","ping_status":"closed","template":"","meta":[],"product_brand":[],"product_cat":[105],"product_tag":[],"class_list":{"0":"post-10438","1":"product","2":"type-product","3":"status-publish","4":"has-post-thumbnail","6":"product_cat-terapija","8":"first","9":"instock","10":"taxable","11":"shipping-taxable","12":"purchasable","13":"product-type-simple"},"jetpack_sharing_enabled":true,"_links":{"self":[{"href":"https:\/\/senzorika-varga.si\/en\/wp-json\/wp\/v2\/product\/10438","targetHints":{"allow":["GET"]}}],"collection":[{"href":"https:\/\/senzorika-varga.si\/en\/wp-json\/wp\/v2\/product"}],"about":[{"href":"https:\/\/senzorika-varga.si\/en\/wp-json\/wp\/v2\/types\/product"}],"replies":[{"embeddable":true,"href":"https:\/\/senzorika-varga.si\/en\/wp-json\/wp\/v2\/comments?post=10438"}],"version-history":[{"count":1,"href":"https:\/\/senzorika-varga.si\/en\/wp-json\/wp\/v2\/product\/10438\/revisions"}],"predecessor-version":[{"id":10439,"href":"https:\/\/senzorika-varga.si\/en\/wp-json\/wp\/v2\/product\/10438\/revisions\/10439"}],"wp:featuredmedia":[{"embeddable":true,"href":"https:\/\/senzorika-varga.si\/en\/wp-json\/wp\/v2\/media\/12214"}],"wp:attachment":[{"href":"https:\/\/senzorika-varga.si\/en\/wp-json\/wp\/v2\/media?parent=10438"}],"wp:term":[{"taxonomy":"product_brand","embeddable":true,"href":"https:\/\/senzorika-varga.si\/en\/wp-json\/wp\/v2\/product_brand?post=10438"},{"taxonomy":"product_cat","embeddable":true,"href":"https:\/\/senzorika-varga.si\/en\/wp-json\/wp\/v2\/product_cat?post=10438"},{"taxonomy":"product_tag","embeddable":true,"href":"https:\/\/senzorika-varga.si\/en\/wp-json\/wp\/v2\/product_tag?post=10438"}],"curies":[{"name":"wp","href":"https:\/\/api.w.org\/{rel}","templated":true}]}}