{"id":10436,"date":"2025-12-05T22:07:55","date_gmt":"2025-12-05T22:07:55","guid":{"rendered":"https:\/\/senzorika.ajvonidol.si\/?post_type=product&#038;p=10436"},"modified":"2025-12-27T19:42:08","modified_gmt":"2025-12-27T19:42:08","slug":"senzoricni-jezek-pop-it","status":"publish","type":"product","link":"https:\/\/senzorika-varga.si\/en\/product\/senzoricni-jezek-pop-it\/","title":{"rendered":"Senzori\u010dni je\u017eek Pop-It"},"content":{"rendered":"<p>Senzori\u010dni je\u017eek bo otrokom pomagal razvijati \u010dute. Oddaja zna\u010dilne klikajo\u010de zvoke.<\/p>\n<p>Podstavek; dimenzije: 15 x 15 x 15 cm; 7 senzori\u010dnih kroglic; material: plastika<\/p>\n<p>starost: 3+<\/p>","protected":false},"excerpt":{"rendered":"<p>Senzori\u010dni je\u017eek bo otrokom pomagal razvijati \u010dute. Oddaja zna\u010dilne klikajo\u010de zvoke.<\/p>\n<p>Podstavek; dimenzije: 15 x 15 x 15 cm; 7 senzori\u010dnih kroglic; material: plastika<\/p>\n<p>starost: 3+<\/p>","protected":false},"featured_media":12213,"menu_order":0,"comment_status":"open","ping_status":"closed","template":"","meta":[],"product_brand":[],"product_cat":[105],"product_tag":[],"class_list":{"0":"post-10436","1":"product","2":"type-product","3":"status-publish","4":"has-post-thumbnail","6":"product_cat-terapija","8":"first","9":"instock","10":"taxable","11":"shipping-taxable","12":"purchasable","13":"product-type-simple"},"jetpack_sharing_enabled":true,"_links":{"self":[{"href":"https:\/\/senzorika-varga.si\/en\/wp-json\/wp\/v2\/product\/10436","targetHints":{"allow":["GET"]}}],"collection":[{"href":"https:\/\/senzorika-varga.si\/en\/wp-json\/wp\/v2\/product"}],"about":[{"href":"https:\/\/senzorika-varga.si\/en\/wp-json\/wp\/v2\/types\/product"}],"replies":[{"embeddable":true,"href":"https:\/\/senzorika-varga.si\/en\/wp-json\/wp\/v2\/comments?post=10436"}],"version-history":[{"count":1,"href":"https:\/\/senzorika-varga.si\/en\/wp-json\/wp\/v2\/product\/10436\/revisions"}],"predecessor-version":[{"id":10437,"href":"https:\/\/senzorika-varga.si\/en\/wp-json\/wp\/v2\/product\/10436\/revisions\/10437"}],"wp:featuredmedia":[{"embeddable":true,"href":"https:\/\/senzorika-varga.si\/en\/wp-json\/wp\/v2\/media\/12213"}],"wp:attachment":[{"href":"https:\/\/senzorika-varga.si\/en\/wp-json\/wp\/v2\/media?parent=10436"}],"wp:term":[{"taxonomy":"product_brand","embeddable":true,"href":"https:\/\/senzorika-varga.si\/en\/wp-json\/wp\/v2\/product_brand?post=10436"},{"taxonomy":"product_cat","embeddable":true,"href":"https:\/\/senzorika-varga.si\/en\/wp-json\/wp\/v2\/product_cat?post=10436"},{"taxonomy":"product_tag","embeddable":true,"href":"https:\/\/senzorika-varga.si\/en\/wp-json\/wp\/v2\/product_tag?post=10436"}],"curies":[{"name":"wp","href":"https:\/\/api.w.org\/{rel}","templated":true}]}}