{"id":10434,"date":"2025-12-05T22:07:55","date_gmt":"2025-12-05T22:07:55","guid":{"rendered":"https:\/\/senzorika.ajvonidol.si\/?post_type=product&#038;p=10434"},"modified":"2025-12-27T19:42:08","modified_gmt":"2025-12-27T19:42:08","slug":"senzoricne-gel-oblike-z-blescicami","status":"publish","type":"product","link":"https:\/\/senzorika-varga.si\/en\/product\/senzoricne-gel-oblike-z-blescicami\/","title":{"rendered":"Senzori\u010dne gel oblike z ble\u0161\u010dicami"},"content":{"rendered":"<p>Komplet senzori\u010dnih oblik, ki spodbujajo vid ali dotik ter slu\u017eijo kot pripomo\u010dek pri manipulativnih vajah. Priporo\u010damo kombinacijo z osvetljenimi plo\u0161\u010dami. Mehki in prijetni elementi na dotik so napolnjeni s posebnim gelom z ble\u0161\u010dicami, ki ob pritisku ustvari edinstvene vzorce. Vse oblike so opremljene z je\u017ekom, ki omogo\u010da ustvarjanje 3D-oblik iz mre\u017e. Ta izdelek je lahko uporaben pri pou\u010devanju geometrije, zlasti pri otrocih z avtizmom. Specifikacije izdelka: 4 elementi: kocka, kvader, prizma, pravilni tetraeder; dimenzije: 19 x 26 cm; material: plastika; starost: 1+<\/p>","protected":false},"excerpt":{"rendered":"<p>Komplet senzori\u010dnih oblik, ki spodbujajo vid ali dotik ter slu\u017eijo kot pripomo\u010dek pri manipulativnih vajah. Priporo\u010damo kombinacijo z osvetljenimi plo\u0161\u010dami. Mehki in prijetni elementi na dotik so napolnjeni s posebnim gelom z ble\u0161\u010dicami, ki ob pritisku ustvari edinstvene vzorce. Vse oblike so opremljene z je\u017ekom, ki omogo\u010da ustvarjanje 3D-oblik iz mre\u017e. Ta izdelek je lahko uporaben pri pou\u010devanju geometrije, zlasti pri otrocih z avtizmom. Specifikacije izdelka: 4 elementi: kocka, kvader, prizma, pravilni tetraeder; dimenzije: 19 x 26 cm; material: plastika; starost: 1+<\/p>","protected":false},"featured_media":12212,"menu_order":0,"comment_status":"open","ping_status":"closed","template":"","meta":[],"product_brand":[],"product_cat":[105],"product_tag":[],"class_list":{"0":"post-10434","1":"product","2":"type-product","3":"status-publish","4":"has-post-thumbnail","6":"product_cat-terapija","8":"first","9":"instock","10":"taxable","11":"shipping-taxable","12":"purchasable","13":"product-type-simple"},"jetpack_sharing_enabled":true,"_links":{"self":[{"href":"https:\/\/senzorika-varga.si\/en\/wp-json\/wp\/v2\/product\/10434","targetHints":{"allow":["GET"]}}],"collection":[{"href":"https:\/\/senzorika-varga.si\/en\/wp-json\/wp\/v2\/product"}],"about":[{"href":"https:\/\/senzorika-varga.si\/en\/wp-json\/wp\/v2\/types\/product"}],"replies":[{"embeddable":true,"href":"https:\/\/senzorika-varga.si\/en\/wp-json\/wp\/v2\/comments?post=10434"}],"version-history":[{"count":1,"href":"https:\/\/senzorika-varga.si\/en\/wp-json\/wp\/v2\/product\/10434\/revisions"}],"predecessor-version":[{"id":10435,"href":"https:\/\/senzorika-varga.si\/en\/wp-json\/wp\/v2\/product\/10434\/revisions\/10435"}],"wp:featuredmedia":[{"embeddable":true,"href":"https:\/\/senzorika-varga.si\/en\/wp-json\/wp\/v2\/media\/12212"}],"wp:attachment":[{"href":"https:\/\/senzorika-varga.si\/en\/wp-json\/wp\/v2\/media?parent=10434"}],"wp:term":[{"taxonomy":"product_brand","embeddable":true,"href":"https:\/\/senzorika-varga.si\/en\/wp-json\/wp\/v2\/product_brand?post=10434"},{"taxonomy":"product_cat","embeddable":true,"href":"https:\/\/senzorika-varga.si\/en\/wp-json\/wp\/v2\/product_cat?post=10434"},{"taxonomy":"product_tag","embeddable":true,"href":"https:\/\/senzorika-varga.si\/en\/wp-json\/wp\/v2\/product_tag?post=10434"}],"curies":[{"name":"wp","href":"https:\/\/api.w.org\/{rel}","templated":true}]}}