{"id":10432,"date":"2025-12-05T22:07:55","date_gmt":"2025-12-05T22:07:55","guid":{"rendered":"https:\/\/senzorika.ajvonidol.si\/?post_type=product&#038;p=10432"},"modified":"2025-12-27T19:42:08","modified_gmt":"2025-12-27T19:42:08","slug":"senzoricna-gel-roza-z-biseri-za-razvrscanje","status":"publish","type":"product","link":"https:\/\/senzorika-varga.si\/en\/product\/senzoricna-gel-roza-z-biseri-za-razvrscanje\/","title":{"rendered":"Senzori\u010dni gel ro\u017ea z biseri za razvr\u0161\u010danje"},"content":{"rendered":"<p>Gel cvet, napolnjen s teko\u010dino in perlicami v razli\u010dnih barvah. Stimulira \u017eivce roke in razvija ob\u010dutljivost na dra\u017eljaje. Cvet lahko slu\u017ei tudi kot pomo\u010d pri u\u010denju barv in \u0161tetju. Material: PVC. Dimenzije: 19 x 11,5 cm. Starost: 3+<\/p>","protected":false},"excerpt":{"rendered":"<p>Gel cvet, napolnjen s teko\u010dino in perlicami v razli\u010dnih barvah. Stimulira \u017eivce roke in razvija ob\u010dutljivost na dra\u017eljaje. Cvet lahko slu\u017ei tudi kot pomo\u010d pri u\u010denju barv in \u0161tetju. Material: PVC. Dimenzije: 19 x 11,5 cm. Starost: 3+<\/p>","protected":false},"featured_media":12211,"menu_order":0,"comment_status":"open","ping_status":"closed","template":"","meta":[],"product_brand":[],"product_cat":[105],"product_tag":[],"class_list":{"0":"post-10432","1":"product","2":"type-product","3":"status-publish","4":"has-post-thumbnail","6":"product_cat-terapija","8":"first","9":"instock","10":"taxable","11":"shipping-taxable","12":"purchasable","13":"product-type-simple"},"jetpack_sharing_enabled":true,"_links":{"self":[{"href":"https:\/\/senzorika-varga.si\/en\/wp-json\/wp\/v2\/product\/10432","targetHints":{"allow":["GET"]}}],"collection":[{"href":"https:\/\/senzorika-varga.si\/en\/wp-json\/wp\/v2\/product"}],"about":[{"href":"https:\/\/senzorika-varga.si\/en\/wp-json\/wp\/v2\/types\/product"}],"replies":[{"embeddable":true,"href":"https:\/\/senzorika-varga.si\/en\/wp-json\/wp\/v2\/comments?post=10432"}],"version-history":[{"count":2,"href":"https:\/\/senzorika-varga.si\/en\/wp-json\/wp\/v2\/product\/10432\/revisions"}],"predecessor-version":[{"id":13051,"href":"https:\/\/senzorika-varga.si\/en\/wp-json\/wp\/v2\/product\/10432\/revisions\/13051"}],"wp:featuredmedia":[{"embeddable":true,"href":"https:\/\/senzorika-varga.si\/en\/wp-json\/wp\/v2\/media\/12211"}],"wp:attachment":[{"href":"https:\/\/senzorika-varga.si\/en\/wp-json\/wp\/v2\/media?parent=10432"}],"wp:term":[{"taxonomy":"product_brand","embeddable":true,"href":"https:\/\/senzorika-varga.si\/en\/wp-json\/wp\/v2\/product_brand?post=10432"},{"taxonomy":"product_cat","embeddable":true,"href":"https:\/\/senzorika-varga.si\/en\/wp-json\/wp\/v2\/product_cat?post=10432"},{"taxonomy":"product_tag","embeddable":true,"href":"https:\/\/senzorika-varga.si\/en\/wp-json\/wp\/v2\/product_tag?post=10432"}],"curies":[{"name":"wp","href":"https:\/\/api.w.org\/{rel}","templated":true}]}}