{"id":10426,"date":"2025-12-05T22:07:55","date_gmt":"2025-12-05T22:07:55","guid":{"rendered":"https:\/\/senzorika.ajvonidol.si\/?post_type=product&#038;p=10426"},"modified":"2025-12-27T19:42:07","modified_gmt":"2025-12-27T19:42:07","slug":"masazna-krtaca-kit","status":"publish","type":"product","link":"https:\/\/senzorika-varga.si\/en\/product\/masazna-krtaca-kit\/","title":{"rendered":"Masa\u017ena krta\u010da &#8211; Kit"},"content":{"rendered":"<p>Masa\u017ea s krta\u010do v obliki kita bo otrokom omogo\u010dila sprostitev in umiritev. Ne\u017ene silikonske \u0161\u010detine masirajo telo in izbolj\u0161ajo proprioceptivno zaznavanje. Krta\u010do lahko uporabljate za masa\u017eo s pomo\u010djo negovalca ali pa jo uporabljate samostojno za masa\u017eo rok ali nog. Ta pripomo\u010dek je odli\u010den tudi za otroke z motnjami avtisti\u010dnega spektra in hiperaktivnostjo med terapevtskimi sejami.<\/p>\n<p>dim.: 14 x 2 x 6 cm<\/p>\n<p>material: varen silikon.<\/p>\n<p>starost: 6 mesecev +<\/p>","protected":false},"excerpt":{"rendered":"<p>Masa\u017ea s krta\u010do v obliki kita bo otrokom omogo\u010dila sprostitev in umiritev. Ne\u017ene silikonske \u0161\u010detine masirajo telo in izbolj\u0161ajo proprioceptivno zaznavanje. Krta\u010do lahko uporabljate za masa\u017eo s pomo\u010djo negovalca ali pa jo uporabljate samostojno za masa\u017eo rok ali nog. Ta pripomo\u010dek je odli\u010den tudi za otroke z motnjami avtisti\u010dnega spektra in hiperaktivnostjo med terapevtskimi sejami.<\/p>\n<p>dim.: 14 x 2 x 6 cm<\/p>\n<p>material: varen silikon.<\/p>\n<p>starost: 6 mesecev +<\/p>","protected":false},"featured_media":12206,"menu_order":0,"comment_status":"open","ping_status":"closed","template":"","meta":[],"product_brand":[],"product_cat":[84],"product_tag":[],"class_list":{"0":"post-10426","1":"product","2":"type-product","3":"status-publish","4":"has-post-thumbnail","6":"product_cat-taktilno-razlikovanje","8":"first","9":"instock","10":"taxable","11":"shipping-taxable","12":"purchasable","13":"product-type-simple"},"jetpack_sharing_enabled":true,"_links":{"self":[{"href":"https:\/\/senzorika-varga.si\/en\/wp-json\/wp\/v2\/product\/10426","targetHints":{"allow":["GET"]}}],"collection":[{"href":"https:\/\/senzorika-varga.si\/en\/wp-json\/wp\/v2\/product"}],"about":[{"href":"https:\/\/senzorika-varga.si\/en\/wp-json\/wp\/v2\/types\/product"}],"replies":[{"embeddable":true,"href":"https:\/\/senzorika-varga.si\/en\/wp-json\/wp\/v2\/comments?post=10426"}],"version-history":[{"count":1,"href":"https:\/\/senzorika-varga.si\/en\/wp-json\/wp\/v2\/product\/10426\/revisions"}],"predecessor-version":[{"id":10427,"href":"https:\/\/senzorika-varga.si\/en\/wp-json\/wp\/v2\/product\/10426\/revisions\/10427"}],"wp:featuredmedia":[{"embeddable":true,"href":"https:\/\/senzorika-varga.si\/en\/wp-json\/wp\/v2\/media\/12206"}],"wp:attachment":[{"href":"https:\/\/senzorika-varga.si\/en\/wp-json\/wp\/v2\/media?parent=10426"}],"wp:term":[{"taxonomy":"product_brand","embeddable":true,"href":"https:\/\/senzorika-varga.si\/en\/wp-json\/wp\/v2\/product_brand?post=10426"},{"taxonomy":"product_cat","embeddable":true,"href":"https:\/\/senzorika-varga.si\/en\/wp-json\/wp\/v2\/product_cat?post=10426"},{"taxonomy":"product_tag","embeddable":true,"href":"https:\/\/senzorika-varga.si\/en\/wp-json\/wp\/v2\/product_tag?post=10426"}],"curies":[{"name":"wp","href":"https:\/\/api.w.org\/{rel}","templated":true}]}}