{"id":10424,"date":"2025-12-05T22:07:52","date_gmt":"2025-12-05T22:07:52","guid":{"rendered":"https:\/\/senzorika.ajvonidol.si\/?post_type=product&#038;p=10424"},"modified":"2025-12-27T19:41:53","modified_gmt":"2025-12-27T19:41:53","slug":"antistresni-gel","status":"publish","type":"product","link":"https:\/\/senzorika-varga.si\/en\/product\/antistresni-gel\/","title":{"rendered":"Antistresni gel igra\u010da"},"content":{"rendered":"<p>Spro\u0161\u010dujo\u010da stiskalna igra\u010da, napolnjena z barvnimi teko\u010dinami. Ob pritisku se dvobarvna teko\u010dina preme\u0161a in ustvari opazen vizualni u\u010dinek. Tekstura izdelka je prijetna na dotik, mehko gelsko polnilo pa pomirja in umirja. Material: PVC. Dimenzije: 22 x 15 cm. Starost: 3+<\/p>","protected":false},"excerpt":{"rendered":"<p>Spro\u0161\u010dujo\u010da stiskalna igra\u010da, napolnjena z barvnimi teko\u010dinami. Ob pritisku se dvobarvna teko\u010dina preme\u0161a in ustvari opazen vizualni u\u010dinek. Tekstura izdelka je prijetna na dotik, mehko gelsko polnilo pa pomirja in umirja. Material: PVC. Dimenzije: 22 x 15 cm. Starost: 3+<\/p>","protected":false},"featured_media":12204,"menu_order":0,"comment_status":"open","ping_status":"closed","template":"","meta":[],"product_brand":[],"product_cat":[84],"product_tag":[],"class_list":{"0":"post-10424","1":"product","2":"type-product","3":"status-publish","4":"has-post-thumbnail","6":"product_cat-taktilno-razlikovanje","8":"first","9":"instock","10":"taxable","11":"shipping-taxable","12":"purchasable","13":"product-type-simple"},"jetpack_sharing_enabled":true,"_links":{"self":[{"href":"https:\/\/senzorika-varga.si\/en\/wp-json\/wp\/v2\/product\/10424","targetHints":{"allow":["GET"]}}],"collection":[{"href":"https:\/\/senzorika-varga.si\/en\/wp-json\/wp\/v2\/product"}],"about":[{"href":"https:\/\/senzorika-varga.si\/en\/wp-json\/wp\/v2\/types\/product"}],"replies":[{"embeddable":true,"href":"https:\/\/senzorika-varga.si\/en\/wp-json\/wp\/v2\/comments?post=10424"}],"version-history":[{"count":2,"href":"https:\/\/senzorika-varga.si\/en\/wp-json\/wp\/v2\/product\/10424\/revisions"}],"predecessor-version":[{"id":13049,"href":"https:\/\/senzorika-varga.si\/en\/wp-json\/wp\/v2\/product\/10424\/revisions\/13049"}],"wp:featuredmedia":[{"embeddable":true,"href":"https:\/\/senzorika-varga.si\/en\/wp-json\/wp\/v2\/media\/12204"}],"wp:attachment":[{"href":"https:\/\/senzorika-varga.si\/en\/wp-json\/wp\/v2\/media?parent=10424"}],"wp:term":[{"taxonomy":"product_brand","embeddable":true,"href":"https:\/\/senzorika-varga.si\/en\/wp-json\/wp\/v2\/product_brand?post=10424"},{"taxonomy":"product_cat","embeddable":true,"href":"https:\/\/senzorika-varga.si\/en\/wp-json\/wp\/v2\/product_cat?post=10424"},{"taxonomy":"product_tag","embeddable":true,"href":"https:\/\/senzorika-varga.si\/en\/wp-json\/wp\/v2\/product_tag?post=10424"}],"curies":[{"name":"wp","href":"https:\/\/api.w.org\/{rel}","templated":true}]}}