{"id":10416,"date":"2025-12-05T22:07:52","date_gmt":"2025-12-05T22:07:52","guid":{"rendered":"https:\/\/senzorika.ajvonidol.si\/?post_type=product&#038;p=10416"},"modified":"2025-12-27T19:41:50","modified_gmt":"2025-12-27T19:41:50","slug":"senzoricne-blazinice-za-stopala","status":"publish","type":"product","link":"https:\/\/senzorika-varga.si\/en\/product\/senzoricne-blazinice-za-stopala\/","title":{"rendered":"Senzori\u010dne blazinice za stopala"},"content":{"rendered":"<p>Senzori\u010dne blazinice za stopala so filcni elementi, ki ponujajo razli\u010dne teksture na povr\u0161ini, kar zagotavlja taktilno stimulacijo in podpira senzori\u010dni razvoj. Vsaka blazinica za stopala ima edinstveno teksturo, ki omogo\u010da raznolike taktilne izku\u0161nje, ki spodbujajo ko\u017ene receptorje. Zahvaljujo\u010d mehki, a raznoliki povr\u0161ini senzori\u010dne blazinice za stopala pomagajo razvijati taktilno zaznavanje, zavedanje telesa in motori\u010dno koordinacijo. To je idealno orodje za senzori\u010dne vaje, ki se lahko uporabljajo v terapiji ali igri.<\/p>\n<p>12 kosov<\/p>\n<p>Material: filc, plastika<\/p>\n<p>Dimenzije: 12 x 15 cm<\/p>\n<p>Starost: 3+<\/p>","protected":false},"excerpt":{"rendered":"<p>Senzori\u010dne blazinice za stopala so filcni elementi, ki ponujajo razli\u010dne teksture na povr\u0161ini, kar zagotavlja taktilno stimulacijo in podpira senzori\u010dni razvoj. Vsaka blazinica za stopala ima edinstveno teksturo, ki omogo\u010da raznolike taktilne izku\u0161nje, ki spodbujajo ko\u017ene receptorje. Zahvaljujo\u010d mehki, a raznoliki povr\u0161ini senzori\u010dne blazinice za stopala pomagajo razvijati taktilno zaznavanje, zavedanje telesa in motori\u010dno koordinacijo. To je idealno orodje za senzori\u010dne vaje, ki se lahko uporabljajo v terapiji ali igri.<\/p>\n<p>12 kosov<\/p>\n<p>Material: filc, plastika<\/p>\n<p>Dimenzije: 12 x 15 cm<\/p>\n<p>Starost: 3+<\/p>","protected":false},"featured_media":12193,"menu_order":0,"comment_status":"open","ping_status":"closed","template":"","meta":[],"product_brand":[],"product_cat":[84],"product_tag":[],"class_list":{"0":"post-10416","1":"product","2":"type-product","3":"status-publish","4":"has-post-thumbnail","6":"product_cat-taktilno-razlikovanje","8":"first","9":"instock","10":"taxable","11":"shipping-taxable","12":"purchasable","13":"product-type-simple"},"jetpack_sharing_enabled":true,"_links":{"self":[{"href":"https:\/\/senzorika-varga.si\/en\/wp-json\/wp\/v2\/product\/10416","targetHints":{"allow":["GET"]}}],"collection":[{"href":"https:\/\/senzorika-varga.si\/en\/wp-json\/wp\/v2\/product"}],"about":[{"href":"https:\/\/senzorika-varga.si\/en\/wp-json\/wp\/v2\/types\/product"}],"replies":[{"embeddable":true,"href":"https:\/\/senzorika-varga.si\/en\/wp-json\/wp\/v2\/comments?post=10416"}],"version-history":[{"count":1,"href":"https:\/\/senzorika-varga.si\/en\/wp-json\/wp\/v2\/product\/10416\/revisions"}],"predecessor-version":[{"id":10417,"href":"https:\/\/senzorika-varga.si\/en\/wp-json\/wp\/v2\/product\/10416\/revisions\/10417"}],"wp:featuredmedia":[{"embeddable":true,"href":"https:\/\/senzorika-varga.si\/en\/wp-json\/wp\/v2\/media\/12193"}],"wp:attachment":[{"href":"https:\/\/senzorika-varga.si\/en\/wp-json\/wp\/v2\/media?parent=10416"}],"wp:term":[{"taxonomy":"product_brand","embeddable":true,"href":"https:\/\/senzorika-varga.si\/en\/wp-json\/wp\/v2\/product_brand?post=10416"},{"taxonomy":"product_cat","embeddable":true,"href":"https:\/\/senzorika-varga.si\/en\/wp-json\/wp\/v2\/product_cat?post=10416"},{"taxonomy":"product_tag","embeddable":true,"href":"https:\/\/senzorika-varga.si\/en\/wp-json\/wp\/v2\/product_tag?post=10416"}],"curies":[{"name":"wp","href":"https:\/\/api.w.org\/{rel}","templated":true}]}}