{"id":10412,"date":"2025-12-05T22:07:52","date_gmt":"2025-12-05T22:07:52","guid":{"rendered":"https:\/\/senzorika.ajvonidol.si\/?post_type=product&#038;p=10412"},"modified":"2025-12-27T19:41:50","modified_gmt":"2025-12-27T19:41:50","slug":"senzorne-rokavice","status":"publish","type":"product","link":"https:\/\/senzorika-varga.si\/en\/product\/senzorne-rokavice\/","title":{"rendered":"Senzorne rokavice"},"content":{"rendered":"<p>Senzori\u010dne masa\u017ene rokavice so terapevtski komplet, ki u\u010dinkovito spodbuja taktilni in proprioceptivni sistem. Izdelane so iz razli\u010dnih materialov, kot so oxfordski poliestrski materiali, d\u017eins, \u017eamet in razli\u010dne vrste PVC-ja, ter ponujajo razli\u010dne teksture, ki zagotavljajo raznolike taktilne izku\u0161nje. Notranjost je napolnjena s peno in steklenimi kroglicami za okrepitev senzori\u010dnih ob\u010dutkov, kar uporabnikom omogo\u010da bolj\u0161e zaznavanje tekstur in oblik. Privla\u010dne barve dodatno spodbujajo vid in spodbujajo raziskovanje.<\/p>\n<p>Univerzalna oblika rokavic omogo\u010da vsestransko uporabo pri skupinskih vajah in individualnih terapevtskih sejah. Rokavice so idealne za senzori\u010dno masa\u017eo, pa tudi pri treningu spro\u0161\u010danja in uravnavanju mi\u0161i\u010dne napetosti.<\/p>\n<p>Dimenzije: 28 x 21 cm.<\/p>","protected":false},"excerpt":{"rendered":"<p>Senzori\u010dne masa\u017ene rokavice so terapevtski komplet, ki u\u010dinkovito spodbuja taktilni in proprioceptivni sistem. Izdelane so iz razli\u010dnih materialov, kot so oxfordski poliestrski materiali, d\u017eins, \u017eamet in razli\u010dne vrste PVC-ja, ter ponujajo razli\u010dne teksture, ki zagotavljajo raznolike taktilne izku\u0161nje. Notranjost je napolnjena s peno in steklenimi kroglicami za okrepitev senzori\u010dnih ob\u010dutkov, kar uporabnikom omogo\u010da bolj\u0161e zaznavanje tekstur in oblik. Privla\u010dne barve dodatno spodbujajo vid in spodbujajo raziskovanje.<\/p>\n<p>Univerzalna oblika rokavic omogo\u010da vsestransko uporabo pri skupinskih vajah in individualnih terapevtskih sejah. Rokavice so idealne za senzori\u010dno masa\u017eo, pa tudi pri treningu spro\u0161\u010danja in uravnavanju mi\u0161i\u010dne napetosti.<\/p>\n<p>Dimenzije: 28 x 21 cm.<\/p>","protected":false},"featured_media":12189,"menu_order":0,"comment_status":"open","ping_status":"closed","template":"","meta":[],"product_brand":[],"product_cat":[84],"product_tag":[],"class_list":{"0":"post-10412","1":"product","2":"type-product","3":"status-publish","4":"has-post-thumbnail","6":"product_cat-taktilno-razlikovanje","8":"first","9":"instock","10":"taxable","11":"shipping-taxable","12":"purchasable","13":"product-type-simple"},"jetpack_sharing_enabled":true,"_links":{"self":[{"href":"https:\/\/senzorika-varga.si\/en\/wp-json\/wp\/v2\/product\/10412","targetHints":{"allow":["GET"]}}],"collection":[{"href":"https:\/\/senzorika-varga.si\/en\/wp-json\/wp\/v2\/product"}],"about":[{"href":"https:\/\/senzorika-varga.si\/en\/wp-json\/wp\/v2\/types\/product"}],"replies":[{"embeddable":true,"href":"https:\/\/senzorika-varga.si\/en\/wp-json\/wp\/v2\/comments?post=10412"}],"version-history":[{"count":1,"href":"https:\/\/senzorika-varga.si\/en\/wp-json\/wp\/v2\/product\/10412\/revisions"}],"predecessor-version":[{"id":10413,"href":"https:\/\/senzorika-varga.si\/en\/wp-json\/wp\/v2\/product\/10412\/revisions\/10413"}],"wp:featuredmedia":[{"embeddable":true,"href":"https:\/\/senzorika-varga.si\/en\/wp-json\/wp\/v2\/media\/12189"}],"wp:attachment":[{"href":"https:\/\/senzorika-varga.si\/en\/wp-json\/wp\/v2\/media?parent=10412"}],"wp:term":[{"taxonomy":"product_brand","embeddable":true,"href":"https:\/\/senzorika-varga.si\/en\/wp-json\/wp\/v2\/product_brand?post=10412"},{"taxonomy":"product_cat","embeddable":true,"href":"https:\/\/senzorika-varga.si\/en\/wp-json\/wp\/v2\/product_cat?post=10412"},{"taxonomy":"product_tag","embeddable":true,"href":"https:\/\/senzorika-varga.si\/en\/wp-json\/wp\/v2\/product_tag?post=10412"}],"curies":[{"name":"wp","href":"https:\/\/api.w.org\/{rel}","templated":true}]}}