{"id":10410,"date":"2025-12-05T22:07:52","date_gmt":"2025-12-05T22:07:52","guid":{"rendered":"https:\/\/senzorika.ajvonidol.si\/?post_type=product&#038;p=10410"},"modified":"2025-12-27T19:41:50","modified_gmt":"2025-12-27T19:41:50","slug":"sladkarije-z-zakladom","status":"publish","type":"product","link":"https:\/\/senzorika-varga.si\/en\/product\/sladkarije-z-zakladom\/","title":{"rendered":"Sladki zaklad"},"content":{"rendered":"<p>Mehka in prijetna blazina v obliki bonbona z manipulacijskimi aplikacijami za otroke, ki jih zanima svet. Vrvice, gumbi, je\u017eki, zaponke in pritiska\u010di so elementi, ki podpirajo razvoj motori\u010dnih sposobnosti, vidnega zaznavanja in kognitivnih sposobnosti. Poleg tega spodbuja otrokov vid, sluh in dotik. V notranjosti bonbona najdemo senzori\u010dne dodatke razli\u010dnih oblik in tekstur. Dol\u017eina: 70 cm, premer: 70 cm; material: mikroflis, polnilo: me\u0161anica bomba\u017enih in poliestrskih vlaken; pranje pri 60 stopinjah C; 6 vre\u010dk razli\u010dnih oblik in tekstur s polnilom iz plasti\u010dnih kroglic, dimenzije pribli\u017eno 15 cm, starost: 2+<\/p>","protected":false},"excerpt":{"rendered":"<p>Mehka in prijetna blazina v obliki bonbona z manipulacijskimi aplikacijami za otroke, ki jih zanima svet. Vrvice, gumbi, je\u017eki, zaponke in pritiska\u010di so elementi, ki podpirajo razvoj motori\u010dnih sposobnosti, vidnega zaznavanja in kognitivnih sposobnosti. Poleg tega spodbuja otrokov vid, sluh in dotik. V notranjosti bonbona najdemo senzori\u010dne dodatke razli\u010dnih oblik in tekstur. Dol\u017eina: 70 cm, premer: 70 cm; material: mikroflis, polnilo: me\u0161anica bomba\u017enih in poliestrskih vlaken; pranje pri 60 stopinjah C; 6 vre\u010dk razli\u010dnih oblik in tekstur s polnilom iz plasti\u010dnih kroglic, dimenzije pribli\u017eno 15 cm, starost: 2+<\/p>","protected":false},"featured_media":12179,"menu_order":0,"comment_status":"open","ping_status":"closed","template":"","meta":[],"product_brand":[],"product_cat":[84],"product_tag":[],"class_list":{"0":"post-10410","1":"product","2":"type-product","3":"status-publish","4":"has-post-thumbnail","6":"product_cat-taktilno-razlikovanje","8":"first","9":"instock","10":"taxable","11":"shipping-taxable","12":"purchasable","13":"product-type-simple"},"jetpack_sharing_enabled":true,"_links":{"self":[{"href":"https:\/\/senzorika-varga.si\/en\/wp-json\/wp\/v2\/product\/10410","targetHints":{"allow":["GET"]}}],"collection":[{"href":"https:\/\/senzorika-varga.si\/en\/wp-json\/wp\/v2\/product"}],"about":[{"href":"https:\/\/senzorika-varga.si\/en\/wp-json\/wp\/v2\/types\/product"}],"replies":[{"embeddable":true,"href":"https:\/\/senzorika-varga.si\/en\/wp-json\/wp\/v2\/comments?post=10410"}],"version-history":[{"count":2,"href":"https:\/\/senzorika-varga.si\/en\/wp-json\/wp\/v2\/product\/10410\/revisions"}],"predecessor-version":[{"id":13048,"href":"https:\/\/senzorika-varga.si\/en\/wp-json\/wp\/v2\/product\/10410\/revisions\/13048"}],"wp:featuredmedia":[{"embeddable":true,"href":"https:\/\/senzorika-varga.si\/en\/wp-json\/wp\/v2\/media\/12179"}],"wp:attachment":[{"href":"https:\/\/senzorika-varga.si\/en\/wp-json\/wp\/v2\/media?parent=10410"}],"wp:term":[{"taxonomy":"product_brand","embeddable":true,"href":"https:\/\/senzorika-varga.si\/en\/wp-json\/wp\/v2\/product_brand?post=10410"},{"taxonomy":"product_cat","embeddable":true,"href":"https:\/\/senzorika-varga.si\/en\/wp-json\/wp\/v2\/product_cat?post=10410"},{"taxonomy":"product_tag","embeddable":true,"href":"https:\/\/senzorika-varga.si\/en\/wp-json\/wp\/v2\/product_tag?post=10410"}],"curies":[{"name":"wp","href":"https:\/\/api.w.org\/{rel}","templated":true}]}}