{"id":10408,"date":"2025-12-05T22:07:52","date_gmt":"2025-12-05T22:07:52","guid":{"rendered":"https:\/\/senzorika.ajvonidol.si\/?post_type=product&#038;p=10408"},"modified":"2025-12-27T19:41:49","modified_gmt":"2025-12-27T19:41:49","slug":"kmetija-za-razvrscanje","status":"publish","type":"product","link":"https:\/\/senzorika-varga.si\/en\/product\/kmetija-za-razvrscanje\/","title":{"rendered":"Kmetija &#8211; razvr\u0161\u010danje"},"content":{"rendered":"<p>Senzori\u010dni komplet s kme\u010dko tematiko, ki vklju\u010duje razli\u010dne lesene in plasti\u010dne elemente z miniaturnimi \u017eivalmi, mahom in kamni razli\u010dnih velikosti ter lopate za sortiranje. Uporaba razli\u010dnih meril, kot so oblika, barva ali vrsta, pomaga razvijati kognitivne sposobnosti, motori\u010dne spretnosti in logi\u010dno razmi\u0161ljanje. Kme\u010dka tema spodbuja raziskovanje narave in pode\u017eelskega \u017eivljenja, hkrati pa spodbuja domi\u0161ljijo in ustvarjalnost.<\/p>\n<p>Dimenzije: 26 x 26 x 8 cm<\/p>\n<p>Starost: 3+<\/p>","protected":false},"excerpt":{"rendered":"<p>Senzori\u010dni komplet s kme\u010dko tematiko, ki vklju\u010duje razli\u010dne lesene in plasti\u010dne elemente z miniaturnimi \u017eivalmi, mahom in kamni razli\u010dnih velikosti ter lopate za sortiranje. Uporaba razli\u010dnih meril, kot so oblika, barva ali vrsta, pomaga razvijati kognitivne sposobnosti, motori\u010dne spretnosti in logi\u010dno razmi\u0161ljanje. Kme\u010dka tema spodbuja raziskovanje narave in pode\u017eelskega \u017eivljenja, hkrati pa spodbuja domi\u0161ljijo in ustvarjalnost.<\/p>\n<p>Dimenzije: 26 x 26 x 8 cm<\/p>\n<p>Starost: 3+<\/p>","protected":false},"featured_media":12175,"menu_order":0,"comment_status":"open","ping_status":"closed","template":"","meta":[],"product_brand":[],"product_cat":[84],"product_tag":[],"class_list":{"0":"post-10408","1":"product","2":"type-product","3":"status-publish","4":"has-post-thumbnail","6":"product_cat-taktilno-razlikovanje","8":"first","9":"instock","10":"taxable","11":"shipping-taxable","12":"purchasable","13":"product-type-simple"},"jetpack_sharing_enabled":true,"_links":{"self":[{"href":"https:\/\/senzorika-varga.si\/en\/wp-json\/wp\/v2\/product\/10408","targetHints":{"allow":["GET"]}}],"collection":[{"href":"https:\/\/senzorika-varga.si\/en\/wp-json\/wp\/v2\/product"}],"about":[{"href":"https:\/\/senzorika-varga.si\/en\/wp-json\/wp\/v2\/types\/product"}],"replies":[{"embeddable":true,"href":"https:\/\/senzorika-varga.si\/en\/wp-json\/wp\/v2\/comments?post=10408"}],"version-history":[{"count":2,"href":"https:\/\/senzorika-varga.si\/en\/wp-json\/wp\/v2\/product\/10408\/revisions"}],"predecessor-version":[{"id":13047,"href":"https:\/\/senzorika-varga.si\/en\/wp-json\/wp\/v2\/product\/10408\/revisions\/13047"}],"wp:featuredmedia":[{"embeddable":true,"href":"https:\/\/senzorika-varga.si\/en\/wp-json\/wp\/v2\/media\/12175"}],"wp:attachment":[{"href":"https:\/\/senzorika-varga.si\/en\/wp-json\/wp\/v2\/media?parent=10408"}],"wp:term":[{"taxonomy":"product_brand","embeddable":true,"href":"https:\/\/senzorika-varga.si\/en\/wp-json\/wp\/v2\/product_brand?post=10408"},{"taxonomy":"product_cat","embeddable":true,"href":"https:\/\/senzorika-varga.si\/en\/wp-json\/wp\/v2\/product_cat?post=10408"},{"taxonomy":"product_tag","embeddable":true,"href":"https:\/\/senzorika-varga.si\/en\/wp-json\/wp\/v2\/product_tag?post=10408"}],"curies":[{"name":"wp","href":"https:\/\/api.w.org\/{rel}","templated":true}]}}