{"id":10402,"date":"2025-12-05T22:07:50","date_gmt":"2025-12-05T22:07:50","guid":{"rendered":"https:\/\/senzorika.ajvonidol.si\/?post_type=product&#038;p=10402"},"modified":"2025-12-27T19:41:46","modified_gmt":"2025-12-27T19:41:46","slug":"teksturirani-kvadratni-oblizi-v-vrecki","status":"publish","type":"product","link":"https:\/\/senzorika-varga.si\/en\/product\/teksturirani-kvadratni-oblizi-v-vrecki\/","title":{"rendered":"Teksturirani kvadratni obli\u017ei v vre\u010dki"},"content":{"rendered":"<p>Komplet 10 parov kvadratnih obli\u017eev z razli\u010dnimi teksturami. Vsak obli\u017e je druga\u010den, kar otrokom omogo\u010da senzori\u010dno igro z ujemanjem, odkrivanjem in opisovanjem njihovih tekstur. Komplet vklju\u010duje vre\u010dko, v katero lahko otroci ne le shranjujejo obli\u017ee, temve\u010d v igro vnesejo tudi element naklju\u010dnosti. Dejavnost s kompletom ponuja \u0161tevilne senzori\u010dne izku\u0161nje, izbolj\u0161uje koncentracijo in osredoto\u010denost pri otrocih ter bogati njihov besedni zaklad. Specifikacije izdelka: 20 kosov; dimenzije: pribli\u017eno 5 x 7,5 cm; material: 2 x poliuretan, 2 x najlon; 2 x nedrse\u010da tkanina, 2 x saten, 2 x volna, 2 x pli\u0161, 2 x tkanina z reliefnimi \u010drtami vzdol\u017e tkanine, 2 x frotir, 2 x je\u017eek, 2 x svetle\u010da tkanina; polnilo: izrezani ko\u0161\u010dki EVA pene, bomba\u017e; starost: 1+<\/p>","protected":false},"excerpt":{"rendered":"<p>Komplet 10 parov kvadratnih obli\u017eev z razli\u010dnimi teksturami. Vsak obli\u017e je druga\u010den, kar otrokom omogo\u010da senzori\u010dno igro z ujemanjem, odkrivanjem in opisovanjem njihovih tekstur. Komplet vklju\u010duje vre\u010dko, v katero lahko otroci ne le shranjujejo obli\u017ee, temve\u010d v igro vnesejo tudi element naklju\u010dnosti. Dejavnost s kompletom ponuja \u0161tevilne senzori\u010dne izku\u0161nje, izbolj\u0161uje koncentracijo in osredoto\u010denost pri otrocih ter bogati njihov besedni zaklad. Specifikacije izdelka: 20 kosov; dimenzije: pribli\u017eno 5 x 7,5 cm; material: 2 x poliuretan, 2 x najlon; 2 x nedrse\u010da tkanina, 2 x saten, 2 x volna, 2 x pli\u0161, 2 x tkanina z reliefnimi \u010drtami vzdol\u017e tkanine, 2 x frotir, 2 x je\u017eek, 2 x svetle\u010da tkanina; polnilo: izrezani ko\u0161\u010dki EVA pene, bomba\u017e; starost: 1+<\/p>","protected":false},"featured_media":12164,"menu_order":0,"comment_status":"open","ping_status":"closed","template":"","meta":[],"product_brand":[],"product_cat":[84],"product_tag":[],"class_list":{"0":"post-10402","1":"product","2":"type-product","3":"status-publish","4":"has-post-thumbnail","6":"product_cat-taktilno-razlikovanje","8":"first","9":"instock","10":"taxable","11":"shipping-taxable","12":"purchasable","13":"product-type-simple"},"jetpack_sharing_enabled":true,"_links":{"self":[{"href":"https:\/\/senzorika-varga.si\/en\/wp-json\/wp\/v2\/product\/10402","targetHints":{"allow":["GET"]}}],"collection":[{"href":"https:\/\/senzorika-varga.si\/en\/wp-json\/wp\/v2\/product"}],"about":[{"href":"https:\/\/senzorika-varga.si\/en\/wp-json\/wp\/v2\/types\/product"}],"replies":[{"embeddable":true,"href":"https:\/\/senzorika-varga.si\/en\/wp-json\/wp\/v2\/comments?post=10402"}],"version-history":[{"count":1,"href":"https:\/\/senzorika-varga.si\/en\/wp-json\/wp\/v2\/product\/10402\/revisions"}],"predecessor-version":[{"id":10403,"href":"https:\/\/senzorika-varga.si\/en\/wp-json\/wp\/v2\/product\/10402\/revisions\/10403"}],"wp:featuredmedia":[{"embeddable":true,"href":"https:\/\/senzorika-varga.si\/en\/wp-json\/wp\/v2\/media\/12164"}],"wp:attachment":[{"href":"https:\/\/senzorika-varga.si\/en\/wp-json\/wp\/v2\/media?parent=10402"}],"wp:term":[{"taxonomy":"product_brand","embeddable":true,"href":"https:\/\/senzorika-varga.si\/en\/wp-json\/wp\/v2\/product_brand?post=10402"},{"taxonomy":"product_cat","embeddable":true,"href":"https:\/\/senzorika-varga.si\/en\/wp-json\/wp\/v2\/product_cat?post=10402"},{"taxonomy":"product_tag","embeddable":true,"href":"https:\/\/senzorika-varga.si\/en\/wp-json\/wp\/v2\/product_tag?post=10402"}],"curies":[{"name":"wp","href":"https:\/\/api.w.org\/{rel}","templated":true}]}}