{"id":10396,"date":"2025-12-05T22:07:50","date_gmt":"2025-12-05T22:07:50","guid":{"rendered":"https:\/\/senzorika.ajvonidol.si\/?post_type=product&#038;p=10396"},"modified":"2025-12-27T19:41:45","modified_gmt":"2025-12-27T19:41:45","slug":"senzoricna-pot","status":"publish","type":"product","link":"https:\/\/senzorika-varga.si\/en\/product\/senzoricna-pot\/","title":{"rendered":"Senzori\u010dna pot"},"content":{"rendered":"<p>Komplet plo\u0161\u010dic z razli\u010dnimi teksturami, uokvirjenih z masivnim lesom. 6 plo\u0161\u010dic; 35,5 x 30,5 x 2 cm<\/p>","protected":false},"excerpt":{"rendered":"<p>Komplet plo\u0161\u010dic z razli\u010dnimi teksturami, uokvirjenih z masivnim lesom. 6 plo\u0161\u010dic; 35,5 x 30,5 x 2 cm<\/p>","protected":false},"featured_media":12161,"menu_order":0,"comment_status":"open","ping_status":"closed","template":"","meta":[],"product_brand":[],"product_cat":[84],"product_tag":[],"class_list":{"0":"post-10396","1":"product","2":"type-product","3":"status-publish","4":"has-post-thumbnail","6":"product_cat-taktilno-razlikovanje","8":"first","9":"instock","10":"taxable","11":"shipping-taxable","12":"purchasable","13":"product-type-simple"},"jetpack_sharing_enabled":true,"_links":{"self":[{"href":"https:\/\/senzorika-varga.si\/en\/wp-json\/wp\/v2\/product\/10396","targetHints":{"allow":["GET"]}}],"collection":[{"href":"https:\/\/senzorika-varga.si\/en\/wp-json\/wp\/v2\/product"}],"about":[{"href":"https:\/\/senzorika-varga.si\/en\/wp-json\/wp\/v2\/types\/product"}],"replies":[{"embeddable":true,"href":"https:\/\/senzorika-varga.si\/en\/wp-json\/wp\/v2\/comments?post=10396"}],"version-history":[{"count":1,"href":"https:\/\/senzorika-varga.si\/en\/wp-json\/wp\/v2\/product\/10396\/revisions"}],"predecessor-version":[{"id":10397,"href":"https:\/\/senzorika-varga.si\/en\/wp-json\/wp\/v2\/product\/10396\/revisions\/10397"}],"wp:featuredmedia":[{"embeddable":true,"href":"https:\/\/senzorika-varga.si\/en\/wp-json\/wp\/v2\/media\/12161"}],"wp:attachment":[{"href":"https:\/\/senzorika-varga.si\/en\/wp-json\/wp\/v2\/media?parent=10396"}],"wp:term":[{"taxonomy":"product_brand","embeddable":true,"href":"https:\/\/senzorika-varga.si\/en\/wp-json\/wp\/v2\/product_brand?post=10396"},{"taxonomy":"product_cat","embeddable":true,"href":"https:\/\/senzorika-varga.si\/en\/wp-json\/wp\/v2\/product_cat?post=10396"},{"taxonomy":"product_tag","embeddable":true,"href":"https:\/\/senzorika-varga.si\/en\/wp-json\/wp\/v2\/product_tag?post=10396"}],"curies":[{"name":"wp","href":"https:\/\/api.w.org\/{rel}","templated":true}]}}