{"id":10384,"date":"2025-12-05T22:07:48","date_gmt":"2025-12-05T22:07:48","guid":{"rendered":"https:\/\/senzorika.ajvonidol.si\/?post_type=product&#038;p=10384"},"modified":"2025-12-27T19:41:39","modified_gmt":"2025-12-27T19:41:39","slug":"medo","status":"publish","type":"product","link":"https:\/\/senzorika-varga.si\/en\/product\/medo\/","title":{"rendered":"Medo"},"content":{"rendered":"<p>Senzorni klovn v obliki hru\u0161ke je barvita vre\u010da za sedenje, izdelana iz PVC tkanine brez ftalatov, odporne proti obrabi. Napolnjena je s polistirenskimi granulami in se prilega telesu, kar zagotavlja udobje in fleksibilnost. Zaradi svoje edinstvene, ergonomske zasnove vre\u010da za sedenje slu\u017ei kot odli\u010den pripomo\u010dek za sprostitev, saj spodbuja sprostitev in udoben po\u010ditek v razli\u010dnih polo\u017eajih. Pomaga zmanj\u0161ati napetost in je idealna re\u0161itev za ustvarjanje izobra\u017eevalnih in terapevtskih okolij.<\/p>\n<p>Trpe\u017ena prevleka, odporna proti po\u0161kodbam, zagotavlja, da je vre\u010da za sedenje odli\u010dna za vsakodnevno uporabo. Prevleka z zadrgo omogo\u010da enostavno \u010di\u0161\u010denje in polnjenje, kar uporabnikom omogo\u010da, da prilagodijo trdoto sede\u017ea individualnim potrebam, vklju\u010dno s tistimi s posebnimi zahtevami glede udobja. Ker polistirenske granule s\u010dasoma naravno izgubljajo volumen, je mogo\u010de kupiti dodatno polnilo (NS1585), da se ohrani optimalno udobje.<\/p>\n<p>Dimenzije: 70 x 100 cm.<\/p>","protected":false},"excerpt":{"rendered":"<p>Senzorni klovn v obliki hru\u0161ke je barvita vre\u010da za sedenje, izdelana iz PVC tkanine brez ftalatov, odporne proti obrabi. Napolnjena je s polistirenskimi granulami in se prilega telesu, kar zagotavlja udobje in fleksibilnost. Zaradi svoje edinstvene, ergonomske zasnove vre\u010da za sedenje slu\u017ei kot odli\u010den pripomo\u010dek za sprostitev, saj spodbuja sprostitev in udoben po\u010ditek v razli\u010dnih polo\u017eajih. Pomaga zmanj\u0161ati napetost in je idealna re\u0161itev za ustvarjanje izobra\u017eevalnih in terapevtskih okolij.<\/p>\n<p>Trpe\u017ena prevleka, odporna proti po\u0161kodbam, zagotavlja, da je vre\u010da za sedenje odli\u010dna za vsakodnevno uporabo. Prevleka z zadrgo omogo\u010da enostavno \u010di\u0161\u010denje in polnjenje, kar uporabnikom omogo\u010da, da prilagodijo trdoto sede\u017ea individualnim potrebam, vklju\u010dno s tistimi s posebnimi zahtevami glede udobja. Ker polistirenske granule s\u010dasoma naravno izgubljajo volumen, je mogo\u010de kupiti dodatno polnilo (NS1585), da se ohrani optimalno udobje.<\/p>\n<p>Dimenzije: 70 x 100 cm.<\/p>","protected":false},"featured_media":12151,"menu_order":0,"comment_status":"open","ping_status":"closed","template":"","meta":[],"product_brand":[],"product_cat":[130,125],"product_tag":[],"class_list":{"0":"post-10384","1":"product","2":"type-product","3":"status-publish","4":"has-post-thumbnail","6":"product_cat-mehki-predmeti","7":"product_cat-snoezelen","9":"first","10":"instock","11":"taxable","12":"shipping-taxable","13":"purchasable","14":"product-type-simple"},"jetpack_sharing_enabled":true,"_links":{"self":[{"href":"https:\/\/senzorika-varga.si\/en\/wp-json\/wp\/v2\/product\/10384","targetHints":{"allow":["GET"]}}],"collection":[{"href":"https:\/\/senzorika-varga.si\/en\/wp-json\/wp\/v2\/product"}],"about":[{"href":"https:\/\/senzorika-varga.si\/en\/wp-json\/wp\/v2\/types\/product"}],"replies":[{"embeddable":true,"href":"https:\/\/senzorika-varga.si\/en\/wp-json\/wp\/v2\/comments?post=10384"}],"version-history":[{"count":1,"href":"https:\/\/senzorika-varga.si\/en\/wp-json\/wp\/v2\/product\/10384\/revisions"}],"predecessor-version":[{"id":10385,"href":"https:\/\/senzorika-varga.si\/en\/wp-json\/wp\/v2\/product\/10384\/revisions\/10385"}],"wp:featuredmedia":[{"embeddable":true,"href":"https:\/\/senzorika-varga.si\/en\/wp-json\/wp\/v2\/media\/12151"}],"wp:attachment":[{"href":"https:\/\/senzorika-varga.si\/en\/wp-json\/wp\/v2\/media?parent=10384"}],"wp:term":[{"taxonomy":"product_brand","embeddable":true,"href":"https:\/\/senzorika-varga.si\/en\/wp-json\/wp\/v2\/product_brand?post=10384"},{"taxonomy":"product_cat","embeddable":true,"href":"https:\/\/senzorika-varga.si\/en\/wp-json\/wp\/v2\/product_cat?post=10384"},{"taxonomy":"product_tag","embeddable":true,"href":"https:\/\/senzorika-varga.si\/en\/wp-json\/wp\/v2\/product_tag?post=10384"}],"curies":[{"name":"wp","href":"https:\/\/api.w.org\/{rel}","templated":true}]}}