{"id":10354,"date":"2025-12-05T22:07:45","date_gmt":"2025-12-05T22:07:45","guid":{"rendered":"https:\/\/senzorika.ajvonidol.si\/?post_type=product&#038;p=10354"},"modified":"2025-12-27T19:41:35","modified_gmt":"2025-12-27T19:41:35","slug":"velika-sivo-bela-hruska","status":"publish","type":"product","link":"https:\/\/senzorika-varga.si\/en\/product\/velika-sivo-bela-hruska\/","title":{"rendered":"Velika sivo-bela hru\u0161ka, sedalna vre\u010da"},"content":{"rendered":"<p>Velika belo-siva hru\u0161ka je sede\u017ena vre\u010da, izdelana iz PVC tkanine brez ftalatov, odporne proti obrabi, polnjena z granulami stiropora, ki se prilagajajo obliki telesa in zagotavljajo udobje ter fleksibilnost. Zaradi svoje edinstvene ergonomske oblike je vre\u010da za sedenje odli\u010den element za sprostitev, ki podpira sprostitev in udobno po\u010ditek v razli\u010dnih polo\u017eajih. Pomaga zmanj\u0161ati napetost, zaradi \u010desar je idealna re\u0161itev tako za izobra\u017eevalne kot terapevtske prostore.<\/p>\n<p>Trpe\u017ena prevleka je odporna na po\u0161kodbe, kar zagotavlja, da vre\u010da za sedenje dobro deluje pri vsakodnevni uporabi. Prevleka z zadrgo omogo\u010da enostavno \u010di\u0161\u010denje in polnjenje, kar omogo\u010da prilagajanje trdote sede\u017ea individualnim potrebam uporabnikov, vklju\u010dno s tistimi s posebnimi zahtevami glede udobja. Granule stiropora s\u010dasoma naravno izgubljajo volumen, zato je za ohranjanje optimalnega udobja mogo\u010de kupiti dodatno polnilo (NS1585).<\/p>\n<p>Dimenzije: 120 x 110 cm, pribli\u017eno 70 cm<\/p>","protected":false},"excerpt":{"rendered":"<p>Velika belo-siva hru\u0161ka je sede\u017ena vre\u010da, izdelana iz PVC tkanine brez ftalatov, odporne proti obrabi, polnjena z granulami stiropora, ki se prilagajajo obliki telesa in zagotavljajo udobje ter fleksibilnost. Zaradi svoje edinstvene ergonomske oblike je vre\u010da za sedenje odli\u010den element za sprostitev, ki podpira sprostitev in udobno po\u010ditek v razli\u010dnih polo\u017eajih. Pomaga zmanj\u0161ati napetost, zaradi \u010desar je idealna re\u0161itev tako za izobra\u017eevalne kot terapevtske prostore.<\/p>\n<p>Trpe\u017ena prevleka je odporna na po\u0161kodbe, kar zagotavlja, da vre\u010da za sedenje dobro deluje pri vsakodnevni uporabi. Prevleka z zadrgo omogo\u010da enostavno \u010di\u0161\u010denje in polnjenje, kar omogo\u010da prilagajanje trdote sede\u017ea individualnim potrebam uporabnikov, vklju\u010dno s tistimi s posebnimi zahtevami glede udobja. Granule stiropora s\u010dasoma naravno izgubljajo volumen, zato je za ohranjanje optimalnega udobja mogo\u010de kupiti dodatno polnilo (NS1585).<\/p>\n<p>Dimenzije: 120 x 110 cm, pribli\u017eno 70 cm<\/p>","protected":false},"featured_media":12134,"menu_order":0,"comment_status":"open","ping_status":"closed","template":"","meta":[],"product_brand":[],"product_cat":[130,125],"product_tag":[],"class_list":{"0":"post-10354","1":"product","2":"type-product","3":"status-publish","4":"has-post-thumbnail","6":"product_cat-mehki-predmeti","7":"product_cat-snoezelen","9":"first","10":"instock","11":"taxable","12":"shipping-taxable","13":"purchasable","14":"product-type-simple"},"jetpack_sharing_enabled":true,"_links":{"self":[{"href":"https:\/\/senzorika-varga.si\/en\/wp-json\/wp\/v2\/product\/10354","targetHints":{"allow":["GET"]}}],"collection":[{"href":"https:\/\/senzorika-varga.si\/en\/wp-json\/wp\/v2\/product"}],"about":[{"href":"https:\/\/senzorika-varga.si\/en\/wp-json\/wp\/v2\/types\/product"}],"replies":[{"embeddable":true,"href":"https:\/\/senzorika-varga.si\/en\/wp-json\/wp\/v2\/comments?post=10354"}],"version-history":[{"count":2,"href":"https:\/\/senzorika-varga.si\/en\/wp-json\/wp\/v2\/product\/10354\/revisions"}],"predecessor-version":[{"id":13034,"href":"https:\/\/senzorika-varga.si\/en\/wp-json\/wp\/v2\/product\/10354\/revisions\/13034"}],"wp:featuredmedia":[{"embeddable":true,"href":"https:\/\/senzorika-varga.si\/en\/wp-json\/wp\/v2\/media\/12134"}],"wp:attachment":[{"href":"https:\/\/senzorika-varga.si\/en\/wp-json\/wp\/v2\/media?parent=10354"}],"wp:term":[{"taxonomy":"product_brand","embeddable":true,"href":"https:\/\/senzorika-varga.si\/en\/wp-json\/wp\/v2\/product_brand?post=10354"},{"taxonomy":"product_cat","embeddable":true,"href":"https:\/\/senzorika-varga.si\/en\/wp-json\/wp\/v2\/product_cat?post=10354"},{"taxonomy":"product_tag","embeddable":true,"href":"https:\/\/senzorika-varga.si\/en\/wp-json\/wp\/v2\/product_tag?post=10354"}],"curies":[{"name":"wp","href":"https:\/\/api.w.org\/{rel}","templated":true}]}}