{"id":10350,"date":"2025-12-05T22:07:45","date_gmt":"2025-12-05T22:07:45","guid":{"rendered":"https:\/\/senzorika.ajvonidol.si\/?post_type=product&#038;p=10350"},"modified":"2025-12-27T19:41:35","modified_gmt":"2025-12-27T19:41:35","slug":"velika-gorcicna-hruska","status":"publish","type":"product","link":"https:\/\/senzorika-varga.si\/en\/product\/velika-gorcicna-hruska\/","title":{"rendered":"Velika gor\u010di\u010dna hru\u0161ka, sedalna vre\u010da"},"content":{"rendered":"<p>Popolnoma se prilagodi obliki telesa in ga je mogo\u010de oblikovati na razli\u010dne na\u010dine. Je izdelek, ki pomaga med vadbo, telesno aktivnostjo, rehabilitacijo in terapevtskimi te\u010daji. Poleg tega se lahko uporablja kot udoben sede\u017e. Zahvaljujo\u010d odli\u010dni kakovosti, ki jo zagotavlja uporaba visokokakovostnega granulata in trpe\u017ene PVC tkanine brez ftalatov, je izdelan iz visokokakovostnega granulata in trpe\u017ene PVC tkanine brez ftalatov. Dimenzije: 110 x 100 cm; te\u017ea: 6 kg; material: PVC tkanina, polnilo: polistirenski granulat<\/p>","protected":false},"excerpt":{"rendered":"<p>Popolnoma se prilagodi obliki telesa in ga je mogo\u010de oblikovati na razli\u010dne na\u010dine. Je izdelek, ki pomaga med vadbo, telesno aktivnostjo, rehabilitacijo in terapevtskimi te\u010daji. Poleg tega se lahko uporablja kot udoben sede\u017e. Zahvaljujo\u010d odli\u010dni kakovosti, ki jo zagotavlja uporaba visokokakovostnega granulata in trpe\u017ene PVC tkanine brez ftalatov, je izdelan iz visokokakovostnega granulata in trpe\u017ene PVC tkanine brez ftalatov. Dimenzije: 110 x 100 cm; te\u017ea: 6 kg; material: PVC tkanina, polnilo: polistirenski granulat<\/p>","protected":false},"featured_media":12132,"menu_order":0,"comment_status":"open","ping_status":"closed","template":"","meta":[],"product_brand":[],"product_cat":[130,125],"product_tag":[],"class_list":{"0":"post-10350","1":"product","2":"type-product","3":"status-publish","4":"has-post-thumbnail","6":"product_cat-mehki-predmeti","7":"product_cat-snoezelen","9":"first","10":"instock","11":"taxable","12":"shipping-taxable","13":"purchasable","14":"product-type-simple"},"jetpack_sharing_enabled":true,"_links":{"self":[{"href":"https:\/\/senzorika-varga.si\/en\/wp-json\/wp\/v2\/product\/10350","targetHints":{"allow":["GET"]}}],"collection":[{"href":"https:\/\/senzorika-varga.si\/en\/wp-json\/wp\/v2\/product"}],"about":[{"href":"https:\/\/senzorika-varga.si\/en\/wp-json\/wp\/v2\/types\/product"}],"replies":[{"embeddable":true,"href":"https:\/\/senzorika-varga.si\/en\/wp-json\/wp\/v2\/comments?post=10350"}],"version-history":[{"count":2,"href":"https:\/\/senzorika-varga.si\/en\/wp-json\/wp\/v2\/product\/10350\/revisions"}],"predecessor-version":[{"id":13032,"href":"https:\/\/senzorika-varga.si\/en\/wp-json\/wp\/v2\/product\/10350\/revisions\/13032"}],"wp:featuredmedia":[{"embeddable":true,"href":"https:\/\/senzorika-varga.si\/en\/wp-json\/wp\/v2\/media\/12132"}],"wp:attachment":[{"href":"https:\/\/senzorika-varga.si\/en\/wp-json\/wp\/v2\/media?parent=10350"}],"wp:term":[{"taxonomy":"product_brand","embeddable":true,"href":"https:\/\/senzorika-varga.si\/en\/wp-json\/wp\/v2\/product_brand?post=10350"},{"taxonomy":"product_cat","embeddable":true,"href":"https:\/\/senzorika-varga.si\/en\/wp-json\/wp\/v2\/product_cat?post=10350"},{"taxonomy":"product_tag","embeddable":true,"href":"https:\/\/senzorika-varga.si\/en\/wp-json\/wp\/v2\/product_tag?post=10350"}],"curies":[{"name":"wp","href":"https:\/\/api.w.org\/{rel}","templated":true}]}}