{"id":10346,"date":"2025-12-05T22:07:44","date_gmt":"2025-12-05T22:07:44","guid":{"rendered":"https:\/\/senzorika.ajvonidol.si\/?post_type=product&#038;p=10346"},"modified":"2025-12-27T19:41:35","modified_gmt":"2025-12-27T19:41:35","slug":"velika-hruska-s-trikotnim-potiskom","status":"publish","type":"product","link":"https:\/\/senzorika-varga.si\/en\/product\/velika-hruska-s-trikotnim-potiskom\/","title":{"rendered":"Velika hru\u0161ka s trikotnim potiskom, sedalna vre\u010da"},"content":{"rendered":"<p>Vre\u010da za sedenje je udobna in funkcionalna re\u0161itev za terapevtske in izobra\u017eevalne ustanove. Zaradi svoje edinstvene oblike in kompaktnih dimenzij se prilagodi telesu in ponuja prijeten prostor za sprostitev in po\u010ditek.<\/p>\n<p>Prevleka, izdelana iz trpe\u017ene poliestrske tkanine Oxford, odporne proti obrabi, zagotavlja dolgo \u017eivljenjsko dobo in enostavno vzdr\u017eevanje. Dodatna lastnost je prevleka z zadrgo, ki omogo\u010da enostavno \u010di\u0161\u010denje in polnjenje polnila ter zagotavlja, da izdelek ostane funkcionalen dlje \u010dasa.<\/p>\n<p>Polnilo: polistirenske granule<\/p>\n<p>Dimenzije: 120 x 110 x 70 cm<\/p>","protected":false},"excerpt":{"rendered":"<p>Vre\u010da za sedenje je udobna in funkcionalna re\u0161itev za terapevtske in izobra\u017eevalne ustanove. Zaradi svoje edinstvene oblike in kompaktnih dimenzij se prilagodi telesu in ponuja prijeten prostor za sprostitev in po\u010ditek.<\/p>\n<p>Prevleka, izdelana iz trpe\u017ene poliestrske tkanine Oxford, odporne proti obrabi, zagotavlja dolgo \u017eivljenjsko dobo in enostavno vzdr\u017eevanje. Dodatna lastnost je prevleka z zadrgo, ki omogo\u010da enostavno \u010di\u0161\u010denje in polnjenje polnila ter zagotavlja, da izdelek ostane funkcionalen dlje \u010dasa.<\/p>\n<p>Polnilo: polistirenske granule<\/p>\n<p>Dimenzije: 120 x 110 x 70 cm<\/p>","protected":false},"featured_media":12129,"menu_order":0,"comment_status":"open","ping_status":"closed","template":"","meta":[],"product_brand":[],"product_cat":[130,125],"product_tag":[],"class_list":{"0":"post-10346","1":"product","2":"type-product","3":"status-publish","4":"has-post-thumbnail","6":"product_cat-mehki-predmeti","7":"product_cat-snoezelen","9":"first","10":"instock","11":"taxable","12":"shipping-taxable","13":"purchasable","14":"product-type-simple"},"jetpack_sharing_enabled":true,"_links":{"self":[{"href":"https:\/\/senzorika-varga.si\/en\/wp-json\/wp\/v2\/product\/10346","targetHints":{"allow":["GET"]}}],"collection":[{"href":"https:\/\/senzorika-varga.si\/en\/wp-json\/wp\/v2\/product"}],"about":[{"href":"https:\/\/senzorika-varga.si\/en\/wp-json\/wp\/v2\/types\/product"}],"replies":[{"embeddable":true,"href":"https:\/\/senzorika-varga.si\/en\/wp-json\/wp\/v2\/comments?post=10346"}],"version-history":[{"count":2,"href":"https:\/\/senzorika-varga.si\/en\/wp-json\/wp\/v2\/product\/10346\/revisions"}],"predecessor-version":[{"id":13030,"href":"https:\/\/senzorika-varga.si\/en\/wp-json\/wp\/v2\/product\/10346\/revisions\/13030"}],"wp:featuredmedia":[{"embeddable":true,"href":"https:\/\/senzorika-varga.si\/en\/wp-json\/wp\/v2\/media\/12129"}],"wp:attachment":[{"href":"https:\/\/senzorika-varga.si\/en\/wp-json\/wp\/v2\/media?parent=10346"}],"wp:term":[{"taxonomy":"product_brand","embeddable":true,"href":"https:\/\/senzorika-varga.si\/en\/wp-json\/wp\/v2\/product_brand?post=10346"},{"taxonomy":"product_cat","embeddable":true,"href":"https:\/\/senzorika-varga.si\/en\/wp-json\/wp\/v2\/product_cat?post=10346"},{"taxonomy":"product_tag","embeddable":true,"href":"https:\/\/senzorika-varga.si\/en\/wp-json\/wp\/v2\/product_tag?post=10346"}],"curies":[{"name":"wp","href":"https:\/\/api.w.org\/{rel}","templated":true}]}}