{"id":10332,"date":"2025-12-05T22:07:42","date_gmt":"2025-12-05T22:07:42","guid":{"rendered":"https:\/\/senzorika.ajvonidol.si\/?post_type=product&#038;p=10332"},"modified":"2025-12-27T19:41:31","modified_gmt":"2025-12-27T19:41:31","slug":"rumena-osvetljena-talna-plosca","status":"publish","type":"product","link":"https:\/\/senzorika-varga.si\/en\/product\/rumena-osvetljena-talna-plosca\/","title":{"rendered":"Rumena osvetljena talna plo\u0161\u010da"},"content":{"rendered":"<p>Velika, ravna, osvetljena talna plo\u0161\u010da, napolnjena z dvobarvno oljnato teko\u010dino. Teko\u010dina ustvarja neverjetne in o\u010darljive u\u010dinke, ko hodite po njej. Nedrse\u010da povr\u0161ina zagotavlja dodatno senzori\u010dno stimulacijo.<\/p>\n<p>Dimenzije: 50 x 50 cm<\/p>\n<p>Material: aluminij, plastika, barvni gel;<\/p>\n<p>Mo\u017eno jo je povezati z drugimi plo\u0161\u010dami;<\/p>\n<p>Zahteva stalno povezavo z elektriko.<\/p>","protected":false},"excerpt":{"rendered":"<p>Velika, ravna, osvetljena talna plo\u0161\u010da, napolnjena z dvobarvno oljnato teko\u010dino. Teko\u010dina ustvarja neverjetne in o\u010darljive u\u010dinke, ko hodite po njej. Nedrse\u010da povr\u0161ina zagotavlja dodatno senzori\u010dno stimulacijo.<\/p>\n<p>Dimenzije: 50 x 50 cm<\/p>\n<p>Material: aluminij, plastika, barvni gel;<\/p>\n<p>Mo\u017eno jo je povezati z drugimi plo\u0161\u010dami;<\/p>\n<p>Zahteva stalno povezavo z elektriko.<\/p>","protected":false},"featured_media":12116,"menu_order":0,"comment_status":"open","ping_status":"closed","template":"","meta":[],"product_brand":[],"product_cat":[125,80,84],"product_tag":[],"class_list":{"0":"post-10332","1":"product","2":"type-product","3":"status-publish","4":"has-post-thumbnail","6":"product_cat-snoezelen","7":"product_cat-taktilni-pripomocki","8":"product_cat-taktilno-razlikovanje","10":"first","11":"instock","12":"taxable","13":"shipping-taxable","14":"purchasable","15":"product-type-simple"},"jetpack_sharing_enabled":true,"_links":{"self":[{"href":"https:\/\/senzorika-varga.si\/en\/wp-json\/wp\/v2\/product\/10332","targetHints":{"allow":["GET"]}}],"collection":[{"href":"https:\/\/senzorika-varga.si\/en\/wp-json\/wp\/v2\/product"}],"about":[{"href":"https:\/\/senzorika-varga.si\/en\/wp-json\/wp\/v2\/types\/product"}],"replies":[{"embeddable":true,"href":"https:\/\/senzorika-varga.si\/en\/wp-json\/wp\/v2\/comments?post=10332"}],"version-history":[{"count":1,"href":"https:\/\/senzorika-varga.si\/en\/wp-json\/wp\/v2\/product\/10332\/revisions"}],"predecessor-version":[{"id":10333,"href":"https:\/\/senzorika-varga.si\/en\/wp-json\/wp\/v2\/product\/10332\/revisions\/10333"}],"wp:featuredmedia":[{"embeddable":true,"href":"https:\/\/senzorika-varga.si\/en\/wp-json\/wp\/v2\/media\/12116"}],"wp:attachment":[{"href":"https:\/\/senzorika-varga.si\/en\/wp-json\/wp\/v2\/media?parent=10332"}],"wp:term":[{"taxonomy":"product_brand","embeddable":true,"href":"https:\/\/senzorika-varga.si\/en\/wp-json\/wp\/v2\/product_brand?post=10332"},{"taxonomy":"product_cat","embeddable":true,"href":"https:\/\/senzorika-varga.si\/en\/wp-json\/wp\/v2\/product_cat?post=10332"},{"taxonomy":"product_tag","embeddable":true,"href":"https:\/\/senzorika-varga.si\/en\/wp-json\/wp\/v2\/product_tag?post=10332"}],"curies":[{"name":"wp","href":"https:\/\/api.w.org\/{rel}","templated":true}]}}