{"id":10330,"date":"2025-12-05T22:07:41","date_gmt":"2025-12-05T22:07:41","guid":{"rendered":"https:\/\/senzorika.ajvonidol.si\/?post_type=product&#038;p=10330"},"modified":"2025-12-27T19:41:31","modified_gmt":"2025-12-27T19:41:31","slug":"lava-kvadratne-teksturirane-senzoricne-plosce","status":"publish","type":"product","link":"https:\/\/senzorika-varga.si\/en\/product\/lava-kvadratne-teksturirane-senzoricne-plosce\/","title":{"rendered":"Lava. Kvadratne teksturirane senzori\u010dne plo\u0161\u010de"},"content":{"rendered":"<p>Lava 3D je komplet \u0161tirih kvadratnih, teksturiranih senzori\u010dnih plo\u0161\u010d, ki ponujajo edinstvene taktilne in vizualne izku\u0161nje. Pod prozornim materialom se pod pritiskom rok ali nog premikajo in me\u0161ajo ve\u010dbarvne oljne snovi. Razli\u010dne barve \u2013 oran\u017ena, modra, zelena in vijoli\u010dna \u2013 ustvarjajo dinami\u010dne vizualne u\u010dinke, ki pritegnejo pozornost in spodbujajo \u010dute.<\/p>\n<p>Vsaka plo\u0161\u010da je zasnovana s 3D teksturirano povr\u0161ino, ki \u0161e dodatno spodbuja dotik in zagotavlja \u0161e intenzivnej\u0161e senzori\u010dne izku\u0161nje. Zahvaljujo\u010d tej teksturi plo\u0161\u010de ne ponujajo le zanimivih vizualnih u\u010dinkov, temve\u010d tudi spodbujajo ob\u010dutek dotika, kar omogo\u010da raziskovanje razli\u010dnih struktur pod prsti.<\/p>\n<p>Izdelek odli\u010dno podpira razvoj senzori\u010dnih, motori\u010dnih in koordinacijskih sposobnosti, zaradi \u010desar je odli\u010dno orodje za izobra\u017eevalne in terapevtske namene, saj omogo\u010da stimulacijo in sprostitev na privla\u010den na\u010din.<\/p>\n<p>Dimenzije ene plo\u0161\u010de: 30 x 30 cm<\/p>\n<p>Starost: 3+<\/p>\n<p>Material: plastika<\/p>","protected":false},"excerpt":{"rendered":"<p>Lava 3D je komplet \u0161tirih kvadratnih, teksturiranih senzori\u010dnih plo\u0161\u010d, ki ponujajo edinstvene taktilne in vizualne izku\u0161nje. Pod prozornim materialom se pod pritiskom rok ali nog premikajo in me\u0161ajo ve\u010dbarvne oljne snovi. Razli\u010dne barve \u2013 oran\u017ena, modra, zelena in vijoli\u010dna \u2013 ustvarjajo dinami\u010dne vizualne u\u010dinke, ki pritegnejo pozornost in spodbujajo \u010dute.<\/p>\n<p>Vsaka plo\u0161\u010da je zasnovana s 3D teksturirano povr\u0161ino, ki \u0161e dodatno spodbuja dotik in zagotavlja \u0161e intenzivnej\u0161e senzori\u010dne izku\u0161nje. Zahvaljujo\u010d tej teksturi plo\u0161\u010de ne ponujajo le zanimivih vizualnih u\u010dinkov, temve\u010d tudi spodbujajo ob\u010dutek dotika, kar omogo\u010da raziskovanje razli\u010dnih struktur pod prsti.<\/p>\n<p>Izdelek odli\u010dno podpira razvoj senzori\u010dnih, motori\u010dnih in koordinacijskih sposobnosti, zaradi \u010desar je odli\u010dno orodje za izobra\u017eevalne in terapevtske namene, saj omogo\u010da stimulacijo in sprostitev na privla\u010den na\u010din.<\/p>\n<p>Dimenzije ene plo\u0161\u010de: 30 x 30 cm<\/p>\n<p>Starost: 3+<\/p>\n<p>Material: plastika<\/p>","protected":false},"featured_media":12113,"menu_order":0,"comment_status":"open","ping_status":"closed","template":"","meta":[],"product_brand":[],"product_cat":[125,80,84],"product_tag":[],"class_list":{"0":"post-10330","1":"product","2":"type-product","3":"status-publish","4":"has-post-thumbnail","6":"product_cat-snoezelen","7":"product_cat-taktilni-pripomocki","8":"product_cat-taktilno-razlikovanje","10":"first","11":"instock","12":"taxable","13":"shipping-taxable","14":"purchasable","15":"product-type-simple"},"jetpack_sharing_enabled":true,"_links":{"self":[{"href":"https:\/\/senzorika-varga.si\/en\/wp-json\/wp\/v2\/product\/10330","targetHints":{"allow":["GET"]}}],"collection":[{"href":"https:\/\/senzorika-varga.si\/en\/wp-json\/wp\/v2\/product"}],"about":[{"href":"https:\/\/senzorika-varga.si\/en\/wp-json\/wp\/v2\/types\/product"}],"replies":[{"embeddable":true,"href":"https:\/\/senzorika-varga.si\/en\/wp-json\/wp\/v2\/comments?post=10330"}],"version-history":[{"count":1,"href":"https:\/\/senzorika-varga.si\/en\/wp-json\/wp\/v2\/product\/10330\/revisions"}],"predecessor-version":[{"id":10331,"href":"https:\/\/senzorika-varga.si\/en\/wp-json\/wp\/v2\/product\/10330\/revisions\/10331"}],"wp:featuredmedia":[{"embeddable":true,"href":"https:\/\/senzorika-varga.si\/en\/wp-json\/wp\/v2\/media\/12113"}],"wp:attachment":[{"href":"https:\/\/senzorika-varga.si\/en\/wp-json\/wp\/v2\/media?parent=10330"}],"wp:term":[{"taxonomy":"product_brand","embeddable":true,"href":"https:\/\/senzorika-varga.si\/en\/wp-json\/wp\/v2\/product_brand?post=10330"},{"taxonomy":"product_cat","embeddable":true,"href":"https:\/\/senzorika-varga.si\/en\/wp-json\/wp\/v2\/product_cat?post=10330"},{"taxonomy":"product_tag","embeddable":true,"href":"https:\/\/senzorika-varga.si\/en\/wp-json\/wp\/v2\/product_tag?post=10330"}],"curies":[{"name":"wp","href":"https:\/\/api.w.org\/{rel}","templated":true}]}}