{"id":10328,"date":"2025-12-05T22:07:41","date_gmt":"2025-12-05T22:07:41","guid":{"rendered":"https:\/\/senzorika.ajvonidol.si\/?post_type=product&#038;p=10328"},"modified":"2025-12-27T19:41:30","modified_gmt":"2025-12-27T19:41:30","slug":"lava-trikotne-gel-senzoricne-plosce","status":"publish","type":"product","link":"https:\/\/senzorika-varga.si\/en\/product\/lava-trikotne-gel-senzoricne-plosce\/","title":{"rendered":"Lava &#8211; trikotne gel senzori\u010dne plo\u0161\u010de"},"content":{"rendered":"<p>Ploske plo\u0161\u010de, napolnjene z dvobarvno teko\u010dino, ki ob pritisku ustvari \u010dudovite vizualne u\u010dinke. Otroci lahko plo\u0161\u010de pritiskajo z rokami, hodijo ali ska\u010dejo po njih in opazujejo \u010darobni u\u010dinek teko\u010dega gela. Nedrse\u010da povr\u0161ina zagotavlja dodatno senzori\u010dno stimulacijo, hkrati pa zagotavlja varnost.<\/p>\n<p>dimenzije: 33 x 33 cm;<\/p>\n<p>material: plastika, barvni gel;<\/p>\n<p>starost: 3+<\/p>","protected":false},"excerpt":{"rendered":"<p>Ploske plo\u0161\u010de, napolnjene z dvobarvno teko\u010dino, ki ob pritisku ustvari \u010dudovite vizualne u\u010dinke. Otroci lahko plo\u0161\u010de pritiskajo z rokami, hodijo ali ska\u010dejo po njih in opazujejo \u010darobni u\u010dinek teko\u010dega gela. Nedrse\u010da povr\u0161ina zagotavlja dodatno senzori\u010dno stimulacijo, hkrati pa zagotavlja varnost.<\/p>\n<p>dimenzije: 33 x 33 cm;<\/p>\n<p>material: plastika, barvni gel;<\/p>\n<p>starost: 3+<\/p>","protected":false},"featured_media":12107,"menu_order":0,"comment_status":"open","ping_status":"closed","template":"","meta":[],"product_brand":[],"product_cat":[125,80,84],"product_tag":[],"class_list":{"0":"post-10328","1":"product","2":"type-product","3":"status-publish","4":"has-post-thumbnail","6":"product_cat-snoezelen","7":"product_cat-taktilni-pripomocki","8":"product_cat-taktilno-razlikovanje","10":"first","11":"instock","12":"taxable","13":"shipping-taxable","14":"purchasable","15":"product-type-simple"},"jetpack_sharing_enabled":true,"_links":{"self":[{"href":"https:\/\/senzorika-varga.si\/en\/wp-json\/wp\/v2\/product\/10328","targetHints":{"allow":["GET"]}}],"collection":[{"href":"https:\/\/senzorika-varga.si\/en\/wp-json\/wp\/v2\/product"}],"about":[{"href":"https:\/\/senzorika-varga.si\/en\/wp-json\/wp\/v2\/types\/product"}],"replies":[{"embeddable":true,"href":"https:\/\/senzorika-varga.si\/en\/wp-json\/wp\/v2\/comments?post=10328"}],"version-history":[{"count":1,"href":"https:\/\/senzorika-varga.si\/en\/wp-json\/wp\/v2\/product\/10328\/revisions"}],"predecessor-version":[{"id":10329,"href":"https:\/\/senzorika-varga.si\/en\/wp-json\/wp\/v2\/product\/10328\/revisions\/10329"}],"wp:featuredmedia":[{"embeddable":true,"href":"https:\/\/senzorika-varga.si\/en\/wp-json\/wp\/v2\/media\/12107"}],"wp:attachment":[{"href":"https:\/\/senzorika-varga.si\/en\/wp-json\/wp\/v2\/media?parent=10328"}],"wp:term":[{"taxonomy":"product_brand","embeddable":true,"href":"https:\/\/senzorika-varga.si\/en\/wp-json\/wp\/v2\/product_brand?post=10328"},{"taxonomy":"product_cat","embeddable":true,"href":"https:\/\/senzorika-varga.si\/en\/wp-json\/wp\/v2\/product_cat?post=10328"},{"taxonomy":"product_tag","embeddable":true,"href":"https:\/\/senzorika-varga.si\/en\/wp-json\/wp\/v2\/product_tag?post=10328"}],"curies":[{"name":"wp","href":"https:\/\/api.w.org\/{rel}","templated":true}]}}