{"id":10312,"date":"2025-12-05T22:07:39","date_gmt":"2025-12-05T22:07:39","guid":{"rendered":"https:\/\/senzorika.ajvonidol.si\/?post_type=product&#038;p=10312"},"modified":"2025-12-27T19:41:23","modified_gmt":"2025-12-27T19:41:23","slug":"tus-iz-opticnih-vlaken","status":"publish","type":"product","link":"https:\/\/senzorika-varga.si\/en\/product\/tus-iz-opticnih-vlaken\/","title":{"rendered":"Tu\u0161 iz opti\u010dnih vlaken"},"content":{"rendered":"<p>Komplet je odli\u010dno orodje za spodbujanje vida. Omogo\u010da vam pridobitev mehke in spro\u0161\u010dujo\u010de osvetlitve za okrasitev prostorov in za uporabo pri terapiji ljudi s senzori\u010dnimi motnjami. Svetloba v vlaknih se enakomerno porazdeli po celotni dol\u017eini. Snop vseh vlaken je speljan do posebnega priklju\u010dka &#8211; konektorja, ki ga je enostavno priklju\u010diti na vir svetlobe &#8211; generator. Vrsta svetlobe, njeni u\u010dinki in spreminjanje barv se izvajajo z daljinskim upravljalnikom. Komplet ne vklju\u010duje pritrdilnih elementov.<\/p>\n<p>Specifikacija izdelka:<br \/>\n\u2022 snop vsebuje 300 kosov opti\u010dnih vlaken<br \/>\n\u2022 dol\u017eina opti\u010dnega vlakna: 2 m<br \/>\n\u2022 premer opti\u010dnega vlakna: 0,75 mm<br \/>\n\u2022 generator svetlobe: 16 W, AC 100 &#8211; 265 V, dimenzije: 12,2 x 8,8 x 3,8 cm<br \/>\n\u2022 frekvenca: 50 Hz &#8211; 60 Hz<br \/>\n\u2022 daljinski upravljalnik s funkcijami: mo\u017enost vklopa\/izklopa, izbira ene od osmih barv, premor, sprememba svetlosti, sprememba barve, nadzor hitrosti utripanja, svetlobni u\u010dinki (samodejni, 3-barvna stopenjska sprememba, 7-barvni stopenjski sprememba, 3-barvna stopenjska sprememba, gladka sprememba 7 barv, bliskavica)<br \/>\n\u2022 napajalni kabel<br \/>\n\u2022 navodila.<\/p>","protected":false},"excerpt":{"rendered":"<p>Komplet je odli\u010dno orodje za spodbujanje vida. Omogo\u010da vam pridobitev mehke in spro\u0161\u010dujo\u010de osvetlitve za okrasitev prostorov in za uporabo pri terapiji ljudi s senzori\u010dnimi motnjami. Svetloba v vlaknih se enakomerno porazdeli po celotni dol\u017eini. Snop vseh vlaken je speljan do posebnega priklju\u010dka &#8211; konektorja, ki ga je enostavno priklju\u010diti na vir svetlobe &#8211; generator. Vrsta svetlobe, njeni u\u010dinki in spreminjanje barv se izvajajo z daljinskim upravljalnikom. Komplet ne vklju\u010duje pritrdilnih elementov.<\/p>\n<p>Specifikacija izdelka:<br \/>\n\u2022 snop vsebuje 300 kosov opti\u010dnih vlaken<br \/>\n\u2022 dol\u017eina opti\u010dnega vlakna: 2 m<br \/>\n\u2022 premer opti\u010dnega vlakna: 0,75 mm<br \/>\n\u2022 generator svetlobe: 16 W, AC 100 &#8211; 265 V, dimenzije: 12,2 x 8,8 x 3,8 cm<br \/>\n\u2022 frekvenca: 50 Hz &#8211; 60 Hz<br \/>\n\u2022 daljinski upravljalnik s funkcijami: mo\u017enost vklopa\/izklopa, izbira ene od osmih barv, premor, sprememba svetlosti, sprememba barve, nadzor hitrosti utripanja, svetlobni u\u010dinki (samodejni, 3-barvna stopenjska sprememba, 7-barvni stopenjski sprememba, 3-barvna stopenjska sprememba, gladka sprememba 7 barv, bliskavica)<br \/>\n\u2022 napajalni kabel<br \/>\n\u2022 navodila.<\/p>","protected":false},"featured_media":12075,"menu_order":0,"comment_status":"open","ping_status":"closed","template":"","meta":[],"product_brand":[],"product_cat":[70,127,125],"product_tag":[],"class_list":{"0":"post-10312","1":"product","2":"type-product","3":"status-publish","4":"has-post-thumbnail","6":"product_cat-gledanje","7":"product_cat-opticna-vlakna","8":"product_cat-snoezelen","10":"first","11":"instock","12":"taxable","13":"shipping-taxable","14":"purchasable","15":"product-type-simple"},"jetpack_sharing_enabled":true,"_links":{"self":[{"href":"https:\/\/senzorika-varga.si\/en\/wp-json\/wp\/v2\/product\/10312","targetHints":{"allow":["GET"]}}],"collection":[{"href":"https:\/\/senzorika-varga.si\/en\/wp-json\/wp\/v2\/product"}],"about":[{"href":"https:\/\/senzorika-varga.si\/en\/wp-json\/wp\/v2\/types\/product"}],"replies":[{"embeddable":true,"href":"https:\/\/senzorika-varga.si\/en\/wp-json\/wp\/v2\/comments?post=10312"}],"version-history":[{"count":1,"href":"https:\/\/senzorika-varga.si\/en\/wp-json\/wp\/v2\/product\/10312\/revisions"}],"predecessor-version":[{"id":10313,"href":"https:\/\/senzorika-varga.si\/en\/wp-json\/wp\/v2\/product\/10312\/revisions\/10313"}],"wp:featuredmedia":[{"embeddable":true,"href":"https:\/\/senzorika-varga.si\/en\/wp-json\/wp\/v2\/media\/12075"}],"wp:attachment":[{"href":"https:\/\/senzorika-varga.si\/en\/wp-json\/wp\/v2\/media?parent=10312"}],"wp:term":[{"taxonomy":"product_brand","embeddable":true,"href":"https:\/\/senzorika-varga.si\/en\/wp-json\/wp\/v2\/product_brand?post=10312"},{"taxonomy":"product_cat","embeddable":true,"href":"https:\/\/senzorika-varga.si\/en\/wp-json\/wp\/v2\/product_cat?post=10312"},{"taxonomy":"product_tag","embeddable":true,"href":"https:\/\/senzorika-varga.si\/en\/wp-json\/wp\/v2\/product_tag?post=10312"}],"curies":[{"name":"wp","href":"https:\/\/api.w.org\/{rel}","templated":true}]}}