{"id":10306,"date":"2025-12-05T22:07:39","date_gmt":"2025-12-05T22:07:39","guid":{"rendered":"https:\/\/senzorika.ajvonidol.si\/?post_type=product&#038;p=10306"},"modified":"2025-12-27T19:41:22","modified_gmt":"2025-12-27T19:41:22","slug":"drevo-iz-opticnih-vlaken","status":"publish","type":"product","link":"https:\/\/senzorika-varga.si\/en\/product\/drevo-iz-opticnih-vlaken\/","title":{"rendered":"Drevo iz opti\u010dnih vlaken"},"content":{"rendered":"<p>LED opti\u010dna lu\u010d ustvarja pomirjujo\u010de in spro\u0161\u010dujo\u010de vzdu\u0161je. Je odli\u010dna kot dekoracija prostora ali kot pripomo\u010dek pri terapiji ljudi s senzori\u010dnimi motnjami. Kristali, ki so name\u0161\u010deni v podstavku, izbolj\u0161ujejo vidne ob\u010dutke. Komplet vsebuje daljinski upravljalnik za spreminjanje barv lu\u010di. Dimenzije: 8 x 8 x 33 cm; material: ABS; napajanje: 3 x AAA baterije (niso prilo\u017eene); starost: 3+<\/p>","protected":false},"excerpt":{"rendered":"<p>LED opti\u010dna lu\u010d ustvarja pomirjujo\u010de in spro\u0161\u010dujo\u010de vzdu\u0161je. Je odli\u010dna kot dekoracija prostora ali kot pripomo\u010dek pri terapiji ljudi s senzori\u010dnimi motnjami. Kristali, ki so name\u0161\u010deni v podstavku, izbolj\u0161ujejo vidne ob\u010dutke. Komplet vsebuje daljinski upravljalnik za spreminjanje barv lu\u010di. Dimenzije: 8 x 8 x 33 cm; material: ABS; napajanje: 3 x AAA baterije (niso prilo\u017eene); starost: 3+<\/p>","protected":false},"featured_media":12068,"menu_order":0,"comment_status":"open","ping_status":"closed","template":"","meta":[],"product_brand":[],"product_cat":[70,127,125],"product_tag":[],"class_list":{"0":"post-10306","1":"product","2":"type-product","3":"status-publish","4":"has-post-thumbnail","6":"product_cat-gledanje","7":"product_cat-opticna-vlakna","8":"product_cat-snoezelen","10":"first","11":"instock","12":"taxable","13":"shipping-taxable","14":"purchasable","15":"product-type-simple"},"jetpack_sharing_enabled":true,"_links":{"self":[{"href":"https:\/\/senzorika-varga.si\/en\/wp-json\/wp\/v2\/product\/10306","targetHints":{"allow":["GET"]}}],"collection":[{"href":"https:\/\/senzorika-varga.si\/en\/wp-json\/wp\/v2\/product"}],"about":[{"href":"https:\/\/senzorika-varga.si\/en\/wp-json\/wp\/v2\/types\/product"}],"replies":[{"embeddable":true,"href":"https:\/\/senzorika-varga.si\/en\/wp-json\/wp\/v2\/comments?post=10306"}],"version-history":[{"count":1,"href":"https:\/\/senzorika-varga.si\/en\/wp-json\/wp\/v2\/product\/10306\/revisions"}],"predecessor-version":[{"id":10307,"href":"https:\/\/senzorika-varga.si\/en\/wp-json\/wp\/v2\/product\/10306\/revisions\/10307"}],"wp:featuredmedia":[{"embeddable":true,"href":"https:\/\/senzorika-varga.si\/en\/wp-json\/wp\/v2\/media\/12068"}],"wp:attachment":[{"href":"https:\/\/senzorika-varga.si\/en\/wp-json\/wp\/v2\/media?parent=10306"}],"wp:term":[{"taxonomy":"product_brand","embeddable":true,"href":"https:\/\/senzorika-varga.si\/en\/wp-json\/wp\/v2\/product_brand?post=10306"},{"taxonomy":"product_cat","embeddable":true,"href":"https:\/\/senzorika-varga.si\/en\/wp-json\/wp\/v2\/product_cat?post=10306"},{"taxonomy":"product_tag","embeddable":true,"href":"https:\/\/senzorika-varga.si\/en\/wp-json\/wp\/v2\/product_tag?post=10306"}],"curies":[{"name":"wp","href":"https:\/\/api.w.org\/{rel}","templated":true}]}}