{"id":10280,"date":"2025-12-05T22:07:36","date_gmt":"2025-12-05T22:07:36","guid":{"rendered":"https:\/\/senzorika.ajvonidol.si\/?post_type=product&#038;p=10280"},"modified":"2025-12-27T19:41:15","modified_gmt":"2025-12-27T19:41:15","slug":"kotna-blazina-lula-bela-kvadratna-blazina","status":"publish","type":"product","link":"https:\/\/senzorika-varga.si\/en\/product\/kotna-blazina-lula-bela-kvadratna-blazina\/","title":{"rendered":"Kotna blazina Lula \u2013 bela kvadratna blazina"},"content":{"rendered":"<p>Kvadratna blazina v beli barvi iz serije Lula je idealen dodatek, ki zdru\u017euje estetiko s funkcionalnostjo. Prevleka iz PVC tkanine brez ftalatov, odporne proti obrabi, zagotavlja vzdr\u017eljivost in enostavno \u010di\u0161\u010denje. Polnilo iz penastih granul zagotavlja ustrezno udobje in oporo, zaradi \u010desar je odli\u010den kos za sprostitev. Zaradi svoje majhnosti je blazina enostavna za prena\u0161anje in se lahko uporablja v razli\u010dnih konfiguracijah, kar ustvarja prijeten prostor za po\u010ditek.<\/p>\n<p>Dimenzije: 120 x 120 x 30 cm.&#8221;<\/p>","protected":false},"excerpt":{"rendered":"<p>Kvadratna blazina v beli barvi iz serije Lula je idealen dodatek, ki zdru\u017euje estetiko s funkcionalnostjo. Prevleka iz PVC tkanine brez ftalatov, odporne proti obrabi, zagotavlja vzdr\u017eljivost in enostavno \u010di\u0161\u010denje. Polnilo iz penastih granul zagotavlja ustrezno udobje in oporo, zaradi \u010desar je odli\u010den kos za sprostitev. Zaradi svoje majhnosti je blazina enostavna za prena\u0161anje in se lahko uporablja v razli\u010dnih konfiguracijah, kar ustvarja prijeten prostor za po\u010ditek.<\/p>\n<p>Dimenzije: 120 x 120 x 30 cm.&#8221;<\/p>","protected":false},"featured_media":12037,"menu_order":0,"comment_status":"open","ping_status":"closed","template":"","meta":[],"product_brand":[],"product_cat":[130],"product_tag":[],"class_list":{"0":"post-10280","1":"product","2":"type-product","3":"status-publish","4":"has-post-thumbnail","6":"product_cat-mehki-predmeti","8":"first","9":"instock","10":"taxable","11":"shipping-taxable","12":"purchasable","13":"product-type-simple"},"jetpack_sharing_enabled":true,"_links":{"self":[{"href":"https:\/\/senzorika-varga.si\/en\/wp-json\/wp\/v2\/product\/10280","targetHints":{"allow":["GET"]}}],"collection":[{"href":"https:\/\/senzorika-varga.si\/en\/wp-json\/wp\/v2\/product"}],"about":[{"href":"https:\/\/senzorika-varga.si\/en\/wp-json\/wp\/v2\/types\/product"}],"replies":[{"embeddable":true,"href":"https:\/\/senzorika-varga.si\/en\/wp-json\/wp\/v2\/comments?post=10280"}],"version-history":[{"count":1,"href":"https:\/\/senzorika-varga.si\/en\/wp-json\/wp\/v2\/product\/10280\/revisions"}],"predecessor-version":[{"id":10281,"href":"https:\/\/senzorika-varga.si\/en\/wp-json\/wp\/v2\/product\/10280\/revisions\/10281"}],"wp:featuredmedia":[{"embeddable":true,"href":"https:\/\/senzorika-varga.si\/en\/wp-json\/wp\/v2\/media\/12037"}],"wp:attachment":[{"href":"https:\/\/senzorika-varga.si\/en\/wp-json\/wp\/v2\/media?parent=10280"}],"wp:term":[{"taxonomy":"product_brand","embeddable":true,"href":"https:\/\/senzorika-varga.si\/en\/wp-json\/wp\/v2\/product_brand?post=10280"},{"taxonomy":"product_cat","embeddable":true,"href":"https:\/\/senzorika-varga.si\/en\/wp-json\/wp\/v2\/product_cat?post=10280"},{"taxonomy":"product_tag","embeddable":true,"href":"https:\/\/senzorika-varga.si\/en\/wp-json\/wp\/v2\/product_tag?post=10280"}],"curies":[{"name":"wp","href":"https:\/\/api.w.org\/{rel}","templated":true}]}}