{"id":10278,"date":"2025-12-05T22:07:35","date_gmt":"2025-12-05T22:07:35","guid":{"rendered":"https:\/\/senzorika.ajvonidol.si\/?post_type=product&#038;p=10278"},"modified":"2025-12-27T19:41:15","modified_gmt":"2025-12-27T19:41:15","slug":"bela-multisenzorna-soba-komplet","status":"publish","type":"product","link":"https:\/\/senzorika-varga.si\/en\/product\/bela-multisenzorna-soba-komplet\/","title":{"rendered":"Bela multisenzorna soba \u2013 komplet"},"content":{"rendered":"<p>Modularni komplet elementov za ustvarjanje sobe za izku\u0161nje Beli svet, izdelan iz trpe\u017enih, proti obrabi odpornih PVC tkanin brez ftalatov. Moduli imajo oja\u010dane okvirje iz iverne plo\u0161\u010de, prevle\u010dene z visoko elasti\u010dno poliuretansko peno, kar zagotavlja stabilnost in udobje. Platforma je opremljena s \u0161tirimi 10 cm visokimi plasti\u010dnimi nogami, ki konstrukciji dodajo vzdr\u017eljivost in zagotavljajo varno uporabo.<\/p>\n<p>Uporaba bele barve, zna\u010dilne za sobe za izku\u0161nje Beli svet, spodbuja mir in sprostitev ter omejuje prekomerne vizualne dra\u017eljaje. Svetle povr\u0161ine zagotavljajo odli\u010dno ozadje za ne\u017ene projekcije barvite svetlobe, ki jo ustvarjajo specializirane naprave, kot so svetlobne igra\u010de, cevi in \u200b\u200bprojektorji. Komplet ustvarja prostor, primeren tako za telesne dejavnosti kot za tihe seje senzori\u010dne integracije in sprostitve. Velika ogledala v okolici naredijo sobo tudi prijazen kraj za logopedske vaje, ki podpirajo multisenzorno stimulacijo in koncentracijo.<\/p>\n<p>Komplet vklju\u010duje:<\/p>\n<p>NS3191 \u2013 Modul z nizko platformo, Soba za izku\u0161nje Beli svet<\/p>\n<p>NS3192 \u2013 Modul z visoko platformo, Soba za izku\u0161nje Beli svet<\/p>\n<p>NS3193 \u2013 Modul z nizko kvadratno vzmetnico, Soba za izku\u0161nje Beli svet<\/p>\n<p>NS3194 \u2013 Modul z visoko kvadratno vzmetnico, Soba za izku\u0161nje Beli svet soba<\/p>\n<p>NS3195 \u2013 Modul z nizkim kotnim vzmetnico, soba z izku\u0161njami Beli svet<\/p>\n<p>NS3196 \u2013 Modul z visokim kotnim vzmetnico, soba z izku\u0161njami Beli svet<\/p>\n<p>NS3197 \u2013 Modul z zrcalnim panelom, soba z izku\u0161njami Beli svet<\/p>","protected":false},"excerpt":{"rendered":"<p>Modularni komplet elementov za ustvarjanje sobe za izku\u0161nje Beli svet, izdelan iz trpe\u017enih, proti obrabi odpornih PVC tkanin brez ftalatov. Moduli imajo oja\u010dane okvirje iz iverne plo\u0161\u010de, prevle\u010dene z visoko elasti\u010dno poliuretansko peno, kar zagotavlja stabilnost in udobje. Platforma je opremljena s \u0161tirimi 10 cm visokimi plasti\u010dnimi nogami, ki konstrukciji dodajo vzdr\u017eljivost in zagotavljajo varno uporabo.<\/p>\n<p>Uporaba bele barve, zna\u010dilne za sobe za izku\u0161nje Beli svet, spodbuja mir in sprostitev ter omejuje prekomerne vizualne dra\u017eljaje. Svetle povr\u0161ine zagotavljajo odli\u010dno ozadje za ne\u017ene projekcije barvite svetlobe, ki jo ustvarjajo specializirane naprave, kot so svetlobne igra\u010de, cevi in \u200b\u200bprojektorji. Komplet ustvarja prostor, primeren tako za telesne dejavnosti kot za tihe seje senzori\u010dne integracije in sprostitve. Velika ogledala v okolici naredijo sobo tudi prijazen kraj za logopedske vaje, ki podpirajo multisenzorno stimulacijo in koncentracijo.<\/p>\n<p>Komplet vklju\u010duje:<\/p>\n<p>NS3191 \u2013 Modul z nizko platformo, Soba za izku\u0161nje Beli svet<\/p>\n<p>NS3192 \u2013 Modul z visoko platformo, Soba za izku\u0161nje Beli svet<\/p>\n<p>NS3193 \u2013 Modul z nizko kvadratno vzmetnico, Soba za izku\u0161nje Beli svet<\/p>\n<p>NS3194 \u2013 Modul z visoko kvadratno vzmetnico, Soba za izku\u0161nje Beli svet soba<\/p>\n<p>NS3195 \u2013 Modul z nizkim kotnim vzmetnico, soba z izku\u0161njami Beli svet<\/p>\n<p>NS3196 \u2013 Modul z visokim kotnim vzmetnico, soba z izku\u0161njami Beli svet<\/p>\n<p>NS3197 \u2013 Modul z zrcalnim panelom, soba z izku\u0161njami Beli svet<\/p>","protected":false},"featured_media":12031,"menu_order":0,"comment_status":"open","ping_status":"closed","template":"","meta":[],"product_brand":[],"product_cat":[130],"product_tag":[],"class_list":{"0":"post-10278","1":"product","2":"type-product","3":"status-publish","4":"has-post-thumbnail","6":"product_cat-mehki-predmeti","8":"first","9":"instock","10":"taxable","11":"shipping-taxable","12":"purchasable","13":"product-type-simple"},"jetpack_sharing_enabled":true,"_links":{"self":[{"href":"https:\/\/senzorika-varga.si\/en\/wp-json\/wp\/v2\/product\/10278","targetHints":{"allow":["GET"]}}],"collection":[{"href":"https:\/\/senzorika-varga.si\/en\/wp-json\/wp\/v2\/product"}],"about":[{"href":"https:\/\/senzorika-varga.si\/en\/wp-json\/wp\/v2\/types\/product"}],"replies":[{"embeddable":true,"href":"https:\/\/senzorika-varga.si\/en\/wp-json\/wp\/v2\/comments?post=10278"}],"version-history":[{"count":1,"href":"https:\/\/senzorika-varga.si\/en\/wp-json\/wp\/v2\/product\/10278\/revisions"}],"predecessor-version":[{"id":10279,"href":"https:\/\/senzorika-varga.si\/en\/wp-json\/wp\/v2\/product\/10278\/revisions\/10279"}],"wp:featuredmedia":[{"embeddable":true,"href":"https:\/\/senzorika-varga.si\/en\/wp-json\/wp\/v2\/media\/12031"}],"wp:attachment":[{"href":"https:\/\/senzorika-varga.si\/en\/wp-json\/wp\/v2\/media?parent=10278"}],"wp:term":[{"taxonomy":"product_brand","embeddable":true,"href":"https:\/\/senzorika-varga.si\/en\/wp-json\/wp\/v2\/product_brand?post=10278"},{"taxonomy":"product_cat","embeddable":true,"href":"https:\/\/senzorika-varga.si\/en\/wp-json\/wp\/v2\/product_cat?post=10278"},{"taxonomy":"product_tag","embeddable":true,"href":"https:\/\/senzorika-varga.si\/en\/wp-json\/wp\/v2\/product_tag?post=10278"}],"curies":[{"name":"wp","href":"https:\/\/api.w.org\/{rel}","templated":true}]}}