{"id":10272,"date":"2025-12-05T22:07:35","date_gmt":"2025-12-05T22:07:35","guid":{"rendered":"https:\/\/senzorika.ajvonidol.si\/?post_type=product&#038;p=10272"},"modified":"2025-12-27T19:41:15","modified_gmt":"2025-12-27T19:41:15","slug":"bela-multisenzorna-soba-zrcalna-stena","status":"publish","type":"product","link":"https:\/\/senzorika-varga.si\/en\/product\/bela-multisenzorna-soba-zrcalna-stena\/","title":{"rendered":"Bela multisenzorna soba \u2013 zrcalna stena"},"content":{"rendered":"<p>Velika stenska zrcalna plo\u0161\u010da je izdelana iz pleksi stekla, kar zagotavlja lahkotnost in vzdr\u017eljivost. Lahko se obesi posamezno ali v ve\u010d kosih, da se ustvari zrcalni koti\u010dek, ki tvori prijazen in udoben prostor za dejavnosti senzori\u010dne integracije. Tak\u0161na organizacija prostora spodbuja uporabo razli\u010dnih pripomo\u010dkov, vklju\u010dno s svetlobnimi igra\u010dami, in omogo\u010da logopedske vaje, ki podpirajo komunikacijo in razvoj medosebnih ve\u0161\u010din.<\/p>\n<p>Dimenzije: 70 x 100 cm. Plo\u0161\u010da je opremljena z luknjami za pritrditev na steno, kar olaj\u0161a namestitev.<\/p>","protected":false},"excerpt":{"rendered":"<p>Velika stenska zrcalna plo\u0161\u010da je izdelana iz pleksi stekla, kar zagotavlja lahkotnost in vzdr\u017eljivost. Lahko se obesi posamezno ali v ve\u010d kosih, da se ustvari zrcalni koti\u010dek, ki tvori prijazen in udoben prostor za dejavnosti senzori\u010dne integracije. Tak\u0161na organizacija prostora spodbuja uporabo razli\u010dnih pripomo\u010dkov, vklju\u010dno s svetlobnimi igra\u010dami, in omogo\u010da logopedske vaje, ki podpirajo komunikacijo in razvoj medosebnih ve\u0161\u010din.<\/p>\n<p>Dimenzije: 70 x 100 cm. Plo\u0161\u010da je opremljena z luknjami za pritrditev na steno, kar olaj\u0161a namestitev.<\/p>","protected":false},"featured_media":12022,"menu_order":0,"comment_status":"open","ping_status":"closed","template":"","meta":[],"product_brand":[],"product_cat":[130],"product_tag":[],"class_list":{"0":"post-10272","1":"product","2":"type-product","3":"status-publish","4":"has-post-thumbnail","6":"product_cat-mehki-predmeti","8":"first","9":"instock","10":"taxable","11":"shipping-taxable","12":"purchasable","13":"product-type-simple"},"jetpack_sharing_enabled":true,"_links":{"self":[{"href":"https:\/\/senzorika-varga.si\/en\/wp-json\/wp\/v2\/product\/10272","targetHints":{"allow":["GET"]}}],"collection":[{"href":"https:\/\/senzorika-varga.si\/en\/wp-json\/wp\/v2\/product"}],"about":[{"href":"https:\/\/senzorika-varga.si\/en\/wp-json\/wp\/v2\/types\/product"}],"replies":[{"embeddable":true,"href":"https:\/\/senzorika-varga.si\/en\/wp-json\/wp\/v2\/comments?post=10272"}],"version-history":[{"count":1,"href":"https:\/\/senzorika-varga.si\/en\/wp-json\/wp\/v2\/product\/10272\/revisions"}],"predecessor-version":[{"id":10273,"href":"https:\/\/senzorika-varga.si\/en\/wp-json\/wp\/v2\/product\/10272\/revisions\/10273"}],"wp:featuredmedia":[{"embeddable":true,"href":"https:\/\/senzorika-varga.si\/en\/wp-json\/wp\/v2\/media\/12022"}],"wp:attachment":[{"href":"https:\/\/senzorika-varga.si\/en\/wp-json\/wp\/v2\/media?parent=10272"}],"wp:term":[{"taxonomy":"product_brand","embeddable":true,"href":"https:\/\/senzorika-varga.si\/en\/wp-json\/wp\/v2\/product_brand?post=10272"},{"taxonomy":"product_cat","embeddable":true,"href":"https:\/\/senzorika-varga.si\/en\/wp-json\/wp\/v2\/product_cat?post=10272"},{"taxonomy":"product_tag","embeddable":true,"href":"https:\/\/senzorika-varga.si\/en\/wp-json\/wp\/v2\/product_tag?post=10272"}],"curies":[{"name":"wp","href":"https:\/\/api.w.org\/{rel}","templated":true}]}}